{"id":33902,"date":"2025-06-17T08:37:15","date_gmt":"2025-06-17T06:37:15","guid":{"rendered":"https:\/\/georganics.sk\/research\/the-continuous-flow-synthesis-of-styrenes-using-ethylene-in-a-palladium-catalysed-heck-cross-coupling-reaction\/"},"modified":"2025-07-01T11:00:19","modified_gmt":"2025-07-01T09:00:19","slug":"the-continuous-flow-synthesis-of-styrenes-using-ethylene-in-a-palladium-catalysed-heck-cross-coupling-reaction","status":"publish","type":"page","link":"https:\/\/georganics.sk\/fr\/research\/the-continuous-flow-synthesis-of-styrenes-using-ethylene-in-a-palladium-catalysed-heck-cross-coupling-reaction\/","title":{"rendered":"The Continuous-Flow Synthesis of Styrenes using Ethylene in a Palladium Catalysed Heck Cross-Coupling Reaction."},"content":{"rendered":"<p>Nous d\u00e9crivons une r\u00e9action de Heck <a href=\"https:\/\/georganics.sk\/fr\/special-offers\/palladium-catalysts\/\" target=\"_blank\" rel=\"noopener\"> catalys\u00e9e au palladium <\/a> pour la vinylation d&rsquo;iodures d&rsquo;aryle \u00e0 l&rsquo;aide d&rsquo;un r\u00e9acteur gaz-liquide \u00e0 tubes. Ce proc\u00e9d\u00e9 a permis d&rsquo;obtenir divers styr\u00e8nes avec des temps de r\u00e9action courts, sous une pression d&rsquo;\u00e9thyl\u00e8ne mod\u00e9r\u00e9e.<\/p>\n","protected":false},"excerpt":{"rendered":"<p>Nous d\u00e9crivons une r\u00e9action de Heck catalys\u00e9e au palladium pour la vinylation d&rsquo;iodures d&rsquo;aryle \u00e0 l&rsquo;aide d&rsquo;un r\u00e9acteur gaz-liquide \u00e0 tubes. Ce proc\u00e9d\u00e9 a permis d&rsquo;obtenir divers styr\u00e8nes avec des temps de r\u00e9action courts, sous une pression d&rsquo;\u00e9thyl\u00e8ne mod\u00e9r\u00e9e.<\/p>\n","protected":false},"author":6,"featured_media":0,"parent":18920,"menu_order":0,"comment_status":"closed","ping_status":"closed","template":"template-randpost.php","meta":{"_acf_changed":false,"footnotes":""},"folder":[],"class_list":["post-33902","page","type-page","status-publish","hentry"],"acf":[],"yoast_head":"<!-- This site is optimized with the Yoast SEO Premium plugin v27.5 (Yoast SEO v27.5) - https:\/\/yoast.com\/product\/yoast-seo-premium-wordpress\/ -->\n<title>The Continuous-Flow Synthesis of Styrenes using Ethylene in a Palladium Catalysed Heck Cross-Coupling Reaction. - Georganics<\/title>\n<meta name=\"description\" content=\"Nous rapportons une r\u00e9action de Heck \u00e0 l&#039;\u00e9thyl\u00e8ne catalys\u00e9e au palladium pour la vinylation des iodures d&#039;aryle en utilisant un r\u00e9acteur gaz-liquide tube dans tube.\" \/>\n<meta name=\"robots\" content=\"index, follow, max-snippet:-1, max-image-preview:large, max-video-preview:-1\" \/>\n<link rel=\"canonical\" href=\"https:\/\/georganics.sk\/fr\/research\/the-continuous-flow-synthesis-of-styrenes-using-ethylene-in-a-palladium-catalysed-heck-cross-coupling-reaction\/\" \/>\n<meta property=\"og:locale\" content=\"fr_FR\" \/>\n<meta property=\"og:type\" content=\"article\" \/>\n<meta property=\"og:title\" content=\"The Continuous-Flow Synthesis of Styrenes using Ethylene in a Palladium Catalysed Heck Cross-Coupling Reaction.\" \/>\n<meta property=\"og:description\" content=\"Nous rapportons une r\u00e9action de Heck \u00e0 l&#039;\u00e9thyl\u00e8ne catalys\u00e9e au palladium pour la vinylation des iodures d&#039;aryle en utilisant un r\u00e9acteur gaz-liquide tube dans tube.\" \/>\n<meta property=\"og:url\" content=\"https:\/\/georganics.sk\/fr\/research\/the-continuous-flow-synthesis-of-styrenes-using-ethylene-in-a-palladium-catalysed-heck-cross-coupling-reaction\/\" \/>\n<meta property=\"og:site_name\" content=\"Georganics\" \/>\n<meta property=\"article:modified_time\" content=\"2025-07-01T09:00:19+00:00\" \/>\n<meta name=\"twitter:card\" content=\"summary_large_image\" \/>\n<meta name=\"twitter:label1\" content=\"Dur\u00e9e de lecture estim\u00e9e\" \/>\n\t<meta name=\"twitter:data1\" content=\"1 minute\" \/>\n<script type=\"application\/ld+json\" class=\"yoast-schema-graph\">{\"@context\":\"https:\\\/\\\/schema.org\",\"@graph\":[{\"@type\":\"WebPage\",\"@id\":\"https:\\\/\\\/georganics.sk\\\/fr\\\/research\\\/the-continuous-flow-synthesis-of-styrenes-using-ethylene-in-a-palladium-catalysed-heck-cross-coupling-reaction\\\/\",\"url\":\"https:\\\/\\\/georganics.sk\\\/fr\\\/research\\\/the-continuous-flow-synthesis-of-styrenes-using-ethylene-in-a-palladium-catalysed-heck-cross-coupling-reaction\\\/\",\"name\":\"The Continuous-Flow Synthesis of Styrenes using Ethylene in a Palladium Catalysed Heck Cross-Coupling Reaction. - Georganics\",\"isPartOf\":{\"@id\":\"https:\\\/\\\/georganics.sk\\\/fr\\\/#website\"},\"datePublished\":\"2025-06-17T06:37:15+00:00\",\"dateModified\":\"2025-07-01T09:00:19+00:00\",\"description\":\"Nous rapportons une r\u00e9action de Heck \u00e0 l'\u00e9thyl\u00e8ne catalys\u00e9e au palladium pour la vinylation des iodures d'aryle en utilisant un r\u00e9acteur gaz-liquide tube dans tube.\",\"breadcrumb\":{\"@id\":\"https:\\\/\\\/georganics.sk\\\/fr\\\/research\\\/the-continuous-flow-synthesis-of-styrenes-using-ethylene-in-a-palladium-catalysed-heck-cross-coupling-reaction\\\/#breadcrumb\"},\"inLanguage\":\"fr-FR\",\"potentialAction\":[{\"@type\":\"ReadAction\",\"target\":[\"https:\\\/\\\/georganics.sk\\\/fr\\\/research\\\/the-continuous-flow-synthesis-of-styrenes-using-ethylene-in-a-palladium-catalysed-heck-cross-coupling-reaction\\\/\"]}]},{\"@type\":\"BreadcrumbList\",\"@id\":\"https:\\\/\\\/georganics.sk\\\/fr\\\/research\\\/the-continuous-flow-synthesis-of-styrenes-using-ethylene-in-a-palladium-catalysed-heck-cross-coupling-reaction\\\/#breadcrumb\",\"itemListElement\":[{\"@type\":\"ListItem\",\"position\":1,\"name\":\"Home page\",\"item\":\"https:\\\/\\\/georganics.sk\\\/fr\\\/\"},{\"@type\":\"ListItem\",\"position\":2,\"name\":\"Recherche sur les produits chimiques et la synth\u00e8se personnalis\u00e9e\",\"item\":\"https:\\\/\\\/georganics.sk\\\/fr\\\/research\\\/\"},{\"@type\":\"ListItem\",\"position\":3,\"name\":\"The Continuous-Flow Synthesis of Styrenes using Ethylene in a Palladium Catalysed Heck Cross-Coupling Reaction.\"}]},{\"@type\":\"WebSite\",\"@id\":\"https:\\\/\\\/georganics.sk\\\/fr\\\/#website\",\"url\":\"https:\\\/\\\/georganics.sk\\\/fr\\\/\",\"name\":\"Georganics\",\"description\":\"blog\",\"publisher\":{\"@id\":\"https:\\\/\\\/georganics.sk\\\/fr\\\/#organization\"},\"potentialAction\":[{\"@type\":\"SearchAction\",\"target\":{\"@type\":\"EntryPoint\",\"urlTemplate\":\"https:\\\/\\\/georganics.sk\\\/fr\\\/?s={search_term_string}\"},\"query-input\":{\"@type\":\"PropertyValueSpecification\",\"valueRequired\":true,\"valueName\":\"search_term_string\"}}],\"inLanguage\":\"fr-FR\"},{\"@type\":\"Organization\",\"@id\":\"https:\\\/\\\/georganics.sk\\\/fr\\\/#organization\",\"name\":\"Georganics Ltd.\",\"url\":\"https:\\\/\\\/georganics.sk\\\/fr\\\/\",\"logo\":{\"@type\":\"ImageObject\",\"inLanguage\":\"fr-FR\",\"@id\":\"https:\\\/\\\/georganics.sk\\\/fr\\\/#\\\/schema\\\/logo\\\/image\\\/\",\"url\":\"https:\\\/\\\/georganics.sk\\\/wp-content\\\/uploads\\\/2021\\\/03\\\/georganics-logo.png\",\"contentUrl\":\"https:\\\/\\\/georganics.sk\\\/wp-content\\\/uploads\\\/2021\\\/03\\\/georganics-logo.png\",\"width\":382,\"height\":122,\"caption\":\"Georganics Ltd.\"},\"image\":{\"@id\":\"https:\\\/\\\/georganics.sk\\\/fr\\\/#\\\/schema\\\/logo\\\/image\\\/\"}}]}<\/script>\n<!-- \/ Yoast SEO Premium plugin. -->","yoast_head_json":{"title":"The Continuous-Flow Synthesis of Styrenes using Ethylene in a Palladium Catalysed Heck Cross-Coupling Reaction. - Georganics","description":"Nous rapportons une r\u00e9action de Heck \u00e0 l'\u00e9thyl\u00e8ne catalys\u00e9e au palladium pour la vinylation des iodures d'aryle en utilisant un r\u00e9acteur gaz-liquide tube dans tube.","robots":{"index":"index","follow":"follow","max-snippet":"max-snippet:-1","max-image-preview":"max-image-preview:large","max-video-preview":"max-video-preview:-1"},"canonical":"https:\/\/georganics.sk\/fr\/research\/the-continuous-flow-synthesis-of-styrenes-using-ethylene-in-a-palladium-catalysed-heck-cross-coupling-reaction\/","og_locale":"fr_FR","og_type":"article","og_title":"The Continuous-Flow Synthesis of Styrenes using Ethylene in a Palladium Catalysed Heck Cross-Coupling Reaction.","og_description":"Nous rapportons une r\u00e9action de Heck \u00e0 l'\u00e9thyl\u00e8ne catalys\u00e9e au palladium pour la vinylation des iodures d'aryle en utilisant un r\u00e9acteur gaz-liquide tube dans tube.","og_url":"https:\/\/georganics.sk\/fr\/research\/the-continuous-flow-synthesis-of-styrenes-using-ethylene-in-a-palladium-catalysed-heck-cross-coupling-reaction\/","og_site_name":"Georganics","article_modified_time":"2025-07-01T09:00:19+00:00","twitter_card":"summary_large_image","twitter_misc":{"Dur\u00e9e de lecture estim\u00e9e":"1 minute"},"schema":{"@context":"https:\/\/schema.org","@graph":[{"@type":"WebPage","@id":"https:\/\/georganics.sk\/fr\/research\/the-continuous-flow-synthesis-of-styrenes-using-ethylene-in-a-palladium-catalysed-heck-cross-coupling-reaction\/","url":"https:\/\/georganics.sk\/fr\/research\/the-continuous-flow-synthesis-of-styrenes-using-ethylene-in-a-palladium-catalysed-heck-cross-coupling-reaction\/","name":"The Continuous-Flow Synthesis of Styrenes using Ethylene in a Palladium Catalysed Heck Cross-Coupling Reaction. - Georganics","isPartOf":{"@id":"https:\/\/georganics.sk\/fr\/#website"},"datePublished":"2025-06-17T06:37:15+00:00","dateModified":"2025-07-01T09:00:19+00:00","description":"Nous rapportons une r\u00e9action de Heck \u00e0 l'\u00e9thyl\u00e8ne catalys\u00e9e au palladium pour la vinylation des iodures d'aryle en utilisant un r\u00e9acteur gaz-liquide tube dans tube.","breadcrumb":{"@id":"https:\/\/georganics.sk\/fr\/research\/the-continuous-flow-synthesis-of-styrenes-using-ethylene-in-a-palladium-catalysed-heck-cross-coupling-reaction\/#breadcrumb"},"inLanguage":"fr-FR","potentialAction":[{"@type":"ReadAction","target":["https:\/\/georganics.sk\/fr\/research\/the-continuous-flow-synthesis-of-styrenes-using-ethylene-in-a-palladium-catalysed-heck-cross-coupling-reaction\/"]}]},{"@type":"BreadcrumbList","@id":"https:\/\/georganics.sk\/fr\/research\/the-continuous-flow-synthesis-of-styrenes-using-ethylene-in-a-palladium-catalysed-heck-cross-coupling-reaction\/#breadcrumb","itemListElement":[{"@type":"ListItem","position":1,"name":"Home page","item":"https:\/\/georganics.sk\/fr\/"},{"@type":"ListItem","position":2,"name":"Recherche sur les produits chimiques et la synth\u00e8se personnalis\u00e9e","item":"https:\/\/georganics.sk\/fr\/research\/"},{"@type":"ListItem","position":3,"name":"The Continuous-Flow Synthesis of Styrenes using Ethylene in a Palladium Catalysed Heck Cross-Coupling Reaction."}]},{"@type":"WebSite","@id":"https:\/\/georganics.sk\/fr\/#website","url":"https:\/\/georganics.sk\/fr\/","name":"Georganics","description":"blog","publisher":{"@id":"https:\/\/georganics.sk\/fr\/#organization"},"potentialAction":[{"@type":"SearchAction","target":{"@type":"EntryPoint","urlTemplate":"https:\/\/georganics.sk\/fr\/?s={search_term_string}"},"query-input":{"@type":"PropertyValueSpecification","valueRequired":true,"valueName":"search_term_string"}}],"inLanguage":"fr-FR"},{"@type":"Organization","@id":"https:\/\/georganics.sk\/fr\/#organization","name":"Georganics Ltd.","url":"https:\/\/georganics.sk\/fr\/","logo":{"@type":"ImageObject","inLanguage":"fr-FR","@id":"https:\/\/georganics.sk\/fr\/#\/schema\/logo\/image\/","url":"https:\/\/georganics.sk\/wp-content\/uploads\/2021\/03\/georganics-logo.png","contentUrl":"https:\/\/georganics.sk\/wp-content\/uploads\/2021\/03\/georganics-logo.png","width":382,"height":122,"caption":"Georganics Ltd."},"image":{"@id":"https:\/\/georganics.sk\/fr\/#\/schema\/logo\/image\/"}}]}},"_links":{"self":[{"href":"https:\/\/georganics.sk\/fr\/wp-json\/wp\/v2\/pages\/33902","targetHints":{"allow":["GET"]}}],"collection":[{"href":"https:\/\/georganics.sk\/fr\/wp-json\/wp\/v2\/pages"}],"about":[{"href":"https:\/\/georganics.sk\/fr\/wp-json\/wp\/v2\/types\/page"}],"author":[{"embeddable":true,"href":"https:\/\/georganics.sk\/fr\/wp-json\/wp\/v2\/users\/6"}],"replies":[{"embeddable":true,"href":"https:\/\/georganics.sk\/fr\/wp-json\/wp\/v2\/comments?post=33902"}],"version-history":[{"count":0,"href":"https:\/\/georganics.sk\/fr\/wp-json\/wp\/v2\/pages\/33902\/revisions"}],"up":[{"embeddable":true,"href":"https:\/\/georganics.sk\/fr\/wp-json\/wp\/v2\/pages\/18920"}],"wp:attachment":[{"href":"https:\/\/georganics.sk\/fr\/wp-json\/wp\/v2\/media?parent=33902"}],"wp:term":[{"taxonomy":"folder","embeddable":true,"href":"https:\/\/georganics.sk\/fr\/wp-json\/wp\/v2\/folder?post=33902"}],"curies":[{"name":"wp","href":"https:\/\/api.w.org\/{rel}","templated":true}]}}