{"id":33887,"date":"2025-06-17T08:40:37","date_gmt":"2025-06-17T06:40:37","guid":{"rendered":"https:\/\/georganics.sk\/research\/syngas-mediated-c-c-bond-formation-in-flow-selective-rhodium-catalyzed-hydroformylation-of-styrenes\/"},"modified":"2025-07-02T14:33:05","modified_gmt":"2025-07-02T12:33:05","slug":"syngas-mediated-c-c-bond-formation-in-flow-selective-rhodium-catalyzed-hydroformylation-of-styrenes","status":"publish","type":"page","link":"https:\/\/georganics.sk\/fr\/research\/syngas-mediated-c-c-bond-formation-in-flow-selective-rhodium-catalyzed-hydroformylation-of-styrenes\/","title":{"rendered":"Syngas Mediated C-C Bond Formation in Flow: Selective Rhodium-Catalyzed Hydroformylation of Styrenes."},"content":{"rendered":"<p>Nous rapportons une hydroformylation de divers styr\u00e8nes, catalys\u00e9e par le rhodium, en <a href=\"https:\/\/georganics.sk\/fr\/flow-chemistry\/\" target=\"_blank\" rel=\"noopener\">flux continu<\/a>, \u00e0 l&rsquo;aide d&rsquo;un r\u00e9acteur gaz-liquide \u00e0 tubes. Ce proc\u00e9d\u00e9 a permis d&rsquo;obtenir des ald\u00e9hydes aryliques ramifi\u00e9s s\u00e9lectivement avec de bons rendements.<\/p>\n","protected":false},"excerpt":{"rendered":"<p>Nous rapportons une hydroformylation de divers styr\u00e8nes, catalys\u00e9e par le rhodium, en flux continu, \u00e0 l&rsquo;aide d&rsquo;un r\u00e9acteur gaz-liquide \u00e0 tubes. Ce proc\u00e9d\u00e9 a permis d&rsquo;obtenir des ald\u00e9hydes aryliques ramifi\u00e9s s\u00e9lectivement avec de bons rendements.<\/p>\n","protected":false},"author":6,"featured_media":0,"parent":18920,"menu_order":0,"comment_status":"closed","ping_status":"closed","template":"template-randpost.php","meta":{"_acf_changed":false,"footnotes":""},"folder":[],"class_list":["post-33887","page","type-page","status-publish","hentry"],"acf":[],"yoast_head":"<!-- This site is optimized with the Yoast SEO Premium plugin v27.4 (Yoast SEO v27.4) - https:\/\/yoast.com\/product\/yoast-seo-premium-wordpress\/ -->\n<title>Syngas Mediated C-C Bond Formation in Flow: Selective Rhodium-Catalyzed Hydroformylation of Styrenes. - Georganics<\/title>\n<meta name=\"description\" content=\"Nous rapportons une hydroformylation \u00e0 flux continu, catalys\u00e9e au rhodium, de divers styr\u00e8nes \u00e0 l&#039;aide d&#039;un r\u00e9acteur gaz-liquide tube dans tube.\" \/>\n<meta name=\"robots\" content=\"index, follow, max-snippet:-1, max-image-preview:large, max-video-preview:-1\" \/>\n<link rel=\"canonical\" href=\"https:\/\/georganics.sk\/fr\/research\/syngas-mediated-c-c-bond-formation-in-flow-selective-rhodium-catalyzed-hydroformylation-of-styrenes\/\" \/>\n<meta property=\"og:locale\" content=\"fr_FR\" \/>\n<meta property=\"og:type\" content=\"article\" \/>\n<meta property=\"og:title\" content=\"Syngas Mediated C-C Bond Formation in Flow: Selective Rhodium-Catalyzed Hydroformylation of Styrenes.\" \/>\n<meta property=\"og:description\" content=\"Nous rapportons une hydroformylation \u00e0 flux continu, catalys\u00e9e au rhodium, de divers styr\u00e8nes \u00e0 l&#039;aide d&#039;un r\u00e9acteur gaz-liquide tube dans tube.\" \/>\n<meta property=\"og:url\" content=\"https:\/\/georganics.sk\/fr\/research\/syngas-mediated-c-c-bond-formation-in-flow-selective-rhodium-catalyzed-hydroformylation-of-styrenes\/\" \/>\n<meta property=\"og:site_name\" content=\"Georganics\" \/>\n<meta property=\"article:modified_time\" content=\"2025-07-02T12:33:05+00:00\" \/>\n<meta name=\"twitter:card\" content=\"summary_large_image\" \/>\n<meta name=\"twitter:label1\" content=\"Dur\u00e9e de lecture estim\u00e9e\" \/>\n\t<meta name=\"twitter:data1\" content=\"1 minute\" \/>\n<script type=\"application\/ld+json\" class=\"yoast-schema-graph\">{\"@context\":\"https:\\\/\\\/schema.org\",\"@graph\":[{\"@type\":\"WebPage\",\"@id\":\"https:\\\/\\\/georganics.sk\\\/fr\\\/research\\\/syngas-mediated-c-c-bond-formation-in-flow-selective-rhodium-catalyzed-hydroformylation-of-styrenes\\\/\",\"url\":\"https:\\\/\\\/georganics.sk\\\/fr\\\/research\\\/syngas-mediated-c-c-bond-formation-in-flow-selective-rhodium-catalyzed-hydroformylation-of-styrenes\\\/\",\"name\":\"Syngas Mediated C-C Bond Formation in Flow: Selective Rhodium-Catalyzed Hydroformylation of Styrenes. - Georganics\",\"isPartOf\":{\"@id\":\"https:\\\/\\\/georganics.sk\\\/fr\\\/#website\"},\"datePublished\":\"2025-06-17T06:40:37+00:00\",\"dateModified\":\"2025-07-02T12:33:05+00:00\",\"description\":\"Nous rapportons une hydroformylation \u00e0 flux continu, catalys\u00e9e au rhodium, de divers styr\u00e8nes \u00e0 l'aide d'un r\u00e9acteur gaz-liquide tube dans tube.\",\"breadcrumb\":{\"@id\":\"https:\\\/\\\/georganics.sk\\\/fr\\\/research\\\/syngas-mediated-c-c-bond-formation-in-flow-selective-rhodium-catalyzed-hydroformylation-of-styrenes\\\/#breadcrumb\"},\"inLanguage\":\"fr-FR\",\"potentialAction\":[{\"@type\":\"ReadAction\",\"target\":[\"https:\\\/\\\/georganics.sk\\\/fr\\\/research\\\/syngas-mediated-c-c-bond-formation-in-flow-selective-rhodium-catalyzed-hydroformylation-of-styrenes\\\/\"]}]},{\"@type\":\"BreadcrumbList\",\"@id\":\"https:\\\/\\\/georganics.sk\\\/fr\\\/research\\\/syngas-mediated-c-c-bond-formation-in-flow-selective-rhodium-catalyzed-hydroformylation-of-styrenes\\\/#breadcrumb\",\"itemListElement\":[{\"@type\":\"ListItem\",\"position\":1,\"name\":\"Home page\",\"item\":\"https:\\\/\\\/georganics.sk\\\/fr\\\/\"},{\"@type\":\"ListItem\",\"position\":2,\"name\":\"Recherche sur les produits chimiques et la synth\u00e8se personnalis\u00e9e\",\"item\":\"https:\\\/\\\/georganics.sk\\\/fr\\\/research\\\/\"},{\"@type\":\"ListItem\",\"position\":3,\"name\":\"Syngas Mediated C-C Bond Formation in Flow: Selective Rhodium-Catalyzed Hydroformylation of Styrenes.\"}]},{\"@type\":\"WebSite\",\"@id\":\"https:\\\/\\\/georganics.sk\\\/fr\\\/#website\",\"url\":\"https:\\\/\\\/georganics.sk\\\/fr\\\/\",\"name\":\"Georganics\",\"description\":\"blog\",\"publisher\":{\"@id\":\"https:\\\/\\\/georganics.sk\\\/fr\\\/#organization\"},\"potentialAction\":[{\"@type\":\"SearchAction\",\"target\":{\"@type\":\"EntryPoint\",\"urlTemplate\":\"https:\\\/\\\/georganics.sk\\\/fr\\\/?s={search_term_string}\"},\"query-input\":{\"@type\":\"PropertyValueSpecification\",\"valueRequired\":true,\"valueName\":\"search_term_string\"}}],\"inLanguage\":\"fr-FR\"},{\"@type\":\"Organization\",\"@id\":\"https:\\\/\\\/georganics.sk\\\/fr\\\/#organization\",\"name\":\"Georganics Ltd.\",\"url\":\"https:\\\/\\\/georganics.sk\\\/fr\\\/\",\"logo\":{\"@type\":\"ImageObject\",\"inLanguage\":\"fr-FR\",\"@id\":\"https:\\\/\\\/georganics.sk\\\/fr\\\/#\\\/schema\\\/logo\\\/image\\\/\",\"url\":\"https:\\\/\\\/georganics.sk\\\/wp-content\\\/uploads\\\/2021\\\/03\\\/georganics-logo.png\",\"contentUrl\":\"https:\\\/\\\/georganics.sk\\\/wp-content\\\/uploads\\\/2021\\\/03\\\/georganics-logo.png\",\"width\":382,\"height\":122,\"caption\":\"Georganics Ltd.\"},\"image\":{\"@id\":\"https:\\\/\\\/georganics.sk\\\/fr\\\/#\\\/schema\\\/logo\\\/image\\\/\"}}]}<\/script>\n<!-- \/ Yoast SEO Premium plugin. -->","yoast_head_json":{"title":"Syngas Mediated C-C Bond Formation in Flow: Selective Rhodium-Catalyzed Hydroformylation of Styrenes. - Georganics","description":"Nous rapportons une hydroformylation \u00e0 flux continu, catalys\u00e9e au rhodium, de divers styr\u00e8nes \u00e0 l'aide d'un r\u00e9acteur gaz-liquide tube dans tube.","robots":{"index":"index","follow":"follow","max-snippet":"max-snippet:-1","max-image-preview":"max-image-preview:large","max-video-preview":"max-video-preview:-1"},"canonical":"https:\/\/georganics.sk\/fr\/research\/syngas-mediated-c-c-bond-formation-in-flow-selective-rhodium-catalyzed-hydroformylation-of-styrenes\/","og_locale":"fr_FR","og_type":"article","og_title":"Syngas Mediated C-C Bond Formation in Flow: Selective Rhodium-Catalyzed Hydroformylation of Styrenes.","og_description":"Nous rapportons une hydroformylation \u00e0 flux continu, catalys\u00e9e au rhodium, de divers styr\u00e8nes \u00e0 l'aide d'un r\u00e9acteur gaz-liquide tube dans tube.","og_url":"https:\/\/georganics.sk\/fr\/research\/syngas-mediated-c-c-bond-formation-in-flow-selective-rhodium-catalyzed-hydroformylation-of-styrenes\/","og_site_name":"Georganics","article_modified_time":"2025-07-02T12:33:05+00:00","twitter_card":"summary_large_image","twitter_misc":{"Dur\u00e9e de lecture estim\u00e9e":"1 minute"},"schema":{"@context":"https:\/\/schema.org","@graph":[{"@type":"WebPage","@id":"https:\/\/georganics.sk\/fr\/research\/syngas-mediated-c-c-bond-formation-in-flow-selective-rhodium-catalyzed-hydroformylation-of-styrenes\/","url":"https:\/\/georganics.sk\/fr\/research\/syngas-mediated-c-c-bond-formation-in-flow-selective-rhodium-catalyzed-hydroformylation-of-styrenes\/","name":"Syngas Mediated C-C Bond Formation in Flow: Selective Rhodium-Catalyzed Hydroformylation of Styrenes. - Georganics","isPartOf":{"@id":"https:\/\/georganics.sk\/fr\/#website"},"datePublished":"2025-06-17T06:40:37+00:00","dateModified":"2025-07-02T12:33:05+00:00","description":"Nous rapportons une hydroformylation \u00e0 flux continu, catalys\u00e9e au rhodium, de divers styr\u00e8nes \u00e0 l'aide d'un r\u00e9acteur gaz-liquide tube dans tube.","breadcrumb":{"@id":"https:\/\/georganics.sk\/fr\/research\/syngas-mediated-c-c-bond-formation-in-flow-selective-rhodium-catalyzed-hydroformylation-of-styrenes\/#breadcrumb"},"inLanguage":"fr-FR","potentialAction":[{"@type":"ReadAction","target":["https:\/\/georganics.sk\/fr\/research\/syngas-mediated-c-c-bond-formation-in-flow-selective-rhodium-catalyzed-hydroformylation-of-styrenes\/"]}]},{"@type":"BreadcrumbList","@id":"https:\/\/georganics.sk\/fr\/research\/syngas-mediated-c-c-bond-formation-in-flow-selective-rhodium-catalyzed-hydroformylation-of-styrenes\/#breadcrumb","itemListElement":[{"@type":"ListItem","position":1,"name":"Home page","item":"https:\/\/georganics.sk\/fr\/"},{"@type":"ListItem","position":2,"name":"Recherche sur les produits chimiques et la synth\u00e8se personnalis\u00e9e","item":"https:\/\/georganics.sk\/fr\/research\/"},{"@type":"ListItem","position":3,"name":"Syngas Mediated C-C Bond Formation in Flow: Selective Rhodium-Catalyzed Hydroformylation of Styrenes."}]},{"@type":"WebSite","@id":"https:\/\/georganics.sk\/fr\/#website","url":"https:\/\/georganics.sk\/fr\/","name":"Georganics","description":"blog","publisher":{"@id":"https:\/\/georganics.sk\/fr\/#organization"},"potentialAction":[{"@type":"SearchAction","target":{"@type":"EntryPoint","urlTemplate":"https:\/\/georganics.sk\/fr\/?s={search_term_string}"},"query-input":{"@type":"PropertyValueSpecification","valueRequired":true,"valueName":"search_term_string"}}],"inLanguage":"fr-FR"},{"@type":"Organization","@id":"https:\/\/georganics.sk\/fr\/#organization","name":"Georganics Ltd.","url":"https:\/\/georganics.sk\/fr\/","logo":{"@type":"ImageObject","inLanguage":"fr-FR","@id":"https:\/\/georganics.sk\/fr\/#\/schema\/logo\/image\/","url":"https:\/\/georganics.sk\/wp-content\/uploads\/2021\/03\/georganics-logo.png","contentUrl":"https:\/\/georganics.sk\/wp-content\/uploads\/2021\/03\/georganics-logo.png","width":382,"height":122,"caption":"Georganics Ltd."},"image":{"@id":"https:\/\/georganics.sk\/fr\/#\/schema\/logo\/image\/"}}]}},"_links":{"self":[{"href":"https:\/\/georganics.sk\/fr\/wp-json\/wp\/v2\/pages\/33887","targetHints":{"allow":["GET"]}}],"collection":[{"href":"https:\/\/georganics.sk\/fr\/wp-json\/wp\/v2\/pages"}],"about":[{"href":"https:\/\/georganics.sk\/fr\/wp-json\/wp\/v2\/types\/page"}],"author":[{"embeddable":true,"href":"https:\/\/georganics.sk\/fr\/wp-json\/wp\/v2\/users\/6"}],"replies":[{"embeddable":true,"href":"https:\/\/georganics.sk\/fr\/wp-json\/wp\/v2\/comments?post=33887"}],"version-history":[{"count":0,"href":"https:\/\/georganics.sk\/fr\/wp-json\/wp\/v2\/pages\/33887\/revisions"}],"up":[{"embeddable":true,"href":"https:\/\/georganics.sk\/fr\/wp-json\/wp\/v2\/pages\/18920"}],"wp:attachment":[{"href":"https:\/\/georganics.sk\/fr\/wp-json\/wp\/v2\/media?parent=33887"}],"wp:term":[{"taxonomy":"folder","embeddable":true,"href":"https:\/\/georganics.sk\/fr\/wp-json\/wp\/v2\/folder?post=33887"}],"curies":[{"name":"wp","href":"https:\/\/api.w.org\/{rel}","templated":true}]}}