{"id":33880,"date":"2025-06-17T10:11:09","date_gmt":"2025-06-17T08:11:09","guid":{"rendered":"https:\/\/georganics.sk\/research\/recent-applications-of-continuous-flow-in-homogeneous-palladium-catalysis\/"},"modified":"2025-07-01T10:23:37","modified_gmt":"2025-07-01T08:23:37","slug":"recent-applications-of-continuous-flow-in-homogeneous-palladium-catalysis","status":"publish","type":"page","link":"https:\/\/georganics.sk\/fr\/research\/recent-applications-of-continuous-flow-in-homogeneous-palladium-catalysis\/","title":{"rendered":"Recent Applications of Continuous Flow in Homogeneous Palladium Catalysis"},"content":{"rendered":"<p>Des progr\u00e8s consid\u00e9rables ont \u00e9t\u00e9 r\u00e9alis\u00e9s gr\u00e2ce \u00e0 la <a href=\"https:\/\/georganics.sk\/fr\/flow-chemistry\/\" target=\"_blank\" rel=\"noopener\">chimie en flux continu<\/a> comme outil de synth\u00e8se organique. Par cons\u00e9quent, le nombre d&rsquo;articles d\u00e9crivant les m\u00e9thodes en flux continu a consid\u00e9rablement augment\u00e9 ces derni\u00e8res ann\u00e9es. Cette revue pr\u00e9sente les progr\u00e8s r\u00e9alis\u00e9s en catalyse homog\u00e8ne au palladium en flux continu au cours des cinq derni\u00e8res ann\u00e9es, notamment les r\u00e9actions de couplage crois\u00e9 C\u2013C\/C\u2013N, les carbonylations et les transformations r\u00e9ductrices\/oxydantes.<\/p>\n","protected":false},"excerpt":{"rendered":"<p>Des progr\u00e8s consid\u00e9rables ont \u00e9t\u00e9 r\u00e9alis\u00e9s gr\u00e2ce \u00e0 la chimie en flux continu comme outil de synth\u00e8se organique. Par cons\u00e9quent, le nombre d&rsquo;articles d\u00e9crivant les m\u00e9thodes en flux continu a consid\u00e9rablement augment\u00e9 ces derni\u00e8res ann\u00e9es. Cette revue pr\u00e9sente les progr\u00e8s r\u00e9alis\u00e9s en catalyse homog\u00e8ne au palladium en flux continu au cours des cinq derni\u00e8res ann\u00e9es, [&hellip;]<\/p>\n","protected":false},"author":6,"featured_media":0,"parent":18920,"menu_order":0,"comment_status":"closed","ping_status":"closed","template":"template-randpost.php","meta":{"_acf_changed":false,"footnotes":""},"folder":[],"class_list":["post-33880","page","type-page","status-publish","hentry"],"acf":[],"yoast_head":"<!-- This site is optimized with the Yoast SEO Premium plugin v27.4 (Yoast SEO v27.4) - https:\/\/yoast.com\/product\/yoast-seo-premium-wordpress\/ -->\n<title>Recent Applications of Continuous Flow in Homogeneous Palladium Catalysis - Georganics<\/title>\n<meta name=\"description\" content=\"D\u00e9couvrez le r\u00f4le du flux continu dans la catalyse homog\u00e8ne au palladium et son impact sur les m\u00e9thodes de synth\u00e8se organique.\" \/>\n<meta name=\"robots\" content=\"index, follow, max-snippet:-1, max-image-preview:large, max-video-preview:-1\" \/>\n<link rel=\"canonical\" href=\"https:\/\/georganics.sk\/fr\/research\/recent-applications-of-continuous-flow-in-homogeneous-palladium-catalysis\/\" \/>\n<meta property=\"og:locale\" content=\"fr_FR\" \/>\n<meta property=\"og:type\" content=\"article\" \/>\n<meta property=\"og:title\" content=\"Recent Applications of Continuous Flow in Homogeneous Palladium Catalysis\" \/>\n<meta property=\"og:description\" content=\"D\u00e9couvrez le r\u00f4le du flux continu dans la catalyse homog\u00e8ne au palladium et son impact sur les m\u00e9thodes de synth\u00e8se organique.\" \/>\n<meta property=\"og:url\" content=\"https:\/\/georganics.sk\/fr\/research\/recent-applications-of-continuous-flow-in-homogeneous-palladium-catalysis\/\" \/>\n<meta property=\"og:site_name\" content=\"Georganics\" \/>\n<meta property=\"article:modified_time\" content=\"2025-07-01T08:23:37+00:00\" \/>\n<meta name=\"twitter:card\" content=\"summary_large_image\" \/>\n<meta name=\"twitter:label1\" content=\"Dur\u00e9e de lecture estim\u00e9e\" \/>\n\t<meta name=\"twitter:data1\" content=\"1 minute\" \/>\n<script type=\"application\/ld+json\" class=\"yoast-schema-graph\">{\"@context\":\"https:\\\/\\\/schema.org\",\"@graph\":[{\"@type\":\"WebPage\",\"@id\":\"https:\\\/\\\/georganics.sk\\\/fr\\\/research\\\/recent-applications-of-continuous-flow-in-homogeneous-palladium-catalysis\\\/\",\"url\":\"https:\\\/\\\/georganics.sk\\\/fr\\\/research\\\/recent-applications-of-continuous-flow-in-homogeneous-palladium-catalysis\\\/\",\"name\":\"Recent Applications of Continuous Flow in Homogeneous Palladium Catalysis - Georganics\",\"isPartOf\":{\"@id\":\"https:\\\/\\\/georganics.sk\\\/fr\\\/#website\"},\"datePublished\":\"2025-06-17T08:11:09+00:00\",\"dateModified\":\"2025-07-01T08:23:37+00:00\",\"description\":\"D\u00e9couvrez le r\u00f4le du flux continu dans la catalyse homog\u00e8ne au palladium et son impact sur les m\u00e9thodes de synth\u00e8se organique.\",\"breadcrumb\":{\"@id\":\"https:\\\/\\\/georganics.sk\\\/fr\\\/research\\\/recent-applications-of-continuous-flow-in-homogeneous-palladium-catalysis\\\/#breadcrumb\"},\"inLanguage\":\"fr-FR\",\"potentialAction\":[{\"@type\":\"ReadAction\",\"target\":[\"https:\\\/\\\/georganics.sk\\\/fr\\\/research\\\/recent-applications-of-continuous-flow-in-homogeneous-palladium-catalysis\\\/\"]}]},{\"@type\":\"BreadcrumbList\",\"@id\":\"https:\\\/\\\/georganics.sk\\\/fr\\\/research\\\/recent-applications-of-continuous-flow-in-homogeneous-palladium-catalysis\\\/#breadcrumb\",\"itemListElement\":[{\"@type\":\"ListItem\",\"position\":1,\"name\":\"Home page\",\"item\":\"https:\\\/\\\/georganics.sk\\\/fr\\\/\"},{\"@type\":\"ListItem\",\"position\":2,\"name\":\"Recherche sur les produits chimiques et la synth\u00e8se personnalis\u00e9e\",\"item\":\"https:\\\/\\\/georganics.sk\\\/fr\\\/research\\\/\"},{\"@type\":\"ListItem\",\"position\":3,\"name\":\"Recent Applications of Continuous Flow in Homogeneous Palladium Catalysis\"}]},{\"@type\":\"WebSite\",\"@id\":\"https:\\\/\\\/georganics.sk\\\/fr\\\/#website\",\"url\":\"https:\\\/\\\/georganics.sk\\\/fr\\\/\",\"name\":\"Georganics\",\"description\":\"blog\",\"publisher\":{\"@id\":\"https:\\\/\\\/georganics.sk\\\/fr\\\/#organization\"},\"potentialAction\":[{\"@type\":\"SearchAction\",\"target\":{\"@type\":\"EntryPoint\",\"urlTemplate\":\"https:\\\/\\\/georganics.sk\\\/fr\\\/?s={search_term_string}\"},\"query-input\":{\"@type\":\"PropertyValueSpecification\",\"valueRequired\":true,\"valueName\":\"search_term_string\"}}],\"inLanguage\":\"fr-FR\"},{\"@type\":\"Organization\",\"@id\":\"https:\\\/\\\/georganics.sk\\\/fr\\\/#organization\",\"name\":\"Georganics Ltd.\",\"url\":\"https:\\\/\\\/georganics.sk\\\/fr\\\/\",\"logo\":{\"@type\":\"ImageObject\",\"inLanguage\":\"fr-FR\",\"@id\":\"https:\\\/\\\/georganics.sk\\\/fr\\\/#\\\/schema\\\/logo\\\/image\\\/\",\"url\":\"https:\\\/\\\/georganics.sk\\\/wp-content\\\/uploads\\\/2021\\\/03\\\/georganics-logo.png\",\"contentUrl\":\"https:\\\/\\\/georganics.sk\\\/wp-content\\\/uploads\\\/2021\\\/03\\\/georganics-logo.png\",\"width\":382,\"height\":122,\"caption\":\"Georganics Ltd.\"},\"image\":{\"@id\":\"https:\\\/\\\/georganics.sk\\\/fr\\\/#\\\/schema\\\/logo\\\/image\\\/\"}}]}<\/script>\n<!-- \/ Yoast SEO Premium plugin. -->","yoast_head_json":{"title":"Recent Applications of Continuous Flow in Homogeneous Palladium Catalysis - Georganics","description":"D\u00e9couvrez le r\u00f4le du flux continu dans la catalyse homog\u00e8ne au palladium et son impact sur les m\u00e9thodes de synth\u00e8se organique.","robots":{"index":"index","follow":"follow","max-snippet":"max-snippet:-1","max-image-preview":"max-image-preview:large","max-video-preview":"max-video-preview:-1"},"canonical":"https:\/\/georganics.sk\/fr\/research\/recent-applications-of-continuous-flow-in-homogeneous-palladium-catalysis\/","og_locale":"fr_FR","og_type":"article","og_title":"Recent Applications of Continuous Flow in Homogeneous Palladium Catalysis","og_description":"D\u00e9couvrez le r\u00f4le du flux continu dans la catalyse homog\u00e8ne au palladium et son impact sur les m\u00e9thodes de synth\u00e8se organique.","og_url":"https:\/\/georganics.sk\/fr\/research\/recent-applications-of-continuous-flow-in-homogeneous-palladium-catalysis\/","og_site_name":"Georganics","article_modified_time":"2025-07-01T08:23:37+00:00","twitter_card":"summary_large_image","twitter_misc":{"Dur\u00e9e de lecture estim\u00e9e":"1 minute"},"schema":{"@context":"https:\/\/schema.org","@graph":[{"@type":"WebPage","@id":"https:\/\/georganics.sk\/fr\/research\/recent-applications-of-continuous-flow-in-homogeneous-palladium-catalysis\/","url":"https:\/\/georganics.sk\/fr\/research\/recent-applications-of-continuous-flow-in-homogeneous-palladium-catalysis\/","name":"Recent Applications of Continuous Flow in Homogeneous Palladium Catalysis - Georganics","isPartOf":{"@id":"https:\/\/georganics.sk\/fr\/#website"},"datePublished":"2025-06-17T08:11:09+00:00","dateModified":"2025-07-01T08:23:37+00:00","description":"D\u00e9couvrez le r\u00f4le du flux continu dans la catalyse homog\u00e8ne au palladium et son impact sur les m\u00e9thodes de synth\u00e8se organique.","breadcrumb":{"@id":"https:\/\/georganics.sk\/fr\/research\/recent-applications-of-continuous-flow-in-homogeneous-palladium-catalysis\/#breadcrumb"},"inLanguage":"fr-FR","potentialAction":[{"@type":"ReadAction","target":["https:\/\/georganics.sk\/fr\/research\/recent-applications-of-continuous-flow-in-homogeneous-palladium-catalysis\/"]}]},{"@type":"BreadcrumbList","@id":"https:\/\/georganics.sk\/fr\/research\/recent-applications-of-continuous-flow-in-homogeneous-palladium-catalysis\/#breadcrumb","itemListElement":[{"@type":"ListItem","position":1,"name":"Home page","item":"https:\/\/georganics.sk\/fr\/"},{"@type":"ListItem","position":2,"name":"Recherche sur les produits chimiques et la synth\u00e8se personnalis\u00e9e","item":"https:\/\/georganics.sk\/fr\/research\/"},{"@type":"ListItem","position":3,"name":"Recent Applications of Continuous Flow in Homogeneous Palladium Catalysis"}]},{"@type":"WebSite","@id":"https:\/\/georganics.sk\/fr\/#website","url":"https:\/\/georganics.sk\/fr\/","name":"Georganics","description":"blog","publisher":{"@id":"https:\/\/georganics.sk\/fr\/#organization"},"potentialAction":[{"@type":"SearchAction","target":{"@type":"EntryPoint","urlTemplate":"https:\/\/georganics.sk\/fr\/?s={search_term_string}"},"query-input":{"@type":"PropertyValueSpecification","valueRequired":true,"valueName":"search_term_string"}}],"inLanguage":"fr-FR"},{"@type":"Organization","@id":"https:\/\/georganics.sk\/fr\/#organization","name":"Georganics Ltd.","url":"https:\/\/georganics.sk\/fr\/","logo":{"@type":"ImageObject","inLanguage":"fr-FR","@id":"https:\/\/georganics.sk\/fr\/#\/schema\/logo\/image\/","url":"https:\/\/georganics.sk\/wp-content\/uploads\/2021\/03\/georganics-logo.png","contentUrl":"https:\/\/georganics.sk\/wp-content\/uploads\/2021\/03\/georganics-logo.png","width":382,"height":122,"caption":"Georganics Ltd."},"image":{"@id":"https:\/\/georganics.sk\/fr\/#\/schema\/logo\/image\/"}}]}},"_links":{"self":[{"href":"https:\/\/georganics.sk\/fr\/wp-json\/wp\/v2\/pages\/33880","targetHints":{"allow":["GET"]}}],"collection":[{"href":"https:\/\/georganics.sk\/fr\/wp-json\/wp\/v2\/pages"}],"about":[{"href":"https:\/\/georganics.sk\/fr\/wp-json\/wp\/v2\/types\/page"}],"author":[{"embeddable":true,"href":"https:\/\/georganics.sk\/fr\/wp-json\/wp\/v2\/users\/6"}],"replies":[{"embeddable":true,"href":"https:\/\/georganics.sk\/fr\/wp-json\/wp\/v2\/comments?post=33880"}],"version-history":[{"count":0,"href":"https:\/\/georganics.sk\/fr\/wp-json\/wp\/v2\/pages\/33880\/revisions"}],"up":[{"embeddable":true,"href":"https:\/\/georganics.sk\/fr\/wp-json\/wp\/v2\/pages\/18920"}],"wp:attachment":[{"href":"https:\/\/georganics.sk\/fr\/wp-json\/wp\/v2\/media?parent=33880"}],"wp:term":[{"taxonomy":"folder","embeddable":true,"href":"https:\/\/georganics.sk\/fr\/wp-json\/wp\/v2\/folder?post=33880"}],"curies":[{"name":"wp","href":"https:\/\/api.w.org\/{rel}","templated":true}]}}