{"id":33873,"date":"2025-06-17T09:58:12","date_gmt":"2025-06-17T07:58:12","guid":{"rendered":"https:\/\/georganics.sk\/research\/recent-advances-in-the-construction-of-isoindolo21-aindol-indolin-6-ones-via-c-c-cross-coupling-reactions\/"},"modified":"2025-07-01T10:00:46","modified_gmt":"2025-07-01T08:00:46","slug":"recent-advances-in-the-construction-of-isoindolo21-aindol-indolin-6-ones-via-c-c-cross-coupling-reactions","status":"publish","type":"page","link":"https:\/\/georganics.sk\/fr\/research\/recent-advances-in-the-construction-of-isoindolo21-aindol-indolin-6-ones-via-c-c-cross-coupling-reactions\/","title":{"rendered":"Recent advances in the construction of isoindolo[2,1-a]indol\/indolin-6-ones via C-C cross-coupling reactions"},"content":{"rendered":"<p>Cette revue r\u00e9sume les m\u00e9thodologies de synth\u00e8se les plus r\u00e9centes pour l&rsquo;assemblage des structures 6H-isoindolo[2,1-a]indol-6-one et 10b,11-dihydro-6H-isoindolo[2,1-a]indol-6-one, motifs structuraux pr\u00e9sents dans de nombreux compos\u00e9s naturels et biologiquement int\u00e9ressants. La litt\u00e9rature couverte dans cette revue couvre la p\u00e9riode de janvier 2015 \u00e0 avril 2020, et les strat\u00e9gies pr\u00e9sent\u00e9es reposent sur des <a href=\"https:\/\/georganics.sk\/fr\/services\/\" target=\"_blank\" rel=\"noopener\">r\u00e9actions<\/a> de couplage crois\u00e9 C-C catalys\u00e9es par des m\u00e9taux de transition.<\/p>\n","protected":false},"excerpt":{"rendered":"<p>Cette revue r\u00e9sume les m\u00e9thodologies de synth\u00e8se les plus r\u00e9centes pour l&rsquo;assemblage des structures 6H-isoindolo[2,1-a]indol-6-one et 10b,11-dihydro-6H-isoindolo[2,1-a]indol-6-one, motifs structuraux pr\u00e9sents dans de nombreux compos\u00e9s naturels et biologiquement int\u00e9ressants. La litt\u00e9rature couverte dans cette revue couvre la p\u00e9riode de janvier 2015 \u00e0 avril 2020, et les strat\u00e9gies pr\u00e9sent\u00e9es reposent sur des r\u00e9actions de couplage crois\u00e9 C-C [&hellip;]<\/p>\n","protected":false},"author":6,"featured_media":0,"parent":18920,"menu_order":0,"comment_status":"closed","ping_status":"closed","template":"template-randpost.php","meta":{"_acf_changed":false,"footnotes":""},"folder":[],"class_list":["post-33873","page","type-page","status-publish","hentry"],"acf":[],"yoast_head":"<!-- This site is optimized with the Yoast SEO Premium plugin v27.5 (Yoast SEO v27.5) - https:\/\/yoast.com\/product\/yoast-seo-premium-wordpress\/ -->\n<title>Recent advances in the construction of isoindolo[2,1-a]indol\/indolin-6-ones via C-C cross-coupling reactions - Georganics<\/title>\n<meta name=\"description\" content=\"Explorez les avanc\u00e9es r\u00e9centes dans les r\u00e9actions de couplage crois\u00e9 pour la synth\u00e8se de compos\u00e9s 6H-isoindolo et leur importance.\" \/>\n<meta name=\"robots\" content=\"index, follow, max-snippet:-1, max-image-preview:large, max-video-preview:-1\" \/>\n<link rel=\"canonical\" href=\"https:\/\/georganics.sk\/fr\/research\/recent-advances-in-the-construction-of-isoindolo21-aindol-indolin-6-ones-via-c-c-cross-coupling-reactions\/\" \/>\n<meta property=\"og:locale\" content=\"fr_FR\" \/>\n<meta property=\"og:type\" content=\"article\" \/>\n<meta property=\"og:title\" content=\"Recent advances in the construction of isoindolo[2,1-a]indol\/indolin-6-ones via C-C cross-coupling reactions\" \/>\n<meta property=\"og:description\" content=\"Explorez les avanc\u00e9es r\u00e9centes dans les r\u00e9actions de couplage crois\u00e9 pour la synth\u00e8se de compos\u00e9s 6H-isoindolo et leur importance.\" \/>\n<meta property=\"og:url\" content=\"https:\/\/georganics.sk\/fr\/research\/recent-advances-in-the-construction-of-isoindolo21-aindol-indolin-6-ones-via-c-c-cross-coupling-reactions\/\" \/>\n<meta property=\"og:site_name\" content=\"Georganics\" \/>\n<meta property=\"article:modified_time\" content=\"2025-07-01T08:00:46+00:00\" \/>\n<meta name=\"twitter:card\" content=\"summary_large_image\" \/>\n<meta name=\"twitter:label1\" content=\"Dur\u00e9e de lecture estim\u00e9e\" \/>\n\t<meta name=\"twitter:data1\" content=\"1 minute\" \/>\n<script type=\"application\/ld+json\" class=\"yoast-schema-graph\">{\"@context\":\"https:\\\/\\\/schema.org\",\"@graph\":[{\"@type\":\"WebPage\",\"@id\":\"https:\\\/\\\/georganics.sk\\\/fr\\\/research\\\/recent-advances-in-the-construction-of-isoindolo21-aindol-indolin-6-ones-via-c-c-cross-coupling-reactions\\\/\",\"url\":\"https:\\\/\\\/georganics.sk\\\/fr\\\/research\\\/recent-advances-in-the-construction-of-isoindolo21-aindol-indolin-6-ones-via-c-c-cross-coupling-reactions\\\/\",\"name\":\"Recent advances in the construction of isoindolo[2,1-a]indol\\\/indolin-6-ones via C-C cross-coupling reactions - Georganics\",\"isPartOf\":{\"@id\":\"https:\\\/\\\/georganics.sk\\\/fr\\\/#website\"},\"datePublished\":\"2025-06-17T07:58:12+00:00\",\"dateModified\":\"2025-07-01T08:00:46+00:00\",\"description\":\"Explorez les avanc\u00e9es r\u00e9centes dans les r\u00e9actions de couplage crois\u00e9 pour la synth\u00e8se de compos\u00e9s 6H-isoindolo et leur importance.\",\"breadcrumb\":{\"@id\":\"https:\\\/\\\/georganics.sk\\\/fr\\\/research\\\/recent-advances-in-the-construction-of-isoindolo21-aindol-indolin-6-ones-via-c-c-cross-coupling-reactions\\\/#breadcrumb\"},\"inLanguage\":\"fr-FR\",\"potentialAction\":[{\"@type\":\"ReadAction\",\"target\":[\"https:\\\/\\\/georganics.sk\\\/fr\\\/research\\\/recent-advances-in-the-construction-of-isoindolo21-aindol-indolin-6-ones-via-c-c-cross-coupling-reactions\\\/\"]}]},{\"@type\":\"BreadcrumbList\",\"@id\":\"https:\\\/\\\/georganics.sk\\\/fr\\\/research\\\/recent-advances-in-the-construction-of-isoindolo21-aindol-indolin-6-ones-via-c-c-cross-coupling-reactions\\\/#breadcrumb\",\"itemListElement\":[{\"@type\":\"ListItem\",\"position\":1,\"name\":\"Home page\",\"item\":\"https:\\\/\\\/georganics.sk\\\/fr\\\/\"},{\"@type\":\"ListItem\",\"position\":2,\"name\":\"Recherche sur les produits chimiques et la synth\u00e8se personnalis\u00e9e\",\"item\":\"https:\\\/\\\/georganics.sk\\\/fr\\\/research\\\/\"},{\"@type\":\"ListItem\",\"position\":3,\"name\":\"Recent advances in the construction of isoindolo[2,1-a]indol\\\/indolin-6-ones via C-C cross-coupling reactions\"}]},{\"@type\":\"WebSite\",\"@id\":\"https:\\\/\\\/georganics.sk\\\/fr\\\/#website\",\"url\":\"https:\\\/\\\/georganics.sk\\\/fr\\\/\",\"name\":\"Georganics\",\"description\":\"blog\",\"publisher\":{\"@id\":\"https:\\\/\\\/georganics.sk\\\/fr\\\/#organization\"},\"potentialAction\":[{\"@type\":\"SearchAction\",\"target\":{\"@type\":\"EntryPoint\",\"urlTemplate\":\"https:\\\/\\\/georganics.sk\\\/fr\\\/?s={search_term_string}\"},\"query-input\":{\"@type\":\"PropertyValueSpecification\",\"valueRequired\":true,\"valueName\":\"search_term_string\"}}],\"inLanguage\":\"fr-FR\"},{\"@type\":\"Organization\",\"@id\":\"https:\\\/\\\/georganics.sk\\\/fr\\\/#organization\",\"name\":\"Georganics Ltd.\",\"url\":\"https:\\\/\\\/georganics.sk\\\/fr\\\/\",\"logo\":{\"@type\":\"ImageObject\",\"inLanguage\":\"fr-FR\",\"@id\":\"https:\\\/\\\/georganics.sk\\\/fr\\\/#\\\/schema\\\/logo\\\/image\\\/\",\"url\":\"https:\\\/\\\/georganics.sk\\\/wp-content\\\/uploads\\\/2021\\\/03\\\/georganics-logo.png\",\"contentUrl\":\"https:\\\/\\\/georganics.sk\\\/wp-content\\\/uploads\\\/2021\\\/03\\\/georganics-logo.png\",\"width\":382,\"height\":122,\"caption\":\"Georganics Ltd.\"},\"image\":{\"@id\":\"https:\\\/\\\/georganics.sk\\\/fr\\\/#\\\/schema\\\/logo\\\/image\\\/\"}}]}<\/script>\n<!-- \/ Yoast SEO Premium plugin. -->","yoast_head_json":{"title":"Recent advances in the construction of isoindolo[2,1-a]indol\/indolin-6-ones via C-C cross-coupling reactions - Georganics","description":"Explorez les avanc\u00e9es r\u00e9centes dans les r\u00e9actions de couplage crois\u00e9 pour la synth\u00e8se de compos\u00e9s 6H-isoindolo et leur importance.","robots":{"index":"index","follow":"follow","max-snippet":"max-snippet:-1","max-image-preview":"max-image-preview:large","max-video-preview":"max-video-preview:-1"},"canonical":"https:\/\/georganics.sk\/fr\/research\/recent-advances-in-the-construction-of-isoindolo21-aindol-indolin-6-ones-via-c-c-cross-coupling-reactions\/","og_locale":"fr_FR","og_type":"article","og_title":"Recent advances in the construction of isoindolo[2,1-a]indol\/indolin-6-ones via C-C cross-coupling reactions","og_description":"Explorez les avanc\u00e9es r\u00e9centes dans les r\u00e9actions de couplage crois\u00e9 pour la synth\u00e8se de compos\u00e9s 6H-isoindolo et leur importance.","og_url":"https:\/\/georganics.sk\/fr\/research\/recent-advances-in-the-construction-of-isoindolo21-aindol-indolin-6-ones-via-c-c-cross-coupling-reactions\/","og_site_name":"Georganics","article_modified_time":"2025-07-01T08:00:46+00:00","twitter_card":"summary_large_image","twitter_misc":{"Dur\u00e9e de lecture estim\u00e9e":"1 minute"},"schema":{"@context":"https:\/\/schema.org","@graph":[{"@type":"WebPage","@id":"https:\/\/georganics.sk\/fr\/research\/recent-advances-in-the-construction-of-isoindolo21-aindol-indolin-6-ones-via-c-c-cross-coupling-reactions\/","url":"https:\/\/georganics.sk\/fr\/research\/recent-advances-in-the-construction-of-isoindolo21-aindol-indolin-6-ones-via-c-c-cross-coupling-reactions\/","name":"Recent advances in the construction of isoindolo[2,1-a]indol\/indolin-6-ones via C-C cross-coupling reactions - Georganics","isPartOf":{"@id":"https:\/\/georganics.sk\/fr\/#website"},"datePublished":"2025-06-17T07:58:12+00:00","dateModified":"2025-07-01T08:00:46+00:00","description":"Explorez les avanc\u00e9es r\u00e9centes dans les r\u00e9actions de couplage crois\u00e9 pour la synth\u00e8se de compos\u00e9s 6H-isoindolo et leur importance.","breadcrumb":{"@id":"https:\/\/georganics.sk\/fr\/research\/recent-advances-in-the-construction-of-isoindolo21-aindol-indolin-6-ones-via-c-c-cross-coupling-reactions\/#breadcrumb"},"inLanguage":"fr-FR","potentialAction":[{"@type":"ReadAction","target":["https:\/\/georganics.sk\/fr\/research\/recent-advances-in-the-construction-of-isoindolo21-aindol-indolin-6-ones-via-c-c-cross-coupling-reactions\/"]}]},{"@type":"BreadcrumbList","@id":"https:\/\/georganics.sk\/fr\/research\/recent-advances-in-the-construction-of-isoindolo21-aindol-indolin-6-ones-via-c-c-cross-coupling-reactions\/#breadcrumb","itemListElement":[{"@type":"ListItem","position":1,"name":"Home page","item":"https:\/\/georganics.sk\/fr\/"},{"@type":"ListItem","position":2,"name":"Recherche sur les produits chimiques et la synth\u00e8se personnalis\u00e9e","item":"https:\/\/georganics.sk\/fr\/research\/"},{"@type":"ListItem","position":3,"name":"Recent advances in the construction of isoindolo[2,1-a]indol\/indolin-6-ones via C-C cross-coupling reactions"}]},{"@type":"WebSite","@id":"https:\/\/georganics.sk\/fr\/#website","url":"https:\/\/georganics.sk\/fr\/","name":"Georganics","description":"blog","publisher":{"@id":"https:\/\/georganics.sk\/fr\/#organization"},"potentialAction":[{"@type":"SearchAction","target":{"@type":"EntryPoint","urlTemplate":"https:\/\/georganics.sk\/fr\/?s={search_term_string}"},"query-input":{"@type":"PropertyValueSpecification","valueRequired":true,"valueName":"search_term_string"}}],"inLanguage":"fr-FR"},{"@type":"Organization","@id":"https:\/\/georganics.sk\/fr\/#organization","name":"Georganics Ltd.","url":"https:\/\/georganics.sk\/fr\/","logo":{"@type":"ImageObject","inLanguage":"fr-FR","@id":"https:\/\/georganics.sk\/fr\/#\/schema\/logo\/image\/","url":"https:\/\/georganics.sk\/wp-content\/uploads\/2021\/03\/georganics-logo.png","contentUrl":"https:\/\/georganics.sk\/wp-content\/uploads\/2021\/03\/georganics-logo.png","width":382,"height":122,"caption":"Georganics Ltd."},"image":{"@id":"https:\/\/georganics.sk\/fr\/#\/schema\/logo\/image\/"}}]}},"_links":{"self":[{"href":"https:\/\/georganics.sk\/fr\/wp-json\/wp\/v2\/pages\/33873","targetHints":{"allow":["GET"]}}],"collection":[{"href":"https:\/\/georganics.sk\/fr\/wp-json\/wp\/v2\/pages"}],"about":[{"href":"https:\/\/georganics.sk\/fr\/wp-json\/wp\/v2\/types\/page"}],"author":[{"embeddable":true,"href":"https:\/\/georganics.sk\/fr\/wp-json\/wp\/v2\/users\/6"}],"replies":[{"embeddable":true,"href":"https:\/\/georganics.sk\/fr\/wp-json\/wp\/v2\/comments?post=33873"}],"version-history":[{"count":0,"href":"https:\/\/georganics.sk\/fr\/wp-json\/wp\/v2\/pages\/33873\/revisions"}],"up":[{"embeddable":true,"href":"https:\/\/georganics.sk\/fr\/wp-json\/wp\/v2\/pages\/18920"}],"wp:attachment":[{"href":"https:\/\/georganics.sk\/fr\/wp-json\/wp\/v2\/media?parent=33873"}],"wp:term":[{"taxonomy":"folder","embeddable":true,"href":"https:\/\/georganics.sk\/fr\/wp-json\/wp\/v2\/folder?post=33873"}],"curies":[{"name":"wp","href":"https:\/\/api.w.org\/{rel}","templated":true}]}}