{"id":33863,"date":"2025-06-17T09:13:27","date_gmt":"2025-06-17T07:13:27","guid":{"rendered":"https:\/\/georganics.sk\/research\/palladium-catalysed-cyclisation-of-alkenols-synthesis-of-oxaheterocycles-as-core-intermediates-of-natural-compounds\/"},"modified":"2025-07-01T09:45:09","modified_gmt":"2025-07-01T07:45:09","slug":"palladium-catalysed-cyclisation-of-alkenols-synthesis-of-oxaheterocycles-as-core-intermediates-of-natural-compounds","status":"publish","type":"page","link":"https:\/\/georganics.sk\/fr\/research\/palladium-catalysed-cyclisation-of-alkenols-synthesis-of-oxaheterocycles-as-core-intermediates-of-natural-compounds\/","title":{"rendered":"Palladium-catalysed cyclisation of alkenols: Synthesis of oxaheterocycles as core intermediates of natural compounds"},"content":{"rendered":"<p>L&rsquo;\u00e9tude des r\u00e9actions de cyclisation <a href=\"https:\/\/georganics.sk\/fr\/special-offers\/palladium-catalysts\/\" target=\"_blank\" rel=\"noopener\">catalys\u00e9es par le Pd<\/a> d&rsquo;alc\u00e9nols utilisant diff\u00e9rents syst\u00e8mes catalytiques est rapport\u00e9e. Ces transformations affectent la construction st\u00e9r\u00e9os\u00e9lective de d\u00e9riv\u00e9s oxah\u00e9t\u00e9rocycliques mono- et\/ou bicycliques en fonction d&rsquo;un alc\u00e9nol de d\u00e9part. La port\u00e9e du substrat et le m\u00e9canisme propos\u00e9 des r\u00e9actions de cyclisation catalys\u00e9es par le Pd sont \u00e9galement discut\u00e9s. De plus, la cyclisation diast\u00e9r\u00e9os\u00e9lective catalys\u00e9e par le Pd d&rsquo;alc\u00e9nols appropri\u00e9s en t\u00e9trahydrofuranes et la cyclisation ult\u00e9rieure ont fourni respectivement du 2,5-dioxabicyclo[2.2.1]heptane et du 2,6-dioxabicyclo[3.2.1]octane correctement substitu\u00e9s. De telles sous-unit\u00e9s cycliques bicycliques se trouvent dans de nombreux produits naturels, notamment les ocellenynes et les aurovertines.<\/p>\n","protected":false},"excerpt":{"rendered":"<p>L&rsquo;\u00e9tude des r\u00e9actions de cyclisation catalys\u00e9es par le Pd d&rsquo;alc\u00e9nols utilisant diff\u00e9rents syst\u00e8mes catalytiques est rapport\u00e9e. Ces transformations affectent la construction st\u00e9r\u00e9os\u00e9lective de d\u00e9riv\u00e9s oxah\u00e9t\u00e9rocycliques mono- et\/ou bicycliques en fonction d&rsquo;un alc\u00e9nol de d\u00e9part. La port\u00e9e du substrat et le m\u00e9canisme propos\u00e9 des r\u00e9actions de cyclisation catalys\u00e9es par le Pd sont \u00e9galement discut\u00e9s. De plus, [&hellip;]<\/p>\n","protected":false},"author":6,"featured_media":0,"parent":18920,"menu_order":0,"comment_status":"closed","ping_status":"closed","template":"template-randpost.php","meta":{"_acf_changed":false,"footnotes":""},"folder":[],"class_list":["post-33863","page","type-page","status-publish","hentry"],"acf":[],"yoast_head":"<!-- This site is optimized with the Yoast SEO Premium plugin v27.5 (Yoast SEO v27.5) - https:\/\/yoast.com\/product\/yoast-seo-premium-wordpress\/ -->\n<title>Palladium-catalysed cyclisation of alkenols: Synthesis of oxaheterocycles as core intermediates of natural compounds - Georganics<\/title>\n<meta name=\"description\" content=\"Explorer le r\u00f4le de la cyclisation catalys\u00e9e par le palladium dans la synth\u00e8se d&#039;oxah\u00e9t\u00e9rocycles mono- et bicycliques \u00e0 l&#039;aide d&#039;alc\u00e9nols.\" \/>\n<meta name=\"robots\" content=\"index, follow, max-snippet:-1, max-image-preview:large, max-video-preview:-1\" \/>\n<link rel=\"canonical\" href=\"https:\/\/georganics.sk\/fr\/research\/palladium-catalysed-cyclisation-of-alkenols-synthesis-of-oxaheterocycles-as-core-intermediates-of-natural-compounds\/\" \/>\n<meta property=\"og:locale\" content=\"fr_FR\" \/>\n<meta property=\"og:type\" content=\"article\" \/>\n<meta property=\"og:title\" content=\"Palladium-catalysed cyclisation of alkenols: Synthesis of oxaheterocycles as core intermediates of natural compounds\" \/>\n<meta property=\"og:description\" content=\"Explorer le r\u00f4le de la cyclisation catalys\u00e9e par le palladium dans la synth\u00e8se d&#039;oxah\u00e9t\u00e9rocycles mono- et bicycliques \u00e0 l&#039;aide d&#039;alc\u00e9nols.\" \/>\n<meta property=\"og:url\" content=\"https:\/\/georganics.sk\/fr\/research\/palladium-catalysed-cyclisation-of-alkenols-synthesis-of-oxaheterocycles-as-core-intermediates-of-natural-compounds\/\" \/>\n<meta property=\"og:site_name\" content=\"Georganics\" \/>\n<meta property=\"article:modified_time\" content=\"2025-07-01T07:45:09+00:00\" \/>\n<meta name=\"twitter:card\" content=\"summary_large_image\" \/>\n<meta name=\"twitter:label1\" content=\"Dur\u00e9e de lecture estim\u00e9e\" \/>\n\t<meta name=\"twitter:data1\" content=\"1 minute\" \/>\n<script type=\"application\/ld+json\" class=\"yoast-schema-graph\">{\"@context\":\"https:\\\/\\\/schema.org\",\"@graph\":[{\"@type\":\"WebPage\",\"@id\":\"https:\\\/\\\/georganics.sk\\\/fr\\\/research\\\/palladium-catalysed-cyclisation-of-alkenols-synthesis-of-oxaheterocycles-as-core-intermediates-of-natural-compounds\\\/\",\"url\":\"https:\\\/\\\/georganics.sk\\\/fr\\\/research\\\/palladium-catalysed-cyclisation-of-alkenols-synthesis-of-oxaheterocycles-as-core-intermediates-of-natural-compounds\\\/\",\"name\":\"Palladium-catalysed cyclisation of alkenols: Synthesis of oxaheterocycles as core intermediates of natural compounds - Georganics\",\"isPartOf\":{\"@id\":\"https:\\\/\\\/georganics.sk\\\/fr\\\/#website\"},\"datePublished\":\"2025-06-17T07:13:27+00:00\",\"dateModified\":\"2025-07-01T07:45:09+00:00\",\"description\":\"Explorer le r\u00f4le de la cyclisation catalys\u00e9e par le palladium dans la synth\u00e8se d'oxah\u00e9t\u00e9rocycles mono- et bicycliques \u00e0 l'aide d'alc\u00e9nols.\",\"breadcrumb\":{\"@id\":\"https:\\\/\\\/georganics.sk\\\/fr\\\/research\\\/palladium-catalysed-cyclisation-of-alkenols-synthesis-of-oxaheterocycles-as-core-intermediates-of-natural-compounds\\\/#breadcrumb\"},\"inLanguage\":\"fr-FR\",\"potentialAction\":[{\"@type\":\"ReadAction\",\"target\":[\"https:\\\/\\\/georganics.sk\\\/fr\\\/research\\\/palladium-catalysed-cyclisation-of-alkenols-synthesis-of-oxaheterocycles-as-core-intermediates-of-natural-compounds\\\/\"]}]},{\"@type\":\"BreadcrumbList\",\"@id\":\"https:\\\/\\\/georganics.sk\\\/fr\\\/research\\\/palladium-catalysed-cyclisation-of-alkenols-synthesis-of-oxaheterocycles-as-core-intermediates-of-natural-compounds\\\/#breadcrumb\",\"itemListElement\":[{\"@type\":\"ListItem\",\"position\":1,\"name\":\"Home page\",\"item\":\"https:\\\/\\\/georganics.sk\\\/fr\\\/\"},{\"@type\":\"ListItem\",\"position\":2,\"name\":\"Recherche sur les produits chimiques et la synth\u00e8se personnalis\u00e9e\",\"item\":\"https:\\\/\\\/georganics.sk\\\/fr\\\/research\\\/\"},{\"@type\":\"ListItem\",\"position\":3,\"name\":\"Palladium-catalysed cyclisation of alkenols: Synthesis of oxaheterocycles as core intermediates of natural compounds\"}]},{\"@type\":\"WebSite\",\"@id\":\"https:\\\/\\\/georganics.sk\\\/fr\\\/#website\",\"url\":\"https:\\\/\\\/georganics.sk\\\/fr\\\/\",\"name\":\"Georganics\",\"description\":\"blog\",\"publisher\":{\"@id\":\"https:\\\/\\\/georganics.sk\\\/fr\\\/#organization\"},\"potentialAction\":[{\"@type\":\"SearchAction\",\"target\":{\"@type\":\"EntryPoint\",\"urlTemplate\":\"https:\\\/\\\/georganics.sk\\\/fr\\\/?s={search_term_string}\"},\"query-input\":{\"@type\":\"PropertyValueSpecification\",\"valueRequired\":true,\"valueName\":\"search_term_string\"}}],\"inLanguage\":\"fr-FR\"},{\"@type\":\"Organization\",\"@id\":\"https:\\\/\\\/georganics.sk\\\/fr\\\/#organization\",\"name\":\"Georganics Ltd.\",\"url\":\"https:\\\/\\\/georganics.sk\\\/fr\\\/\",\"logo\":{\"@type\":\"ImageObject\",\"inLanguage\":\"fr-FR\",\"@id\":\"https:\\\/\\\/georganics.sk\\\/fr\\\/#\\\/schema\\\/logo\\\/image\\\/\",\"url\":\"https:\\\/\\\/georganics.sk\\\/wp-content\\\/uploads\\\/2021\\\/03\\\/georganics-logo.png\",\"contentUrl\":\"https:\\\/\\\/georganics.sk\\\/wp-content\\\/uploads\\\/2021\\\/03\\\/georganics-logo.png\",\"width\":382,\"height\":122,\"caption\":\"Georganics Ltd.\"},\"image\":{\"@id\":\"https:\\\/\\\/georganics.sk\\\/fr\\\/#\\\/schema\\\/logo\\\/image\\\/\"}}]}<\/script>\n<!-- \/ Yoast SEO Premium plugin. -->","yoast_head_json":{"title":"Palladium-catalysed cyclisation of alkenols: Synthesis of oxaheterocycles as core intermediates of natural compounds - Georganics","description":"Explorer le r\u00f4le de la cyclisation catalys\u00e9e par le palladium dans la synth\u00e8se d'oxah\u00e9t\u00e9rocycles mono- et bicycliques \u00e0 l'aide d'alc\u00e9nols.","robots":{"index":"index","follow":"follow","max-snippet":"max-snippet:-1","max-image-preview":"max-image-preview:large","max-video-preview":"max-video-preview:-1"},"canonical":"https:\/\/georganics.sk\/fr\/research\/palladium-catalysed-cyclisation-of-alkenols-synthesis-of-oxaheterocycles-as-core-intermediates-of-natural-compounds\/","og_locale":"fr_FR","og_type":"article","og_title":"Palladium-catalysed cyclisation of alkenols: Synthesis of oxaheterocycles as core intermediates of natural compounds","og_description":"Explorer le r\u00f4le de la cyclisation catalys\u00e9e par le palladium dans la synth\u00e8se d'oxah\u00e9t\u00e9rocycles mono- et bicycliques \u00e0 l'aide d'alc\u00e9nols.","og_url":"https:\/\/georganics.sk\/fr\/research\/palladium-catalysed-cyclisation-of-alkenols-synthesis-of-oxaheterocycles-as-core-intermediates-of-natural-compounds\/","og_site_name":"Georganics","article_modified_time":"2025-07-01T07:45:09+00:00","twitter_card":"summary_large_image","twitter_misc":{"Dur\u00e9e de lecture estim\u00e9e":"1 minute"},"schema":{"@context":"https:\/\/schema.org","@graph":[{"@type":"WebPage","@id":"https:\/\/georganics.sk\/fr\/research\/palladium-catalysed-cyclisation-of-alkenols-synthesis-of-oxaheterocycles-as-core-intermediates-of-natural-compounds\/","url":"https:\/\/georganics.sk\/fr\/research\/palladium-catalysed-cyclisation-of-alkenols-synthesis-of-oxaheterocycles-as-core-intermediates-of-natural-compounds\/","name":"Palladium-catalysed cyclisation of alkenols: Synthesis of oxaheterocycles as core intermediates of natural compounds - Georganics","isPartOf":{"@id":"https:\/\/georganics.sk\/fr\/#website"},"datePublished":"2025-06-17T07:13:27+00:00","dateModified":"2025-07-01T07:45:09+00:00","description":"Explorer le r\u00f4le de la cyclisation catalys\u00e9e par le palladium dans la synth\u00e8se d'oxah\u00e9t\u00e9rocycles mono- et bicycliques \u00e0 l'aide d'alc\u00e9nols.","breadcrumb":{"@id":"https:\/\/georganics.sk\/fr\/research\/palladium-catalysed-cyclisation-of-alkenols-synthesis-of-oxaheterocycles-as-core-intermediates-of-natural-compounds\/#breadcrumb"},"inLanguage":"fr-FR","potentialAction":[{"@type":"ReadAction","target":["https:\/\/georganics.sk\/fr\/research\/palladium-catalysed-cyclisation-of-alkenols-synthesis-of-oxaheterocycles-as-core-intermediates-of-natural-compounds\/"]}]},{"@type":"BreadcrumbList","@id":"https:\/\/georganics.sk\/fr\/research\/palladium-catalysed-cyclisation-of-alkenols-synthesis-of-oxaheterocycles-as-core-intermediates-of-natural-compounds\/#breadcrumb","itemListElement":[{"@type":"ListItem","position":1,"name":"Home page","item":"https:\/\/georganics.sk\/fr\/"},{"@type":"ListItem","position":2,"name":"Recherche sur les produits chimiques et la synth\u00e8se personnalis\u00e9e","item":"https:\/\/georganics.sk\/fr\/research\/"},{"@type":"ListItem","position":3,"name":"Palladium-catalysed cyclisation of alkenols: Synthesis of oxaheterocycles as core intermediates of natural compounds"}]},{"@type":"WebSite","@id":"https:\/\/georganics.sk\/fr\/#website","url":"https:\/\/georganics.sk\/fr\/","name":"Georganics","description":"blog","publisher":{"@id":"https:\/\/georganics.sk\/fr\/#organization"},"potentialAction":[{"@type":"SearchAction","target":{"@type":"EntryPoint","urlTemplate":"https:\/\/georganics.sk\/fr\/?s={search_term_string}"},"query-input":{"@type":"PropertyValueSpecification","valueRequired":true,"valueName":"search_term_string"}}],"inLanguage":"fr-FR"},{"@type":"Organization","@id":"https:\/\/georganics.sk\/fr\/#organization","name":"Georganics Ltd.","url":"https:\/\/georganics.sk\/fr\/","logo":{"@type":"ImageObject","inLanguage":"fr-FR","@id":"https:\/\/georganics.sk\/fr\/#\/schema\/logo\/image\/","url":"https:\/\/georganics.sk\/wp-content\/uploads\/2021\/03\/georganics-logo.png","contentUrl":"https:\/\/georganics.sk\/wp-content\/uploads\/2021\/03\/georganics-logo.png","width":382,"height":122,"caption":"Georganics Ltd."},"image":{"@id":"https:\/\/georganics.sk\/fr\/#\/schema\/logo\/image\/"}}]}},"_links":{"self":[{"href":"https:\/\/georganics.sk\/fr\/wp-json\/wp\/v2\/pages\/33863","targetHints":{"allow":["GET"]}}],"collection":[{"href":"https:\/\/georganics.sk\/fr\/wp-json\/wp\/v2\/pages"}],"about":[{"href":"https:\/\/georganics.sk\/fr\/wp-json\/wp\/v2\/types\/page"}],"author":[{"embeddable":true,"href":"https:\/\/georganics.sk\/fr\/wp-json\/wp\/v2\/users\/6"}],"replies":[{"embeddable":true,"href":"https:\/\/georganics.sk\/fr\/wp-json\/wp\/v2\/comments?post=33863"}],"version-history":[{"count":0,"href":"https:\/\/georganics.sk\/fr\/wp-json\/wp\/v2\/pages\/33863\/revisions"}],"up":[{"embeddable":true,"href":"https:\/\/georganics.sk\/fr\/wp-json\/wp\/v2\/pages\/18920"}],"wp:attachment":[{"href":"https:\/\/georganics.sk\/fr\/wp-json\/wp\/v2\/media?parent=33863"}],"wp:term":[{"taxonomy":"folder","embeddable":true,"href":"https:\/\/georganics.sk\/fr\/wp-json\/wp\/v2\/folder?post=33863"}],"curies":[{"name":"wp","href":"https:\/\/api.w.org\/{rel}","templated":true}]}}