{"id":33812,"date":"2025-06-17T10:01:43","date_gmt":"2025-06-17T08:01:43","guid":{"rendered":"https:\/\/georganics.sk\/research\/continuous-pd-catalyzed-carbonylative-cyclization-using-iron-pentacarbonyl-as-a-co-source\/"},"modified":"2025-06-30T13:01:34","modified_gmt":"2025-06-30T11:01:34","slug":"continuous-pd-catalyzed-carbonylative-cyclization-using-iron-pentacarbonyl-as-a-co-source","status":"publish","type":"page","link":"https:\/\/georganics.sk\/fr\/research\/continuous-pd-catalyzed-carbonylative-cyclization-using-iron-pentacarbonyl-as-a-co-source\/","title":{"rendered":"Continuous Pd-Catalyzed Carbonylative Cyclization Using Iron Pentacarbonyl as a CO Source"},"content":{"rendered":"<p>Ces travaux d\u00e9crivent une r\u00e9action de carbonylation en <a href=\"https:\/\/georganics.sk\/fr\/flow-chemistry\/\" target=\"_blank\" rel=\"noopener\">flux<\/a> continu utilisant le pentacarbonyle de fer comme source de CO. La transformation d\u00e9crite, utilisant ce substitut, a \u00e9t\u00e9 con\u00e7ue pour \u00eatre utilis\u00e9e dans des \u00e9quipements de flux couramment disponibles. Des conditions optimis\u00e9es ont \u00e9t\u00e9 appliqu\u00e9es \u00e0 une synth\u00e8se \u00e9volutive du compos\u00e9 naturel isol\u00e9 de la s\u00e9cr\u00e9tion de ph\u00e9romone glandulaire p\u00e9rianale de la civette africaine. De plus, une carbonylation d&rsquo;halog\u00e9nures d&rsquo;aryle catalys\u00e9e par le Pd en flux est rapport\u00e9e avec succ\u00e8s.<\/p>\n","protected":false},"excerpt":{"rendered":"<p>Ces travaux d\u00e9crivent une r\u00e9action de carbonylation en flux continu utilisant le pentacarbonyle de fer comme source de CO. La transformation d\u00e9crite, utilisant ce substitut, a \u00e9t\u00e9 con\u00e7ue pour \u00eatre utilis\u00e9e dans des \u00e9quipements de flux couramment disponibles. Des conditions optimis\u00e9es ont \u00e9t\u00e9 appliqu\u00e9es \u00e0 une synth\u00e8se \u00e9volutive du compos\u00e9 naturel isol\u00e9 de la s\u00e9cr\u00e9tion [&hellip;]<\/p>\n","protected":false},"author":6,"featured_media":0,"parent":18920,"menu_order":0,"comment_status":"closed","ping_status":"closed","template":"template-randpost.php","meta":{"_acf_changed":false,"footnotes":""},"folder":[],"class_list":["post-33812","page","type-page","status-publish","hentry"],"acf":[],"yoast_head":"<!-- This site is optimized with the Yoast SEO Premium plugin v27.4 (Yoast SEO v27.4) - https:\/\/yoast.com\/product\/yoast-seo-premium-wordpress\/ -->\n<title>Continuous Pd-Catalyzed Carbonylative Cyclization Using Iron Pentacarbonyl as a CO Source - Georganics<\/title>\n<meta name=\"description\" content=\"Explorez la r\u00e9action de carbonylation en flux continu utilisant du pentacarbonyle de fer pour r\u00e9aliser une synth\u00e8se \u00e9volutive dans un \u00e9quipement \u00e0 flux accessible.\" \/>\n<meta name=\"robots\" content=\"index, follow, max-snippet:-1, max-image-preview:large, max-video-preview:-1\" \/>\n<link rel=\"canonical\" href=\"https:\/\/georganics.sk\/fr\/research\/continuous-pd-catalyzed-carbonylative-cyclization-using-iron-pentacarbonyl-as-a-co-source\/\" \/>\n<meta property=\"og:locale\" content=\"fr_FR\" \/>\n<meta property=\"og:type\" content=\"article\" \/>\n<meta property=\"og:title\" content=\"Continuous Pd-Catalyzed Carbonylative Cyclization Using Iron Pentacarbonyl as a CO Source\" \/>\n<meta property=\"og:description\" content=\"Explorez la r\u00e9action de carbonylation en flux continu utilisant du pentacarbonyle de fer pour r\u00e9aliser une synth\u00e8se \u00e9volutive dans un \u00e9quipement \u00e0 flux accessible.\" \/>\n<meta property=\"og:url\" content=\"https:\/\/georganics.sk\/fr\/research\/continuous-pd-catalyzed-carbonylative-cyclization-using-iron-pentacarbonyl-as-a-co-source\/\" \/>\n<meta property=\"og:site_name\" content=\"Georganics\" \/>\n<meta property=\"article:modified_time\" content=\"2025-06-30T11:01:34+00:00\" \/>\n<meta name=\"twitter:card\" content=\"summary_large_image\" \/>\n<meta name=\"twitter:label1\" content=\"Dur\u00e9e de lecture estim\u00e9e\" \/>\n\t<meta name=\"twitter:data1\" content=\"1 minute\" \/>\n<script type=\"application\/ld+json\" class=\"yoast-schema-graph\">{\"@context\":\"https:\\\/\\\/schema.org\",\"@graph\":[{\"@type\":\"WebPage\",\"@id\":\"https:\\\/\\\/georganics.sk\\\/fr\\\/research\\\/continuous-pd-catalyzed-carbonylative-cyclization-using-iron-pentacarbonyl-as-a-co-source\\\/\",\"url\":\"https:\\\/\\\/georganics.sk\\\/fr\\\/research\\\/continuous-pd-catalyzed-carbonylative-cyclization-using-iron-pentacarbonyl-as-a-co-source\\\/\",\"name\":\"Continuous Pd-Catalyzed Carbonylative Cyclization Using Iron Pentacarbonyl as a CO Source - Georganics\",\"isPartOf\":{\"@id\":\"https:\\\/\\\/georganics.sk\\\/fr\\\/#website\"},\"datePublished\":\"2025-06-17T08:01:43+00:00\",\"dateModified\":\"2025-06-30T11:01:34+00:00\",\"description\":\"Explorez la r\u00e9action de carbonylation en flux continu utilisant du pentacarbonyle de fer pour r\u00e9aliser une synth\u00e8se \u00e9volutive dans un \u00e9quipement \u00e0 flux accessible.\",\"breadcrumb\":{\"@id\":\"https:\\\/\\\/georganics.sk\\\/fr\\\/research\\\/continuous-pd-catalyzed-carbonylative-cyclization-using-iron-pentacarbonyl-as-a-co-source\\\/#breadcrumb\"},\"inLanguage\":\"fr-FR\",\"potentialAction\":[{\"@type\":\"ReadAction\",\"target\":[\"https:\\\/\\\/georganics.sk\\\/fr\\\/research\\\/continuous-pd-catalyzed-carbonylative-cyclization-using-iron-pentacarbonyl-as-a-co-source\\\/\"]}]},{\"@type\":\"BreadcrumbList\",\"@id\":\"https:\\\/\\\/georganics.sk\\\/fr\\\/research\\\/continuous-pd-catalyzed-carbonylative-cyclization-using-iron-pentacarbonyl-as-a-co-source\\\/#breadcrumb\",\"itemListElement\":[{\"@type\":\"ListItem\",\"position\":1,\"name\":\"Home page\",\"item\":\"https:\\\/\\\/georganics.sk\\\/fr\\\/\"},{\"@type\":\"ListItem\",\"position\":2,\"name\":\"Recherche sur les produits chimiques et la synth\u00e8se personnalis\u00e9e\",\"item\":\"https:\\\/\\\/georganics.sk\\\/fr\\\/research\\\/\"},{\"@type\":\"ListItem\",\"position\":3,\"name\":\"Continuous Pd-Catalyzed Carbonylative Cyclization Using Iron Pentacarbonyl as a CO Source\"}]},{\"@type\":\"WebSite\",\"@id\":\"https:\\\/\\\/georganics.sk\\\/fr\\\/#website\",\"url\":\"https:\\\/\\\/georganics.sk\\\/fr\\\/\",\"name\":\"Georganics\",\"description\":\"blog\",\"publisher\":{\"@id\":\"https:\\\/\\\/georganics.sk\\\/fr\\\/#organization\"},\"potentialAction\":[{\"@type\":\"SearchAction\",\"target\":{\"@type\":\"EntryPoint\",\"urlTemplate\":\"https:\\\/\\\/georganics.sk\\\/fr\\\/?s={search_term_string}\"},\"query-input\":{\"@type\":\"PropertyValueSpecification\",\"valueRequired\":true,\"valueName\":\"search_term_string\"}}],\"inLanguage\":\"fr-FR\"},{\"@type\":\"Organization\",\"@id\":\"https:\\\/\\\/georganics.sk\\\/fr\\\/#organization\",\"name\":\"Georganics Ltd.\",\"url\":\"https:\\\/\\\/georganics.sk\\\/fr\\\/\",\"logo\":{\"@type\":\"ImageObject\",\"inLanguage\":\"fr-FR\",\"@id\":\"https:\\\/\\\/georganics.sk\\\/fr\\\/#\\\/schema\\\/logo\\\/image\\\/\",\"url\":\"https:\\\/\\\/georganics.sk\\\/wp-content\\\/uploads\\\/2021\\\/03\\\/georganics-logo.png\",\"contentUrl\":\"https:\\\/\\\/georganics.sk\\\/wp-content\\\/uploads\\\/2021\\\/03\\\/georganics-logo.png\",\"width\":382,\"height\":122,\"caption\":\"Georganics Ltd.\"},\"image\":{\"@id\":\"https:\\\/\\\/georganics.sk\\\/fr\\\/#\\\/schema\\\/logo\\\/image\\\/\"}}]}<\/script>\n<!-- \/ Yoast SEO Premium plugin. -->","yoast_head_json":{"title":"Continuous Pd-Catalyzed Carbonylative Cyclization Using Iron Pentacarbonyl as a CO Source - Georganics","description":"Explorez la r\u00e9action de carbonylation en flux continu utilisant du pentacarbonyle de fer pour r\u00e9aliser une synth\u00e8se \u00e9volutive dans un \u00e9quipement \u00e0 flux accessible.","robots":{"index":"index","follow":"follow","max-snippet":"max-snippet:-1","max-image-preview":"max-image-preview:large","max-video-preview":"max-video-preview:-1"},"canonical":"https:\/\/georganics.sk\/fr\/research\/continuous-pd-catalyzed-carbonylative-cyclization-using-iron-pentacarbonyl-as-a-co-source\/","og_locale":"fr_FR","og_type":"article","og_title":"Continuous Pd-Catalyzed Carbonylative Cyclization Using Iron Pentacarbonyl as a CO Source","og_description":"Explorez la r\u00e9action de carbonylation en flux continu utilisant du pentacarbonyle de fer pour r\u00e9aliser une synth\u00e8se \u00e9volutive dans un \u00e9quipement \u00e0 flux accessible.","og_url":"https:\/\/georganics.sk\/fr\/research\/continuous-pd-catalyzed-carbonylative-cyclization-using-iron-pentacarbonyl-as-a-co-source\/","og_site_name":"Georganics","article_modified_time":"2025-06-30T11:01:34+00:00","twitter_card":"summary_large_image","twitter_misc":{"Dur\u00e9e de lecture estim\u00e9e":"1 minute"},"schema":{"@context":"https:\/\/schema.org","@graph":[{"@type":"WebPage","@id":"https:\/\/georganics.sk\/fr\/research\/continuous-pd-catalyzed-carbonylative-cyclization-using-iron-pentacarbonyl-as-a-co-source\/","url":"https:\/\/georganics.sk\/fr\/research\/continuous-pd-catalyzed-carbonylative-cyclization-using-iron-pentacarbonyl-as-a-co-source\/","name":"Continuous Pd-Catalyzed Carbonylative Cyclization Using Iron Pentacarbonyl as a CO Source - Georganics","isPartOf":{"@id":"https:\/\/georganics.sk\/fr\/#website"},"datePublished":"2025-06-17T08:01:43+00:00","dateModified":"2025-06-30T11:01:34+00:00","description":"Explorez la r\u00e9action de carbonylation en flux continu utilisant du pentacarbonyle de fer pour r\u00e9aliser une synth\u00e8se \u00e9volutive dans un \u00e9quipement \u00e0 flux accessible.","breadcrumb":{"@id":"https:\/\/georganics.sk\/fr\/research\/continuous-pd-catalyzed-carbonylative-cyclization-using-iron-pentacarbonyl-as-a-co-source\/#breadcrumb"},"inLanguage":"fr-FR","potentialAction":[{"@type":"ReadAction","target":["https:\/\/georganics.sk\/fr\/research\/continuous-pd-catalyzed-carbonylative-cyclization-using-iron-pentacarbonyl-as-a-co-source\/"]}]},{"@type":"BreadcrumbList","@id":"https:\/\/georganics.sk\/fr\/research\/continuous-pd-catalyzed-carbonylative-cyclization-using-iron-pentacarbonyl-as-a-co-source\/#breadcrumb","itemListElement":[{"@type":"ListItem","position":1,"name":"Home page","item":"https:\/\/georganics.sk\/fr\/"},{"@type":"ListItem","position":2,"name":"Recherche sur les produits chimiques et la synth\u00e8se personnalis\u00e9e","item":"https:\/\/georganics.sk\/fr\/research\/"},{"@type":"ListItem","position":3,"name":"Continuous Pd-Catalyzed Carbonylative Cyclization Using Iron Pentacarbonyl as a CO Source"}]},{"@type":"WebSite","@id":"https:\/\/georganics.sk\/fr\/#website","url":"https:\/\/georganics.sk\/fr\/","name":"Georganics","description":"blog","publisher":{"@id":"https:\/\/georganics.sk\/fr\/#organization"},"potentialAction":[{"@type":"SearchAction","target":{"@type":"EntryPoint","urlTemplate":"https:\/\/georganics.sk\/fr\/?s={search_term_string}"},"query-input":{"@type":"PropertyValueSpecification","valueRequired":true,"valueName":"search_term_string"}}],"inLanguage":"fr-FR"},{"@type":"Organization","@id":"https:\/\/georganics.sk\/fr\/#organization","name":"Georganics Ltd.","url":"https:\/\/georganics.sk\/fr\/","logo":{"@type":"ImageObject","inLanguage":"fr-FR","@id":"https:\/\/georganics.sk\/fr\/#\/schema\/logo\/image\/","url":"https:\/\/georganics.sk\/wp-content\/uploads\/2021\/03\/georganics-logo.png","contentUrl":"https:\/\/georganics.sk\/wp-content\/uploads\/2021\/03\/georganics-logo.png","width":382,"height":122,"caption":"Georganics Ltd."},"image":{"@id":"https:\/\/georganics.sk\/fr\/#\/schema\/logo\/image\/"}}]}},"_links":{"self":[{"href":"https:\/\/georganics.sk\/fr\/wp-json\/wp\/v2\/pages\/33812","targetHints":{"allow":["GET"]}}],"collection":[{"href":"https:\/\/georganics.sk\/fr\/wp-json\/wp\/v2\/pages"}],"about":[{"href":"https:\/\/georganics.sk\/fr\/wp-json\/wp\/v2\/types\/page"}],"author":[{"embeddable":true,"href":"https:\/\/georganics.sk\/fr\/wp-json\/wp\/v2\/users\/6"}],"replies":[{"embeddable":true,"href":"https:\/\/georganics.sk\/fr\/wp-json\/wp\/v2\/comments?post=33812"}],"version-history":[{"count":0,"href":"https:\/\/georganics.sk\/fr\/wp-json\/wp\/v2\/pages\/33812\/revisions"}],"up":[{"embeddable":true,"href":"https:\/\/georganics.sk\/fr\/wp-json\/wp\/v2\/pages\/18920"}],"wp:attachment":[{"href":"https:\/\/georganics.sk\/fr\/wp-json\/wp\/v2\/media?parent=33812"}],"wp:term":[{"taxonomy":"folder","embeddable":true,"href":"https:\/\/georganics.sk\/fr\/wp-json\/wp\/v2\/folder?post=33812"}],"curies":[{"name":"wp","href":"https:\/\/api.w.org\/{rel}","templated":true}]}}