{"id":33790,"date":"2025-06-17T08:50:49","date_gmt":"2025-06-17T06:50:49","guid":{"rendered":"https:\/\/georganics.sk\/research\/a-total-synthesis-of-the-ammonium-ionophore-enniatin-b\/"},"modified":"2025-06-27T14:34:29","modified_gmt":"2025-06-27T12:34:29","slug":"a-total-synthesis-of-the-ammonium-ionophore-enniatin-b","status":"publish","type":"page","link":"https:\/\/georganics.sk\/fr\/research\/a-total-synthesis-of-the-ammonium-ionophore-enniatin-b\/","title":{"rendered":"A total synthesis of the ammonium ionophore, (\u2013)-enniatin B"},"content":{"rendered":"<p>Une synth\u00e8se totale par lots en neuf \u00e9tapes (la plus longue lin\u00e9aire) de l&rsquo;hexadepsipeptide cyclique (\u2013)-enniatine B est d\u00e9crite. La synth\u00e8se minimise la pr\u00e9cipitation dans les conditions de r\u00e9action pour une adaptabilit\u00e9 \u00e0 la <a href=\"https:\/\/georganics.sk\/fr\/flow-chemistry\/\" target=\"_blank\" rel=\"noopener\">synth\u00e8se en flux<\/a>. Cette voie a permis de pr\u00e9parer plus de 100 mg du produit naturel.<\/p>\n","protected":false},"excerpt":{"rendered":"<p>Une synth\u00e8se totale par lots en neuf \u00e9tapes (la plus longue lin\u00e9aire) de l&rsquo;hexadepsipeptide cyclique (\u2013)-enniatine B est d\u00e9crite. La synth\u00e8se minimise la pr\u00e9cipitation dans les conditions de r\u00e9action pour une adaptabilit\u00e9 \u00e0 la synth\u00e8se en flux. Cette voie a permis de pr\u00e9parer plus de 100 mg du produit naturel.<\/p>\n","protected":false},"author":6,"featured_media":0,"parent":18920,"menu_order":0,"comment_status":"closed","ping_status":"closed","template":"template-randpost.php","meta":{"_acf_changed":false,"footnotes":""},"folder":[],"class_list":["post-33790","page","type-page","status-publish","hentry"],"acf":[],"yoast_head":"<!-- This site is optimized with the Yoast SEO Premium plugin v27.4 (Yoast SEO v27.4) - https:\/\/yoast.com\/product\/yoast-seo-premium-wordpress\/ -->\n<title>A total synthesis of the ammonium ionophore, (\u2013)-enniatin B - Georganics<\/title>\n<meta name=\"description\" content=\"Explorez une synth\u00e8se totale de l&#039;ionophore d&#039;ammonium avec une approche en neuf \u00e9tapes et minimisez les pr\u00e9cipitations dans vos r\u00e9actions.\" \/>\n<meta name=\"robots\" content=\"index, follow, max-snippet:-1, max-image-preview:large, max-video-preview:-1\" \/>\n<link rel=\"canonical\" href=\"https:\/\/georganics.sk\/fr\/research\/a-total-synthesis-of-the-ammonium-ionophore-enniatin-b\/\" \/>\n<meta property=\"og:locale\" content=\"fr_FR\" \/>\n<meta property=\"og:type\" content=\"article\" \/>\n<meta property=\"og:title\" content=\"A total synthesis of the ammonium ionophore, (\u2013)-enniatin B\" \/>\n<meta property=\"og:description\" content=\"Explorez une synth\u00e8se totale de l&#039;ionophore d&#039;ammonium avec une approche en neuf \u00e9tapes et minimisez les pr\u00e9cipitations dans vos r\u00e9actions.\" \/>\n<meta property=\"og:url\" content=\"https:\/\/georganics.sk\/fr\/research\/a-total-synthesis-of-the-ammonium-ionophore-enniatin-b\/\" \/>\n<meta property=\"og:site_name\" content=\"Georganics\" \/>\n<meta property=\"article:modified_time\" content=\"2025-06-27T12:34:29+00:00\" \/>\n<meta name=\"twitter:card\" content=\"summary_large_image\" \/>\n<meta name=\"twitter:label1\" content=\"Dur\u00e9e de lecture estim\u00e9e\" \/>\n\t<meta name=\"twitter:data1\" content=\"1 minute\" \/>\n<script type=\"application\/ld+json\" class=\"yoast-schema-graph\">{\"@context\":\"https:\\\/\\\/schema.org\",\"@graph\":[{\"@type\":\"WebPage\",\"@id\":\"https:\\\/\\\/georganics.sk\\\/fr\\\/research\\\/a-total-synthesis-of-the-ammonium-ionophore-enniatin-b\\\/\",\"url\":\"https:\\\/\\\/georganics.sk\\\/fr\\\/research\\\/a-total-synthesis-of-the-ammonium-ionophore-enniatin-b\\\/\",\"name\":\"A total synthesis of the ammonium ionophore, (\u2013)-enniatin B - Georganics\",\"isPartOf\":{\"@id\":\"https:\\\/\\\/georganics.sk\\\/fr\\\/#website\"},\"datePublished\":\"2025-06-17T06:50:49+00:00\",\"dateModified\":\"2025-06-27T12:34:29+00:00\",\"description\":\"Explorez une synth\u00e8se totale de l'ionophore d'ammonium avec une approche en neuf \u00e9tapes et minimisez les pr\u00e9cipitations dans vos r\u00e9actions.\",\"breadcrumb\":{\"@id\":\"https:\\\/\\\/georganics.sk\\\/fr\\\/research\\\/a-total-synthesis-of-the-ammonium-ionophore-enniatin-b\\\/#breadcrumb\"},\"inLanguage\":\"fr-FR\",\"potentialAction\":[{\"@type\":\"ReadAction\",\"target\":[\"https:\\\/\\\/georganics.sk\\\/fr\\\/research\\\/a-total-synthesis-of-the-ammonium-ionophore-enniatin-b\\\/\"]}]},{\"@type\":\"BreadcrumbList\",\"@id\":\"https:\\\/\\\/georganics.sk\\\/fr\\\/research\\\/a-total-synthesis-of-the-ammonium-ionophore-enniatin-b\\\/#breadcrumb\",\"itemListElement\":[{\"@type\":\"ListItem\",\"position\":1,\"name\":\"Home page\",\"item\":\"https:\\\/\\\/georganics.sk\\\/fr\\\/\"},{\"@type\":\"ListItem\",\"position\":2,\"name\":\"Recherche sur les produits chimiques et la synth\u00e8se personnalis\u00e9e\",\"item\":\"https:\\\/\\\/georganics.sk\\\/fr\\\/research\\\/\"},{\"@type\":\"ListItem\",\"position\":3,\"name\":\"A total synthesis of the ammonium ionophore, (\u2013)-enniatin B\"}]},{\"@type\":\"WebSite\",\"@id\":\"https:\\\/\\\/georganics.sk\\\/fr\\\/#website\",\"url\":\"https:\\\/\\\/georganics.sk\\\/fr\\\/\",\"name\":\"Georganics\",\"description\":\"blog\",\"publisher\":{\"@id\":\"https:\\\/\\\/georganics.sk\\\/fr\\\/#organization\"},\"potentialAction\":[{\"@type\":\"SearchAction\",\"target\":{\"@type\":\"EntryPoint\",\"urlTemplate\":\"https:\\\/\\\/georganics.sk\\\/fr\\\/?s={search_term_string}\"},\"query-input\":{\"@type\":\"PropertyValueSpecification\",\"valueRequired\":true,\"valueName\":\"search_term_string\"}}],\"inLanguage\":\"fr-FR\"},{\"@type\":\"Organization\",\"@id\":\"https:\\\/\\\/georganics.sk\\\/fr\\\/#organization\",\"name\":\"Georganics Ltd.\",\"url\":\"https:\\\/\\\/georganics.sk\\\/fr\\\/\",\"logo\":{\"@type\":\"ImageObject\",\"inLanguage\":\"fr-FR\",\"@id\":\"https:\\\/\\\/georganics.sk\\\/fr\\\/#\\\/schema\\\/logo\\\/image\\\/\",\"url\":\"https:\\\/\\\/georganics.sk\\\/wp-content\\\/uploads\\\/2021\\\/03\\\/georganics-logo.png\",\"contentUrl\":\"https:\\\/\\\/georganics.sk\\\/wp-content\\\/uploads\\\/2021\\\/03\\\/georganics-logo.png\",\"width\":382,\"height\":122,\"caption\":\"Georganics Ltd.\"},\"image\":{\"@id\":\"https:\\\/\\\/georganics.sk\\\/fr\\\/#\\\/schema\\\/logo\\\/image\\\/\"}}]}<\/script>\n<!-- \/ Yoast SEO Premium plugin. -->","yoast_head_json":{"title":"A total synthesis of the ammonium ionophore, (\u2013)-enniatin B - Georganics","description":"Explorez une synth\u00e8se totale de l'ionophore d'ammonium avec une approche en neuf \u00e9tapes et minimisez les pr\u00e9cipitations dans vos r\u00e9actions.","robots":{"index":"index","follow":"follow","max-snippet":"max-snippet:-1","max-image-preview":"max-image-preview:large","max-video-preview":"max-video-preview:-1"},"canonical":"https:\/\/georganics.sk\/fr\/research\/a-total-synthesis-of-the-ammonium-ionophore-enniatin-b\/","og_locale":"fr_FR","og_type":"article","og_title":"A total synthesis of the ammonium ionophore, (\u2013)-enniatin B","og_description":"Explorez une synth\u00e8se totale de l'ionophore d'ammonium avec une approche en neuf \u00e9tapes et minimisez les pr\u00e9cipitations dans vos r\u00e9actions.","og_url":"https:\/\/georganics.sk\/fr\/research\/a-total-synthesis-of-the-ammonium-ionophore-enniatin-b\/","og_site_name":"Georganics","article_modified_time":"2025-06-27T12:34:29+00:00","twitter_card":"summary_large_image","twitter_misc":{"Dur\u00e9e de lecture estim\u00e9e":"1 minute"},"schema":{"@context":"https:\/\/schema.org","@graph":[{"@type":"WebPage","@id":"https:\/\/georganics.sk\/fr\/research\/a-total-synthesis-of-the-ammonium-ionophore-enniatin-b\/","url":"https:\/\/georganics.sk\/fr\/research\/a-total-synthesis-of-the-ammonium-ionophore-enniatin-b\/","name":"A total synthesis of the ammonium ionophore, (\u2013)-enniatin B - Georganics","isPartOf":{"@id":"https:\/\/georganics.sk\/fr\/#website"},"datePublished":"2025-06-17T06:50:49+00:00","dateModified":"2025-06-27T12:34:29+00:00","description":"Explorez une synth\u00e8se totale de l'ionophore d'ammonium avec une approche en neuf \u00e9tapes et minimisez les pr\u00e9cipitations dans vos r\u00e9actions.","breadcrumb":{"@id":"https:\/\/georganics.sk\/fr\/research\/a-total-synthesis-of-the-ammonium-ionophore-enniatin-b\/#breadcrumb"},"inLanguage":"fr-FR","potentialAction":[{"@type":"ReadAction","target":["https:\/\/georganics.sk\/fr\/research\/a-total-synthesis-of-the-ammonium-ionophore-enniatin-b\/"]}]},{"@type":"BreadcrumbList","@id":"https:\/\/georganics.sk\/fr\/research\/a-total-synthesis-of-the-ammonium-ionophore-enniatin-b\/#breadcrumb","itemListElement":[{"@type":"ListItem","position":1,"name":"Home page","item":"https:\/\/georganics.sk\/fr\/"},{"@type":"ListItem","position":2,"name":"Recherche sur les produits chimiques et la synth\u00e8se personnalis\u00e9e","item":"https:\/\/georganics.sk\/fr\/research\/"},{"@type":"ListItem","position":3,"name":"A total synthesis of the ammonium ionophore, (\u2013)-enniatin B"}]},{"@type":"WebSite","@id":"https:\/\/georganics.sk\/fr\/#website","url":"https:\/\/georganics.sk\/fr\/","name":"Georganics","description":"blog","publisher":{"@id":"https:\/\/georganics.sk\/fr\/#organization"},"potentialAction":[{"@type":"SearchAction","target":{"@type":"EntryPoint","urlTemplate":"https:\/\/georganics.sk\/fr\/?s={search_term_string}"},"query-input":{"@type":"PropertyValueSpecification","valueRequired":true,"valueName":"search_term_string"}}],"inLanguage":"fr-FR"},{"@type":"Organization","@id":"https:\/\/georganics.sk\/fr\/#organization","name":"Georganics Ltd.","url":"https:\/\/georganics.sk\/fr\/","logo":{"@type":"ImageObject","inLanguage":"fr-FR","@id":"https:\/\/georganics.sk\/fr\/#\/schema\/logo\/image\/","url":"https:\/\/georganics.sk\/wp-content\/uploads\/2021\/03\/georganics-logo.png","contentUrl":"https:\/\/georganics.sk\/wp-content\/uploads\/2021\/03\/georganics-logo.png","width":382,"height":122,"caption":"Georganics Ltd."},"image":{"@id":"https:\/\/georganics.sk\/fr\/#\/schema\/logo\/image\/"}}]}},"_links":{"self":[{"href":"https:\/\/georganics.sk\/fr\/wp-json\/wp\/v2\/pages\/33790","targetHints":{"allow":["GET"]}}],"collection":[{"href":"https:\/\/georganics.sk\/fr\/wp-json\/wp\/v2\/pages"}],"about":[{"href":"https:\/\/georganics.sk\/fr\/wp-json\/wp\/v2\/types\/page"}],"author":[{"embeddable":true,"href":"https:\/\/georganics.sk\/fr\/wp-json\/wp\/v2\/users\/6"}],"replies":[{"embeddable":true,"href":"https:\/\/georganics.sk\/fr\/wp-json\/wp\/v2\/comments?post=33790"}],"version-history":[{"count":0,"href":"https:\/\/georganics.sk\/fr\/wp-json\/wp\/v2\/pages\/33790\/revisions"}],"up":[{"embeddable":true,"href":"https:\/\/georganics.sk\/fr\/wp-json\/wp\/v2\/pages\/18920"}],"wp:attachment":[{"href":"https:\/\/georganics.sk\/fr\/wp-json\/wp\/v2\/media?parent=33790"}],"wp:term":[{"taxonomy":"folder","embeddable":true,"href":"https:\/\/georganics.sk\/fr\/wp-json\/wp\/v2\/folder?post=33790"}],"curies":[{"name":"wp","href":"https:\/\/api.w.org\/{rel}","templated":true}]}}