{"id":33773,"date":"2025-06-17T09:10:50","date_gmt":"2025-06-17T07:10:50","guid":{"rendered":"https:\/\/georganics.sk\/research\/a-general-continuous-flow-method-for-palladium-catalysed-carbonylation-reactions-using-single-and-multiple-tube-in-tube-gas-liquid-microreactors\/"},"modified":"2025-06-27T11:37:09","modified_gmt":"2025-06-27T09:37:09","slug":"a-general-continuous-flow-method-for-palladium-catalysed-carbonylation-reactions-using-single-and-multiple-tube-in-tube-gas-liquid-microreactors","status":"publish","type":"page","link":"https:\/\/georganics.sk\/fr\/research\/a-general-continuous-flow-method-for-palladium-catalysed-carbonylation-reactions-using-single-and-multiple-tube-in-tube-gas-liquid-microreactors\/","title":{"rendered":"A General Continuous Flow Method for Palladium Catalysed Carbonylation Reactions Using Single and Multiple Tube-in-Tube Gas-Liquid Microreactors."},"content":{"rendered":"<p>Une s\u00e9rie de proc\u00e9d\u00e9s de chimie en flux continu facilitant la carbonylation <a href=\"https:\/\/georganics.sk\/fr\/special-offers\/palladium-catalysts\/\" target=\"_blank\" rel=\"noopener\">catalys\u00e9e au palladium<\/a> des iodures et bromures d&rsquo;aryle et de vinyle avec une gamme d&rsquo;alcoxy, d&rsquo;hydroxy et d&rsquo;amino nucl\u00e9ophiles est pr\u00e9sent\u00e9e. Exploitant un assemblage tube-dans-tube semi-perm\u00e9able en T\u00e9flon\u00ae AF-2400, ces r\u00e9acteurs permettent le transport contr\u00f4l\u00e9 du monoxyde de carbone en solution \u00e0 haute pression pour g\u00e9n\u00e9rer des flux homog\u00e8nes, \u00e9vitant ainsi certains probl\u00e8mes potentiels associ\u00e9s aux r\u00e9acteurs gaz-liquide \u00e0 flux segment\u00e9. Le faible volume de gaz sous pression contenu dans le dispositif permet d&rsquo;att\u00e9nuer les risques associ\u00e9s \u00e0 ce proc\u00e9d\u00e9 par rapport \u00e0 des proc\u00e9d\u00e9s par lots comparables. Nous montrons \u00e9galement comment l\u2019incorporation d\u2019un deuxi\u00e8me r\u00e9acteur \u00e0 flux de gaz en ligne permet l\u2019introduction s\u00e9quentielle de deux gaz (monoxyde de carbone et un nucl\u00e9ophile gazeux) dans le flux de r\u00e9action.<\/p>\n","protected":false},"excerpt":{"rendered":"<p>Une s\u00e9rie de proc\u00e9d\u00e9s de chimie en flux continu facilitant la carbonylation catalys\u00e9e au palladium des iodures et bromures d&rsquo;aryle et de vinyle avec une gamme d&rsquo;alcoxy, d&rsquo;hydroxy et d&rsquo;amino nucl\u00e9ophiles est pr\u00e9sent\u00e9e. Exploitant un assemblage tube-dans-tube semi-perm\u00e9able en T\u00e9flon\u00ae AF-2400, ces r\u00e9acteurs permettent le transport contr\u00f4l\u00e9 du monoxyde de carbone en solution \u00e0 haute [&hellip;]<\/p>\n","protected":false},"author":6,"featured_media":0,"parent":18920,"menu_order":0,"comment_status":"closed","ping_status":"closed","template":"template-randpost.php","meta":{"_acf_changed":false,"footnotes":""},"folder":[],"class_list":["post-33773","page","type-page","status-publish","hentry"],"acf":[],"yoast_head":"<!-- This site is optimized with the Yoast SEO Premium plugin v27.5 (Yoast SEO v27.5) - https:\/\/yoast.com\/product\/yoast-seo-premium-wordpress\/ -->\n<title>A General Continuous Flow Method for Palladium Catalysed Carbonylation Reactions Using Single and Multiple Tube-in-Tube Gas-Liquid Microreactors. - Georganics<\/title>\n<meta name=\"description\" content=\"Explorez la m\u00e9thode de flux continu pour la carbonylation catalys\u00e9e par le palladium dans les processus avanc\u00e9s de chimie en flux.\" \/>\n<meta name=\"robots\" content=\"index, follow, max-snippet:-1, max-image-preview:large, max-video-preview:-1\" \/>\n<link rel=\"canonical\" href=\"https:\/\/georganics.sk\/fr\/research\/a-general-continuous-flow-method-for-palladium-catalysed-carbonylation-reactions-using-single-and-multiple-tube-in-tube-gas-liquid-microreactors\/\" \/>\n<meta property=\"og:locale\" content=\"fr_FR\" \/>\n<meta property=\"og:type\" content=\"article\" \/>\n<meta property=\"og:title\" content=\"A General Continuous Flow Method for Palladium Catalysed Carbonylation Reactions Using Single and Multiple Tube-in-Tube Gas-Liquid Microreactors.\" \/>\n<meta property=\"og:description\" content=\"Explorez la m\u00e9thode de flux continu pour la carbonylation catalys\u00e9e par le palladium dans les processus avanc\u00e9s de chimie en flux.\" \/>\n<meta property=\"og:url\" content=\"https:\/\/georganics.sk\/fr\/research\/a-general-continuous-flow-method-for-palladium-catalysed-carbonylation-reactions-using-single-and-multiple-tube-in-tube-gas-liquid-microreactors\/\" \/>\n<meta property=\"og:site_name\" content=\"Georganics\" \/>\n<meta property=\"article:modified_time\" content=\"2025-06-27T09:37:09+00:00\" \/>\n<meta name=\"twitter:card\" content=\"summary_large_image\" \/>\n<meta name=\"twitter:label1\" content=\"Dur\u00e9e de lecture estim\u00e9e\" \/>\n\t<meta name=\"twitter:data1\" content=\"1 minute\" \/>\n<script type=\"application\/ld+json\" class=\"yoast-schema-graph\">{\"@context\":\"https:\\\/\\\/schema.org\",\"@graph\":[{\"@type\":\"WebPage\",\"@id\":\"https:\\\/\\\/georganics.sk\\\/fr\\\/research\\\/a-general-continuous-flow-method-for-palladium-catalysed-carbonylation-reactions-using-single-and-multiple-tube-in-tube-gas-liquid-microreactors\\\/\",\"url\":\"https:\\\/\\\/georganics.sk\\\/fr\\\/research\\\/a-general-continuous-flow-method-for-palladium-catalysed-carbonylation-reactions-using-single-and-multiple-tube-in-tube-gas-liquid-microreactors\\\/\",\"name\":\"A General Continuous Flow Method for Palladium Catalysed Carbonylation Reactions Using Single and Multiple Tube-in-Tube Gas-Liquid Microreactors. - Georganics\",\"isPartOf\":{\"@id\":\"https:\\\/\\\/georganics.sk\\\/fr\\\/#website\"},\"datePublished\":\"2025-06-17T07:10:50+00:00\",\"dateModified\":\"2025-06-27T09:37:09+00:00\",\"description\":\"Explorez la m\u00e9thode de flux continu pour la carbonylation catalys\u00e9e par le palladium dans les processus avanc\u00e9s de chimie en flux.\",\"breadcrumb\":{\"@id\":\"https:\\\/\\\/georganics.sk\\\/fr\\\/research\\\/a-general-continuous-flow-method-for-palladium-catalysed-carbonylation-reactions-using-single-and-multiple-tube-in-tube-gas-liquid-microreactors\\\/#breadcrumb\"},\"inLanguage\":\"fr-FR\",\"potentialAction\":[{\"@type\":\"ReadAction\",\"target\":[\"https:\\\/\\\/georganics.sk\\\/fr\\\/research\\\/a-general-continuous-flow-method-for-palladium-catalysed-carbonylation-reactions-using-single-and-multiple-tube-in-tube-gas-liquid-microreactors\\\/\"]}]},{\"@type\":\"BreadcrumbList\",\"@id\":\"https:\\\/\\\/georganics.sk\\\/fr\\\/research\\\/a-general-continuous-flow-method-for-palladium-catalysed-carbonylation-reactions-using-single-and-multiple-tube-in-tube-gas-liquid-microreactors\\\/#breadcrumb\",\"itemListElement\":[{\"@type\":\"ListItem\",\"position\":1,\"name\":\"Home page\",\"item\":\"https:\\\/\\\/georganics.sk\\\/fr\\\/\"},{\"@type\":\"ListItem\",\"position\":2,\"name\":\"Recherche sur les produits chimiques et la synth\u00e8se personnalis\u00e9e\",\"item\":\"https:\\\/\\\/georganics.sk\\\/fr\\\/research\\\/\"},{\"@type\":\"ListItem\",\"position\":3,\"name\":\"A General Continuous Flow Method for Palladium Catalysed Carbonylation Reactions Using Single and Multiple Tube-in-Tube Gas-Liquid Microreactors.\"}]},{\"@type\":\"WebSite\",\"@id\":\"https:\\\/\\\/georganics.sk\\\/fr\\\/#website\",\"url\":\"https:\\\/\\\/georganics.sk\\\/fr\\\/\",\"name\":\"Georganics\",\"description\":\"blog\",\"publisher\":{\"@id\":\"https:\\\/\\\/georganics.sk\\\/fr\\\/#organization\"},\"potentialAction\":[{\"@type\":\"SearchAction\",\"target\":{\"@type\":\"EntryPoint\",\"urlTemplate\":\"https:\\\/\\\/georganics.sk\\\/fr\\\/?s={search_term_string}\"},\"query-input\":{\"@type\":\"PropertyValueSpecification\",\"valueRequired\":true,\"valueName\":\"search_term_string\"}}],\"inLanguage\":\"fr-FR\"},{\"@type\":\"Organization\",\"@id\":\"https:\\\/\\\/georganics.sk\\\/fr\\\/#organization\",\"name\":\"Georganics Ltd.\",\"url\":\"https:\\\/\\\/georganics.sk\\\/fr\\\/\",\"logo\":{\"@type\":\"ImageObject\",\"inLanguage\":\"fr-FR\",\"@id\":\"https:\\\/\\\/georganics.sk\\\/fr\\\/#\\\/schema\\\/logo\\\/image\\\/\",\"url\":\"https:\\\/\\\/georganics.sk\\\/wp-content\\\/uploads\\\/2021\\\/03\\\/georganics-logo.png\",\"contentUrl\":\"https:\\\/\\\/georganics.sk\\\/wp-content\\\/uploads\\\/2021\\\/03\\\/georganics-logo.png\",\"width\":382,\"height\":122,\"caption\":\"Georganics Ltd.\"},\"image\":{\"@id\":\"https:\\\/\\\/georganics.sk\\\/fr\\\/#\\\/schema\\\/logo\\\/image\\\/\"}}]}<\/script>\n<!-- \/ Yoast SEO Premium plugin. -->","yoast_head_json":{"title":"A General Continuous Flow Method for Palladium Catalysed Carbonylation Reactions Using Single and Multiple Tube-in-Tube Gas-Liquid Microreactors. - Georganics","description":"Explorez la m\u00e9thode de flux continu pour la carbonylation catalys\u00e9e par le palladium dans les processus avanc\u00e9s de chimie en flux.","robots":{"index":"index","follow":"follow","max-snippet":"max-snippet:-1","max-image-preview":"max-image-preview:large","max-video-preview":"max-video-preview:-1"},"canonical":"https:\/\/georganics.sk\/fr\/research\/a-general-continuous-flow-method-for-palladium-catalysed-carbonylation-reactions-using-single-and-multiple-tube-in-tube-gas-liquid-microreactors\/","og_locale":"fr_FR","og_type":"article","og_title":"A General Continuous Flow Method for Palladium Catalysed Carbonylation Reactions Using Single and Multiple Tube-in-Tube Gas-Liquid Microreactors.","og_description":"Explorez la m\u00e9thode de flux continu pour la carbonylation catalys\u00e9e par le palladium dans les processus avanc\u00e9s de chimie en flux.","og_url":"https:\/\/georganics.sk\/fr\/research\/a-general-continuous-flow-method-for-palladium-catalysed-carbonylation-reactions-using-single-and-multiple-tube-in-tube-gas-liquid-microreactors\/","og_site_name":"Georganics","article_modified_time":"2025-06-27T09:37:09+00:00","twitter_card":"summary_large_image","twitter_misc":{"Dur\u00e9e de lecture estim\u00e9e":"1 minute"},"schema":{"@context":"https:\/\/schema.org","@graph":[{"@type":"WebPage","@id":"https:\/\/georganics.sk\/fr\/research\/a-general-continuous-flow-method-for-palladium-catalysed-carbonylation-reactions-using-single-and-multiple-tube-in-tube-gas-liquid-microreactors\/","url":"https:\/\/georganics.sk\/fr\/research\/a-general-continuous-flow-method-for-palladium-catalysed-carbonylation-reactions-using-single-and-multiple-tube-in-tube-gas-liquid-microreactors\/","name":"A General Continuous Flow Method for Palladium Catalysed Carbonylation Reactions Using Single and Multiple Tube-in-Tube Gas-Liquid Microreactors. - Georganics","isPartOf":{"@id":"https:\/\/georganics.sk\/fr\/#website"},"datePublished":"2025-06-17T07:10:50+00:00","dateModified":"2025-06-27T09:37:09+00:00","description":"Explorez la m\u00e9thode de flux continu pour la carbonylation catalys\u00e9e par le palladium dans les processus avanc\u00e9s de chimie en flux.","breadcrumb":{"@id":"https:\/\/georganics.sk\/fr\/research\/a-general-continuous-flow-method-for-palladium-catalysed-carbonylation-reactions-using-single-and-multiple-tube-in-tube-gas-liquid-microreactors\/#breadcrumb"},"inLanguage":"fr-FR","potentialAction":[{"@type":"ReadAction","target":["https:\/\/georganics.sk\/fr\/research\/a-general-continuous-flow-method-for-palladium-catalysed-carbonylation-reactions-using-single-and-multiple-tube-in-tube-gas-liquid-microreactors\/"]}]},{"@type":"BreadcrumbList","@id":"https:\/\/georganics.sk\/fr\/research\/a-general-continuous-flow-method-for-palladium-catalysed-carbonylation-reactions-using-single-and-multiple-tube-in-tube-gas-liquid-microreactors\/#breadcrumb","itemListElement":[{"@type":"ListItem","position":1,"name":"Home page","item":"https:\/\/georganics.sk\/fr\/"},{"@type":"ListItem","position":2,"name":"Recherche sur les produits chimiques et la synth\u00e8se personnalis\u00e9e","item":"https:\/\/georganics.sk\/fr\/research\/"},{"@type":"ListItem","position":3,"name":"A General Continuous Flow Method for Palladium Catalysed Carbonylation Reactions Using Single and Multiple Tube-in-Tube Gas-Liquid Microreactors."}]},{"@type":"WebSite","@id":"https:\/\/georganics.sk\/fr\/#website","url":"https:\/\/georganics.sk\/fr\/","name":"Georganics","description":"blog","publisher":{"@id":"https:\/\/georganics.sk\/fr\/#organization"},"potentialAction":[{"@type":"SearchAction","target":{"@type":"EntryPoint","urlTemplate":"https:\/\/georganics.sk\/fr\/?s={search_term_string}"},"query-input":{"@type":"PropertyValueSpecification","valueRequired":true,"valueName":"search_term_string"}}],"inLanguage":"fr-FR"},{"@type":"Organization","@id":"https:\/\/georganics.sk\/fr\/#organization","name":"Georganics Ltd.","url":"https:\/\/georganics.sk\/fr\/","logo":{"@type":"ImageObject","inLanguage":"fr-FR","@id":"https:\/\/georganics.sk\/fr\/#\/schema\/logo\/image\/","url":"https:\/\/georganics.sk\/wp-content\/uploads\/2021\/03\/georganics-logo.png","contentUrl":"https:\/\/georganics.sk\/wp-content\/uploads\/2021\/03\/georganics-logo.png","width":382,"height":122,"caption":"Georganics Ltd."},"image":{"@id":"https:\/\/georganics.sk\/fr\/#\/schema\/logo\/image\/"}}]}},"_links":{"self":[{"href":"https:\/\/georganics.sk\/fr\/wp-json\/wp\/v2\/pages\/33773","targetHints":{"allow":["GET"]}}],"collection":[{"href":"https:\/\/georganics.sk\/fr\/wp-json\/wp\/v2\/pages"}],"about":[{"href":"https:\/\/georganics.sk\/fr\/wp-json\/wp\/v2\/types\/page"}],"author":[{"embeddable":true,"href":"https:\/\/georganics.sk\/fr\/wp-json\/wp\/v2\/users\/6"}],"replies":[{"embeddable":true,"href":"https:\/\/georganics.sk\/fr\/wp-json\/wp\/v2\/comments?post=33773"}],"version-history":[{"count":0,"href":"https:\/\/georganics.sk\/fr\/wp-json\/wp\/v2\/pages\/33773\/revisions"}],"up":[{"embeddable":true,"href":"https:\/\/georganics.sk\/fr\/wp-json\/wp\/v2\/pages\/18920"}],"wp:attachment":[{"href":"https:\/\/georganics.sk\/fr\/wp-json\/wp\/v2\/media?parent=33773"}],"wp:term":[{"taxonomy":"folder","embeddable":true,"href":"https:\/\/georganics.sk\/fr\/wp-json\/wp\/v2\/folder?post=33773"}],"curies":[{"name":"wp","href":"https:\/\/api.w.org\/{rel}","templated":true}]}}