{"id":33756,"date":"2025-06-17T09:44:49","date_gmt":"2025-06-17T07:44:49","guid":{"rendered":"https:\/\/georganics.sk\/research\/zn-mediated-reduction-of-oxalyl-chloride-forming-co-and-its-application-in-carbonylation-reactions\/"},"modified":"2025-06-24T21:10:51","modified_gmt":"2025-06-24T19:10:51","slug":"zn-mediated-reduction-of-oxalyl-chloride-forming-co-and-its-application-in-carbonylation-reactions","status":"publish","type":"page","link":"https:\/\/georganics.sk\/fr\/research\/zn-mediated-reduction-of-oxalyl-chloride-forming-co-and-its-application-in-carbonylation-reactions\/","title":{"rendered":"Zn-Mediated Reduction of Oxalyl Chloride Forming CO and Its Application in Carbonylation Reactions"},"content":{"rendered":"<p>Un protocole efficace de production de monoxyde de carbone par r\u00e9duction du chlorure d&rsquo;oxalyle m\u00e9di\u00e9e par le zinc a \u00e9t\u00e9 d\u00e9velopp\u00e9. Le chlorure d&rsquo;oxalyle a \u00e9t\u00e9 utilis\u00e9 comme substitut extr\u00eamement efficace du CO gazeux toxique dans les proc\u00e9d\u00e9s d&rsquo;alcoxy-\/amino-\/hydrog\u00e8ne-\/hydroxycarbonylation catalys\u00e9s par le palladium, produisant des esters, des amides, des ald\u00e9hydes et des <a href=\"https:\/\/georganics.sk\/fr\/category\/anhydrides-imides-hydrazides-derives-de-lacide-carboxylique\/\" target=\"_blank\" rel=\"noopener\">acides carboxyliques<\/a> d&rsquo;int\u00e9r\u00eat industriel avec des rendements bons \u00e0 excellents. Cette nouvelle proc\u00e9dure peut \u00eatre appliqu\u00e9e \u00e0 diverses r\u00e9actions de carbonylation en pr\u00e9sence d&rsquo;un catalyseur \u00e0 base de m\u00e9tal de transition, dans des conditions douces et avec une quantit\u00e9 st\u0153chiom\u00e9trique de source de CO.<\/p>\n","protected":false},"excerpt":{"rendered":"<p>Un protocole efficace de production de monoxyde de carbone par r\u00e9duction du chlorure d&rsquo;oxalyle m\u00e9di\u00e9e par le zinc a \u00e9t\u00e9 d\u00e9velopp\u00e9. Le chlorure d&rsquo;oxalyle a \u00e9t\u00e9 utilis\u00e9 comme substitut extr\u00eamement efficace du CO gazeux toxique dans les proc\u00e9d\u00e9s d&rsquo;alcoxy-\/amino-\/hydrog\u00e8ne-\/hydroxycarbonylation catalys\u00e9s par le palladium, produisant des esters, des amides, des ald\u00e9hydes et des acides carboxyliques d&rsquo;int\u00e9r\u00eat [&hellip;]<\/p>\n","protected":false},"author":6,"featured_media":0,"parent":18920,"menu_order":0,"comment_status":"closed","ping_status":"closed","template":"template-randpost.php","meta":{"_acf_changed":false,"footnotes":""},"folder":[624],"class_list":["post-33756","page","type-page","status-publish","hentry"],"acf":[],"yoast_head":"<!-- This site is optimized with the Yoast SEO Premium plugin v27.4 (Yoast SEO v27.4) - https:\/\/yoast.com\/product\/yoast-seo-premium-wordpress\/ -->\n<title>Zn-Mediated Reduction of Oxalyl Chloride Forming CO and Its Application in Carbonylation Reactions - Georganics<\/title>\n<meta name=\"description\" content=\"Explorer la r\u00e9duction du chlorure d&#039;oxalyle m\u00e9di\u00e9e par le Zn pour la g\u00e9n\u00e9ration de monoxyde de carbone dans la synth\u00e8se organique.\" \/>\n<meta name=\"robots\" content=\"index, follow, max-snippet:-1, max-image-preview:large, max-video-preview:-1\" \/>\n<link rel=\"canonical\" href=\"https:\/\/georganics.sk\/fr\/research\/zn-mediated-reduction-of-oxalyl-chloride-forming-co-and-its-application-in-carbonylation-reactions\/\" \/>\n<meta property=\"og:locale\" content=\"fr_FR\" \/>\n<meta property=\"og:type\" content=\"article\" \/>\n<meta property=\"og:title\" content=\"Zn-Mediated Reduction of Oxalyl Chloride Forming CO and Its Application in Carbonylation Reactions\" \/>\n<meta property=\"og:description\" content=\"Explorer la r\u00e9duction du chlorure d&#039;oxalyle m\u00e9di\u00e9e par le Zn pour la g\u00e9n\u00e9ration de monoxyde de carbone dans la synth\u00e8se organique.\" \/>\n<meta property=\"og:url\" content=\"https:\/\/georganics.sk\/fr\/research\/zn-mediated-reduction-of-oxalyl-chloride-forming-co-and-its-application-in-carbonylation-reactions\/\" \/>\n<meta property=\"og:site_name\" content=\"Georganics\" \/>\n<meta property=\"article:modified_time\" content=\"2025-06-24T19:10:51+00:00\" \/>\n<meta name=\"twitter:card\" content=\"summary_large_image\" \/>\n<meta name=\"twitter:label1\" content=\"Dur\u00e9e de lecture estim\u00e9e\" \/>\n\t<meta name=\"twitter:data1\" content=\"1 minute\" \/>\n<script type=\"application\/ld+json\" class=\"yoast-schema-graph\">{\"@context\":\"https:\\\/\\\/schema.org\",\"@graph\":[{\"@type\":\"WebPage\",\"@id\":\"https:\\\/\\\/georganics.sk\\\/fr\\\/research\\\/zn-mediated-reduction-of-oxalyl-chloride-forming-co-and-its-application-in-carbonylation-reactions\\\/\",\"url\":\"https:\\\/\\\/georganics.sk\\\/fr\\\/research\\\/zn-mediated-reduction-of-oxalyl-chloride-forming-co-and-its-application-in-carbonylation-reactions\\\/\",\"name\":\"Zn-Mediated Reduction of Oxalyl Chloride Forming CO and Its Application in Carbonylation Reactions - Georganics\",\"isPartOf\":{\"@id\":\"https:\\\/\\\/georganics.sk\\\/fr\\\/#website\"},\"datePublished\":\"2025-06-17T07:44:49+00:00\",\"dateModified\":\"2025-06-24T19:10:51+00:00\",\"description\":\"Explorer la r\u00e9duction du chlorure d'oxalyle m\u00e9di\u00e9e par le Zn pour la g\u00e9n\u00e9ration de monoxyde de carbone dans la synth\u00e8se organique.\",\"breadcrumb\":{\"@id\":\"https:\\\/\\\/georganics.sk\\\/fr\\\/research\\\/zn-mediated-reduction-of-oxalyl-chloride-forming-co-and-its-application-in-carbonylation-reactions\\\/#breadcrumb\"},\"inLanguage\":\"fr-FR\",\"potentialAction\":[{\"@type\":\"ReadAction\",\"target\":[\"https:\\\/\\\/georganics.sk\\\/fr\\\/research\\\/zn-mediated-reduction-of-oxalyl-chloride-forming-co-and-its-application-in-carbonylation-reactions\\\/\"]}]},{\"@type\":\"BreadcrumbList\",\"@id\":\"https:\\\/\\\/georganics.sk\\\/fr\\\/research\\\/zn-mediated-reduction-of-oxalyl-chloride-forming-co-and-its-application-in-carbonylation-reactions\\\/#breadcrumb\",\"itemListElement\":[{\"@type\":\"ListItem\",\"position\":1,\"name\":\"Home page\",\"item\":\"https:\\\/\\\/georganics.sk\\\/fr\\\/\"},{\"@type\":\"ListItem\",\"position\":2,\"name\":\"Recherche sur les produits chimiques et la synth\u00e8se personnalis\u00e9e\",\"item\":\"https:\\\/\\\/georganics.sk\\\/fr\\\/research\\\/\"},{\"@type\":\"ListItem\",\"position\":3,\"name\":\"Zn-Mediated Reduction of Oxalyl Chloride Forming CO and Its Application in Carbonylation Reactions\"}]},{\"@type\":\"WebSite\",\"@id\":\"https:\\\/\\\/georganics.sk\\\/fr\\\/#website\",\"url\":\"https:\\\/\\\/georganics.sk\\\/fr\\\/\",\"name\":\"Georganics\",\"description\":\"blog\",\"publisher\":{\"@id\":\"https:\\\/\\\/georganics.sk\\\/fr\\\/#organization\"},\"potentialAction\":[{\"@type\":\"SearchAction\",\"target\":{\"@type\":\"EntryPoint\",\"urlTemplate\":\"https:\\\/\\\/georganics.sk\\\/fr\\\/?s={search_term_string}\"},\"query-input\":{\"@type\":\"PropertyValueSpecification\",\"valueRequired\":true,\"valueName\":\"search_term_string\"}}],\"inLanguage\":\"fr-FR\"},{\"@type\":\"Organization\",\"@id\":\"https:\\\/\\\/georganics.sk\\\/fr\\\/#organization\",\"name\":\"Georganics Ltd.\",\"url\":\"https:\\\/\\\/georganics.sk\\\/fr\\\/\",\"logo\":{\"@type\":\"ImageObject\",\"inLanguage\":\"fr-FR\",\"@id\":\"https:\\\/\\\/georganics.sk\\\/fr\\\/#\\\/schema\\\/logo\\\/image\\\/\",\"url\":\"https:\\\/\\\/georganics.sk\\\/wp-content\\\/uploads\\\/2021\\\/03\\\/georganics-logo.png\",\"contentUrl\":\"https:\\\/\\\/georganics.sk\\\/wp-content\\\/uploads\\\/2021\\\/03\\\/georganics-logo.png\",\"width\":382,\"height\":122,\"caption\":\"Georganics Ltd.\"},\"image\":{\"@id\":\"https:\\\/\\\/georganics.sk\\\/fr\\\/#\\\/schema\\\/logo\\\/image\\\/\"}}]}<\/script>\n<!-- \/ Yoast SEO Premium plugin. -->","yoast_head_json":{"title":"Zn-Mediated Reduction of Oxalyl Chloride Forming CO and Its Application in Carbonylation Reactions - Georganics","description":"Explorer la r\u00e9duction du chlorure d'oxalyle m\u00e9di\u00e9e par le Zn pour la g\u00e9n\u00e9ration de monoxyde de carbone dans la synth\u00e8se organique.","robots":{"index":"index","follow":"follow","max-snippet":"max-snippet:-1","max-image-preview":"max-image-preview:large","max-video-preview":"max-video-preview:-1"},"canonical":"https:\/\/georganics.sk\/fr\/research\/zn-mediated-reduction-of-oxalyl-chloride-forming-co-and-its-application-in-carbonylation-reactions\/","og_locale":"fr_FR","og_type":"article","og_title":"Zn-Mediated Reduction of Oxalyl Chloride Forming CO and Its Application in Carbonylation Reactions","og_description":"Explorer la r\u00e9duction du chlorure d'oxalyle m\u00e9di\u00e9e par le Zn pour la g\u00e9n\u00e9ration de monoxyde de carbone dans la synth\u00e8se organique.","og_url":"https:\/\/georganics.sk\/fr\/research\/zn-mediated-reduction-of-oxalyl-chloride-forming-co-and-its-application-in-carbonylation-reactions\/","og_site_name":"Georganics","article_modified_time":"2025-06-24T19:10:51+00:00","twitter_card":"summary_large_image","twitter_misc":{"Dur\u00e9e de lecture estim\u00e9e":"1 minute"},"schema":{"@context":"https:\/\/schema.org","@graph":[{"@type":"WebPage","@id":"https:\/\/georganics.sk\/fr\/research\/zn-mediated-reduction-of-oxalyl-chloride-forming-co-and-its-application-in-carbonylation-reactions\/","url":"https:\/\/georganics.sk\/fr\/research\/zn-mediated-reduction-of-oxalyl-chloride-forming-co-and-its-application-in-carbonylation-reactions\/","name":"Zn-Mediated Reduction of Oxalyl Chloride Forming CO and Its Application in Carbonylation Reactions - Georganics","isPartOf":{"@id":"https:\/\/georganics.sk\/fr\/#website"},"datePublished":"2025-06-17T07:44:49+00:00","dateModified":"2025-06-24T19:10:51+00:00","description":"Explorer la r\u00e9duction du chlorure d'oxalyle m\u00e9di\u00e9e par le Zn pour la g\u00e9n\u00e9ration de monoxyde de carbone dans la synth\u00e8se organique.","breadcrumb":{"@id":"https:\/\/georganics.sk\/fr\/research\/zn-mediated-reduction-of-oxalyl-chloride-forming-co-and-its-application-in-carbonylation-reactions\/#breadcrumb"},"inLanguage":"fr-FR","potentialAction":[{"@type":"ReadAction","target":["https:\/\/georganics.sk\/fr\/research\/zn-mediated-reduction-of-oxalyl-chloride-forming-co-and-its-application-in-carbonylation-reactions\/"]}]},{"@type":"BreadcrumbList","@id":"https:\/\/georganics.sk\/fr\/research\/zn-mediated-reduction-of-oxalyl-chloride-forming-co-and-its-application-in-carbonylation-reactions\/#breadcrumb","itemListElement":[{"@type":"ListItem","position":1,"name":"Home page","item":"https:\/\/georganics.sk\/fr\/"},{"@type":"ListItem","position":2,"name":"Recherche sur les produits chimiques et la synth\u00e8se personnalis\u00e9e","item":"https:\/\/georganics.sk\/fr\/research\/"},{"@type":"ListItem","position":3,"name":"Zn-Mediated Reduction of Oxalyl Chloride Forming CO and Its Application in Carbonylation Reactions"}]},{"@type":"WebSite","@id":"https:\/\/georganics.sk\/fr\/#website","url":"https:\/\/georganics.sk\/fr\/","name":"Georganics","description":"blog","publisher":{"@id":"https:\/\/georganics.sk\/fr\/#organization"},"potentialAction":[{"@type":"SearchAction","target":{"@type":"EntryPoint","urlTemplate":"https:\/\/georganics.sk\/fr\/?s={search_term_string}"},"query-input":{"@type":"PropertyValueSpecification","valueRequired":true,"valueName":"search_term_string"}}],"inLanguage":"fr-FR"},{"@type":"Organization","@id":"https:\/\/georganics.sk\/fr\/#organization","name":"Georganics Ltd.","url":"https:\/\/georganics.sk\/fr\/","logo":{"@type":"ImageObject","inLanguage":"fr-FR","@id":"https:\/\/georganics.sk\/fr\/#\/schema\/logo\/image\/","url":"https:\/\/georganics.sk\/wp-content\/uploads\/2021\/03\/georganics-logo.png","contentUrl":"https:\/\/georganics.sk\/wp-content\/uploads\/2021\/03\/georganics-logo.png","width":382,"height":122,"caption":"Georganics Ltd."},"image":{"@id":"https:\/\/georganics.sk\/fr\/#\/schema\/logo\/image\/"}}]}},"_links":{"self":[{"href":"https:\/\/georganics.sk\/fr\/wp-json\/wp\/v2\/pages\/33756","targetHints":{"allow":["GET"]}}],"collection":[{"href":"https:\/\/georganics.sk\/fr\/wp-json\/wp\/v2\/pages"}],"about":[{"href":"https:\/\/georganics.sk\/fr\/wp-json\/wp\/v2\/types\/page"}],"author":[{"embeddable":true,"href":"https:\/\/georganics.sk\/fr\/wp-json\/wp\/v2\/users\/6"}],"replies":[{"embeddable":true,"href":"https:\/\/georganics.sk\/fr\/wp-json\/wp\/v2\/comments?post=33756"}],"version-history":[{"count":0,"href":"https:\/\/georganics.sk\/fr\/wp-json\/wp\/v2\/pages\/33756\/revisions"}],"up":[{"embeddable":true,"href":"https:\/\/georganics.sk\/fr\/wp-json\/wp\/v2\/pages\/18920"}],"wp:attachment":[{"href":"https:\/\/georganics.sk\/fr\/wp-json\/wp\/v2\/media?parent=33756"}],"wp:term":[{"taxonomy":"folder","embeddable":true,"href":"https:\/\/georganics.sk\/fr\/wp-json\/wp\/v2\/folder?post=33756"}],"curies":[{"name":"wp","href":"https:\/\/api.w.org\/{rel}","templated":true}]}}