{"id":33538,"date":"2025-06-17T11:10:54","date_gmt":"2025-06-17T09:10:54","guid":{"rendered":"https:\/\/georganics.sk\/chimie-des-flux\/"},"modified":"2025-06-17T11:27:54","modified_gmt":"2025-06-17T09:27:54","slug":"flow-chemistry","status":"publish","type":"page","link":"https:\/\/georganics.sk\/fr\/flow-chemistry\/","title":{"rendered":"Chimie des flux"},"content":{"rendered":"<ul>\n<li class=\"ai-optimize-7 ai-optimize-introduction\">Notre \u00e9quipe dispose d&rsquo;une exp\u00e9rience et d&rsquo;une expertise consid\u00e9rables dans le domaine de la <strong>chimie des flux<\/strong>. Nous avons utilis\u00e9 les principes de la chimie des flux pour d\u00e9velopper des <strong>solutions innovantes<\/strong>et optimiser les processus pour diff\u00e9rentes applications. <\/li>\n<li class=\"ai-optimize-7\"><strong>Contr\u00f4le pr\u00e9cis<\/strong> des param\u00e8tres de r\u00e9action (temp\u00e9rature, pression, temps de s\u00e9jour) permettant d&rsquo;am\u00e9liorer la s\u00e9lectivit\u00e9 et le rendement.<\/li>\n<li class=\"ai-optimize-7\"><strong>Am\u00e9lioration de la s\u00e9curit\u00e9<\/strong> en minimisant le risque de r\u00e9actions dangereuses et en r\u00e9duisant l&rsquo;accumulation d&rsquo;interm\u00e9diaires dangereux.<\/li>\n<li class=\"ai-optimize-7\"><strong>Efficacit\u00e9<\/strong> et productivit\u00e9 <strong>accrues<\/strong> gr\u00e2ce \u00e0 l&rsquo;optimisation rapide des r\u00e9actions et \u00e0 la mise \u00e0 l&rsquo;\u00e9chelle.<\/li>\n<li class=\"ai-optimize-7\"><strong>Synth\u00e8se rationalis\u00e9e<\/strong> de mol\u00e9cules complexes par l&rsquo;int\u00e9gration de r\u00e9actions multiples dans un seul syst\u00e8me \u00e0 flux continu.<\/li>\n<li class=\"ai-optimize-7\"><strong>Approche respectueuse de l&rsquo;environnement<\/strong> avec une r\u00e9duction de la production de d\u00e9chets, de la quantit\u00e9 de r\u00e9actifs et de solvants et de la consommation d&rsquo;\u00e9nergie.<\/li>\n<li class=\"ai-optimize-7\">Prometteur pour les industries telles que les <strong>produits pharmaceutiques, la chimie fine et la science des mat\u00e9riaux<\/strong>.<\/li>\n<\/ul>\n","protected":false},"excerpt":{"rendered":"<p>Notre \u00e9quipe dispose d&rsquo;une exp\u00e9rience et d&rsquo;une expertise consid\u00e9rables dans le domaine de la chimie des flux. Nous avons utilis\u00e9 les principes de la chimie des flux pour d\u00e9velopper des solutions innovanteset optimiser les processus pour diff\u00e9rentes applications. Contr\u00f4le pr\u00e9cis des param\u00e8tres de r\u00e9action (temp\u00e9rature, pression, temps de s\u00e9jour) permettant d&rsquo;am\u00e9liorer la s\u00e9lectivit\u00e9 et le [&hellip;]<\/p>\n","protected":false},"author":2,"featured_media":0,"parent":0,"menu_order":0,"comment_status":"closed","ping_status":"closed","template":"template-flowchemistry.php","meta":{"_acf_changed":false,"footnotes":""},"folder":[],"class_list":["post-33538","page","type-page","status-publish","hentry"],"acf":[],"yoast_head":"<!-- This site is optimized with the Yoast SEO Premium plugin v27.4 (Yoast SEO v27.4) - https:\/\/yoast.com\/product\/yoast-seo-premium-wordpress\/ -->\n<title>Chimie des flux - Georganics<\/title>\n<meta name=\"description\" content=\"Explorez les avantages de la chimie de flux pour optimiser les processus, am\u00e9liorer le rendement et renforcer la s\u00e9curit\u00e9 des r\u00e9actions chimiques.\" \/>\n<meta name=\"robots\" content=\"index, follow, max-snippet:-1, max-image-preview:large, max-video-preview:-1\" \/>\n<link rel=\"canonical\" href=\"https:\/\/georganics.sk\/fr\/flow-chemistry\/\" \/>\n<meta property=\"og:locale\" content=\"fr_FR\" \/>\n<meta property=\"og:type\" content=\"article\" \/>\n<meta property=\"og:title\" content=\"Chimie des flux\" \/>\n<meta property=\"og:description\" content=\"Explorez les avantages de la chimie de flux pour optimiser les processus, am\u00e9liorer le rendement et renforcer la s\u00e9curit\u00e9 des r\u00e9actions chimiques.\" \/>\n<meta property=\"og:url\" content=\"https:\/\/georganics.sk\/fr\/flow-chemistry\/\" \/>\n<meta property=\"og:site_name\" content=\"Georganics\" \/>\n<meta property=\"article:modified_time\" content=\"2025-06-17T09:27:54+00:00\" \/>\n<meta name=\"twitter:card\" content=\"summary_large_image\" \/>\n<meta name=\"twitter:label1\" content=\"Dur\u00e9e de lecture estim\u00e9e\" \/>\n\t<meta name=\"twitter:data1\" content=\"2 minutes\" \/>\n<script type=\"application\/ld+json\" class=\"yoast-schema-graph\">{\"@context\":\"https:\\\/\\\/schema.org\",\"@graph\":[{\"@type\":\"WebPage\",\"@id\":\"https:\\\/\\\/georganics.sk\\\/fr\\\/flow-chemistry\\\/\",\"url\":\"https:\\\/\\\/georganics.sk\\\/fr\\\/flow-chemistry\\\/\",\"name\":\"Chimie des flux - Georganics\",\"isPartOf\":{\"@id\":\"https:\\\/\\\/georganics.sk\\\/fr\\\/#website\"},\"datePublished\":\"2025-06-17T09:10:54+00:00\",\"dateModified\":\"2025-06-17T09:27:54+00:00\",\"description\":\"Explorez les avantages de la chimie de flux pour optimiser les processus, am\u00e9liorer le rendement et renforcer la s\u00e9curit\u00e9 des r\u00e9actions chimiques.\",\"breadcrumb\":{\"@id\":\"https:\\\/\\\/georganics.sk\\\/fr\\\/flow-chemistry\\\/#breadcrumb\"},\"inLanguage\":\"fr-FR\",\"potentialAction\":[{\"@type\":\"ReadAction\",\"target\":[\"https:\\\/\\\/georganics.sk\\\/fr\\\/flow-chemistry\\\/\"]}]},{\"@type\":\"BreadcrumbList\",\"@id\":\"https:\\\/\\\/georganics.sk\\\/fr\\\/flow-chemistry\\\/#breadcrumb\",\"itemListElement\":[{\"@type\":\"ListItem\",\"position\":1,\"name\":\"Home page\",\"item\":\"https:\\\/\\\/georganics.sk\\\/fr\\\/\"},{\"@type\":\"ListItem\",\"position\":2,\"name\":\"Chimie des flux\"}]},{\"@type\":\"WebSite\",\"@id\":\"https:\\\/\\\/georganics.sk\\\/fr\\\/#website\",\"url\":\"https:\\\/\\\/georganics.sk\\\/fr\\\/\",\"name\":\"Georganics\",\"description\":\"blog\",\"publisher\":{\"@id\":\"https:\\\/\\\/georganics.sk\\\/fr\\\/#organization\"},\"potentialAction\":[{\"@type\":\"SearchAction\",\"target\":{\"@type\":\"EntryPoint\",\"urlTemplate\":\"https:\\\/\\\/georganics.sk\\\/fr\\\/?s={search_term_string}\"},\"query-input\":{\"@type\":\"PropertyValueSpecification\",\"valueRequired\":true,\"valueName\":\"search_term_string\"}}],\"inLanguage\":\"fr-FR\"},{\"@type\":\"Organization\",\"@id\":\"https:\\\/\\\/georganics.sk\\\/fr\\\/#organization\",\"name\":\"Georganics Ltd.\",\"url\":\"https:\\\/\\\/georganics.sk\\\/fr\\\/\",\"logo\":{\"@type\":\"ImageObject\",\"inLanguage\":\"fr-FR\",\"@id\":\"https:\\\/\\\/georganics.sk\\\/fr\\\/#\\\/schema\\\/logo\\\/image\\\/\",\"url\":\"https:\\\/\\\/georganics.sk\\\/wp-content\\\/uploads\\\/2021\\\/03\\\/georganics-logo.png\",\"contentUrl\":\"https:\\\/\\\/georganics.sk\\\/wp-content\\\/uploads\\\/2021\\\/03\\\/georganics-logo.png\",\"width\":382,\"height\":122,\"caption\":\"Georganics Ltd.\"},\"image\":{\"@id\":\"https:\\\/\\\/georganics.sk\\\/fr\\\/#\\\/schema\\\/logo\\\/image\\\/\"}}]}<\/script>\n<!-- \/ Yoast SEO Premium plugin. -->","yoast_head_json":{"title":"Chimie des flux - Georganics","description":"Explorez les avantages de la chimie de flux pour optimiser les processus, am\u00e9liorer le rendement et renforcer la s\u00e9curit\u00e9 des r\u00e9actions chimiques.","robots":{"index":"index","follow":"follow","max-snippet":"max-snippet:-1","max-image-preview":"max-image-preview:large","max-video-preview":"max-video-preview:-1"},"canonical":"https:\/\/georganics.sk\/fr\/flow-chemistry\/","og_locale":"fr_FR","og_type":"article","og_title":"Chimie des flux","og_description":"Explorez les avantages de la chimie de flux pour optimiser les processus, am\u00e9liorer le rendement et renforcer la s\u00e9curit\u00e9 des r\u00e9actions chimiques.","og_url":"https:\/\/georganics.sk\/fr\/flow-chemistry\/","og_site_name":"Georganics","article_modified_time":"2025-06-17T09:27:54+00:00","twitter_card":"summary_large_image","twitter_misc":{"Dur\u00e9e de lecture estim\u00e9e":"2 minutes"},"schema":{"@context":"https:\/\/schema.org","@graph":[{"@type":"WebPage","@id":"https:\/\/georganics.sk\/fr\/flow-chemistry\/","url":"https:\/\/georganics.sk\/fr\/flow-chemistry\/","name":"Chimie des flux - Georganics","isPartOf":{"@id":"https:\/\/georganics.sk\/fr\/#website"},"datePublished":"2025-06-17T09:10:54+00:00","dateModified":"2025-06-17T09:27:54+00:00","description":"Explorez les avantages de la chimie de flux pour optimiser les processus, am\u00e9liorer le rendement et renforcer la s\u00e9curit\u00e9 des r\u00e9actions chimiques.","breadcrumb":{"@id":"https:\/\/georganics.sk\/fr\/flow-chemistry\/#breadcrumb"},"inLanguage":"fr-FR","potentialAction":[{"@type":"ReadAction","target":["https:\/\/georganics.sk\/fr\/flow-chemistry\/"]}]},{"@type":"BreadcrumbList","@id":"https:\/\/georganics.sk\/fr\/flow-chemistry\/#breadcrumb","itemListElement":[{"@type":"ListItem","position":1,"name":"Home page","item":"https:\/\/georganics.sk\/fr\/"},{"@type":"ListItem","position":2,"name":"Chimie des flux"}]},{"@type":"WebSite","@id":"https:\/\/georganics.sk\/fr\/#website","url":"https:\/\/georganics.sk\/fr\/","name":"Georganics","description":"blog","publisher":{"@id":"https:\/\/georganics.sk\/fr\/#organization"},"potentialAction":[{"@type":"SearchAction","target":{"@type":"EntryPoint","urlTemplate":"https:\/\/georganics.sk\/fr\/?s={search_term_string}"},"query-input":{"@type":"PropertyValueSpecification","valueRequired":true,"valueName":"search_term_string"}}],"inLanguage":"fr-FR"},{"@type":"Organization","@id":"https:\/\/georganics.sk\/fr\/#organization","name":"Georganics Ltd.","url":"https:\/\/georganics.sk\/fr\/","logo":{"@type":"ImageObject","inLanguage":"fr-FR","@id":"https:\/\/georganics.sk\/fr\/#\/schema\/logo\/image\/","url":"https:\/\/georganics.sk\/wp-content\/uploads\/2021\/03\/georganics-logo.png","contentUrl":"https:\/\/georganics.sk\/wp-content\/uploads\/2021\/03\/georganics-logo.png","width":382,"height":122,"caption":"Georganics Ltd."},"image":{"@id":"https:\/\/georganics.sk\/fr\/#\/schema\/logo\/image\/"}}]}},"_links":{"self":[{"href":"https:\/\/georganics.sk\/fr\/wp-json\/wp\/v2\/pages\/33538","targetHints":{"allow":["GET"]}}],"collection":[{"href":"https:\/\/georganics.sk\/fr\/wp-json\/wp\/v2\/pages"}],"about":[{"href":"https:\/\/georganics.sk\/fr\/wp-json\/wp\/v2\/types\/page"}],"author":[{"embeddable":true,"href":"https:\/\/georganics.sk\/fr\/wp-json\/wp\/v2\/users\/2"}],"replies":[{"embeddable":true,"href":"https:\/\/georganics.sk\/fr\/wp-json\/wp\/v2\/comments?post=33538"}],"version-history":[{"count":0,"href":"https:\/\/georganics.sk\/fr\/wp-json\/wp\/v2\/pages\/33538\/revisions"}],"wp:attachment":[{"href":"https:\/\/georganics.sk\/fr\/wp-json\/wp\/v2\/media?parent=33538"}],"wp:term":[{"taxonomy":"folder","embeddable":true,"href":"https:\/\/georganics.sk\/fr\/wp-json\/wp\/v2\/folder?post=33538"}],"curies":[{"name":"wp","href":"https:\/\/api.w.org\/{rel}","templated":true}]}}