{"id":32909,"date":"2025-04-10T13:16:44","date_gmt":"2025-04-10T11:16:44","guid":{"rendered":"https:\/\/georganics.sk\/?page_id=32909"},"modified":"2025-06-23T10:30:45","modified_gmt":"2025-06-23T08:30:45","slug":"standards-of-active-pharmaceutical-ingredients-apis","status":"publish","type":"page","link":"https:\/\/georganics.sk\/fr\/special-offers\/standards-of-active-pharmaceutical-ingredients-apis\/","title":{"rendered":"Normes relatives aux ingr\u00e9dients pharmaceutiques actifs (IPA)"},"content":{"rendered":"<p><strong>Normes d&rsquo;ingr\u00e9dients pharmaceutiques actifs (IPA)<\/strong><\/p>\n<p>Nous fournissons des \u00e9talons de principes pharmaceutiques actifs (API) de haute qualit\u00e9. Nos services comprennent \u00e9galement la production d&rsquo;impuret\u00e9s sp\u00e9cifiques qui peuvent appara\u00eetre lors de la synth\u00e8se des IPA ou lors des \u00e9tudes de stabilit\u00e9 de ces \u00e9talons.<\/p>\n<p><strong>Sp\u00e9cifications des normes API:<\/strong><\/p>\n<ul>\n<li><strong>Puret\u00e9 chimique:<\/strong> Minimum 98,0% (HPLC)<\/li>\n<li><strong>Analyse RMN:<\/strong>R\u00e9sultats conformes<\/li>\n<li><strong>Perte au s\u00e9chage:<\/strong> \u2264 0,5%<\/li>\n<\/ul>\n<p>Nous sommes fiers de nous adapter aux besoins sp\u00e9cifiques de nos clients, en offrant des analyses suppl\u00e9mentaires telles que :<\/p>\n<ul>\n<li>Point de fusion, teneur en eau (K.F.), limpidit\u00e9, couleur, autres param\u00e8tres demand\u00e9s par le client<\/li>\n<\/ul>\n<p>Nous assurons un contr\u00f4le de qualit\u00e9 pr\u00e9cis et une flexibilit\u00e9 permettant de r\u00e9pondre aux besoins les plus exigeants de nos partenaires. Si vous \u00eates \u00e0 la recherche d&rsquo;\u00e9talons pharmaceutiques fiables et pr\u00e9cis, nous sommes l\u00e0 pour vous <a href=\"https:\/\/georganics.sk\/fr\/contact\/\">assister<\/a> !<\/p>\n","protected":false},"excerpt":{"rendered":"<p>Normes d&rsquo;ingr\u00e9dients pharmaceutiques actifs (IPA) Nous fournissons des \u00e9talons de principes pharmaceutiques actifs (API) de haute qualit\u00e9. Nos services comprennent \u00e9galement la production d&rsquo;impuret\u00e9s sp\u00e9cifiques qui peuvent appara\u00eetre lors de la synth\u00e8se des IPA ou lors des \u00e9tudes de stabilit\u00e9 de ces \u00e9talons. Sp\u00e9cifications des normes API: Puret\u00e9 chimique: Minimum 98,0% (HPLC) Analyse RMN:R\u00e9sultats conformes [&hellip;]<\/p>\n","protected":false},"author":2,"featured_media":0,"parent":18926,"menu_order":0,"comment_status":"closed","ping_status":"closed","template":"template-standards-of-active-pharmaceutical-ingredients-apis.php","meta":{"_acf_changed":false,"footnotes":""},"folder":[],"class_list":["post-32909","page","type-page","status-publish","hentry"],"acf":[],"yoast_head":"<!-- This site is optimized with the Yoast SEO Premium plugin v27.4 (Yoast SEO v27.4) - https:\/\/yoast.com\/product\/yoast-seo-premium-wordpress\/ -->\n<title>Normes relatives aux ingr\u00e9dients pharmaceutiques actifs (IPA) - Georganics<\/title>\n<meta name=\"description\" content=\"Explorez les normes des ingr\u00e9dients pharmaceutiques actifs (API) gr\u00e2ce \u00e0 nos sp\u00e9cifications de haute qualit\u00e9 et \u00e0 notre contr\u00f4le de qualit\u00e9 pr\u00e9cis.\" \/>\n<meta name=\"robots\" content=\"index, follow, max-snippet:-1, max-image-preview:large, max-video-preview:-1\" \/>\n<link rel=\"canonical\" href=\"https:\/\/georganics.sk\/fr\/special-offers\/standards-of-active-pharmaceutical-ingredients-apis\/\" \/>\n<meta property=\"og:locale\" content=\"fr_FR\" \/>\n<meta property=\"og:type\" content=\"article\" \/>\n<meta property=\"og:title\" content=\"Normes relatives aux ingr\u00e9dients pharmaceutiques actifs (IPA)\" \/>\n<meta property=\"og:description\" content=\"Explorez les normes des ingr\u00e9dients pharmaceutiques actifs (API) gr\u00e2ce \u00e0 nos sp\u00e9cifications de haute qualit\u00e9 et \u00e0 notre contr\u00f4le de qualit\u00e9 pr\u00e9cis.\" \/>\n<meta property=\"og:url\" content=\"https:\/\/georganics.sk\/fr\/special-offers\/standards-of-active-pharmaceutical-ingredients-apis\/\" \/>\n<meta property=\"og:site_name\" content=\"Georganics\" \/>\n<meta property=\"article:modified_time\" content=\"2025-06-23T08:30:45+00:00\" \/>\n<meta name=\"twitter:card\" content=\"summary_large_image\" \/>\n<meta name=\"twitter:label1\" content=\"Dur\u00e9e de lecture estim\u00e9e\" \/>\n\t<meta name=\"twitter:data1\" content=\"1 minute\" \/>\n<script type=\"application\/ld+json\" class=\"yoast-schema-graph\">{\"@context\":\"https:\\\/\\\/schema.org\",\"@graph\":[{\"@type\":\"WebPage\",\"@id\":\"https:\\\/\\\/georganics.sk\\\/fr\\\/special-offers\\\/standards-of-active-pharmaceutical-ingredients-apis\\\/\",\"url\":\"https:\\\/\\\/georganics.sk\\\/fr\\\/special-offers\\\/standards-of-active-pharmaceutical-ingredients-apis\\\/\",\"name\":\"Normes relatives aux ingr\u00e9dients pharmaceutiques actifs (IPA) - Georganics\",\"isPartOf\":{\"@id\":\"https:\\\/\\\/georganics.sk\\\/fr\\\/#website\"},\"datePublished\":\"2025-04-10T11:16:44+00:00\",\"dateModified\":\"2025-06-23T08:30:45+00:00\",\"description\":\"Explorez les normes des ingr\u00e9dients pharmaceutiques actifs (API) gr\u00e2ce \u00e0 nos sp\u00e9cifications de haute qualit\u00e9 et \u00e0 notre contr\u00f4le de qualit\u00e9 pr\u00e9cis.\",\"breadcrumb\":{\"@id\":\"https:\\\/\\\/georganics.sk\\\/fr\\\/special-offers\\\/standards-of-active-pharmaceutical-ingredients-apis\\\/#breadcrumb\"},\"inLanguage\":\"fr-FR\",\"potentialAction\":[{\"@type\":\"ReadAction\",\"target\":[\"https:\\\/\\\/georganics.sk\\\/fr\\\/special-offers\\\/standards-of-active-pharmaceutical-ingredients-apis\\\/\"]}]},{\"@type\":\"BreadcrumbList\",\"@id\":\"https:\\\/\\\/georganics.sk\\\/fr\\\/special-offers\\\/standards-of-active-pharmaceutical-ingredients-apis\\\/#breadcrumb\",\"itemListElement\":[{\"@type\":\"ListItem\",\"position\":1,\"name\":\"Home page\",\"item\":\"https:\\\/\\\/georganics.sk\\\/fr\\\/\"},{\"@type\":\"ListItem\",\"position\":2,\"name\":\"Offres sp\u00e9ciales\",\"item\":\"https:\\\/\\\/georganics.sk\\\/fr\\\/special-offers\\\/\"},{\"@type\":\"ListItem\",\"position\":3,\"name\":\"Normes relatives aux ingr\u00e9dients pharmaceutiques actifs (IPA)\"}]},{\"@type\":\"WebSite\",\"@id\":\"https:\\\/\\\/georganics.sk\\\/fr\\\/#website\",\"url\":\"https:\\\/\\\/georganics.sk\\\/fr\\\/\",\"name\":\"Georganics\",\"description\":\"blog\",\"publisher\":{\"@id\":\"https:\\\/\\\/georganics.sk\\\/fr\\\/#organization\"},\"potentialAction\":[{\"@type\":\"SearchAction\",\"target\":{\"@type\":\"EntryPoint\",\"urlTemplate\":\"https:\\\/\\\/georganics.sk\\\/fr\\\/?s={search_term_string}\"},\"query-input\":{\"@type\":\"PropertyValueSpecification\",\"valueRequired\":true,\"valueName\":\"search_term_string\"}}],\"inLanguage\":\"fr-FR\"},{\"@type\":\"Organization\",\"@id\":\"https:\\\/\\\/georganics.sk\\\/fr\\\/#organization\",\"name\":\"Georganics Ltd.\",\"url\":\"https:\\\/\\\/georganics.sk\\\/fr\\\/\",\"logo\":{\"@type\":\"ImageObject\",\"inLanguage\":\"fr-FR\",\"@id\":\"https:\\\/\\\/georganics.sk\\\/fr\\\/#\\\/schema\\\/logo\\\/image\\\/\",\"url\":\"https:\\\/\\\/georganics.sk\\\/wp-content\\\/uploads\\\/2021\\\/03\\\/georganics-logo.png\",\"contentUrl\":\"https:\\\/\\\/georganics.sk\\\/wp-content\\\/uploads\\\/2021\\\/03\\\/georganics-logo.png\",\"width\":382,\"height\":122,\"caption\":\"Georganics Ltd.\"},\"image\":{\"@id\":\"https:\\\/\\\/georganics.sk\\\/fr\\\/#\\\/schema\\\/logo\\\/image\\\/\"}}]}<\/script>\n<!-- \/ Yoast SEO Premium plugin. -->","yoast_head_json":{"title":"Normes relatives aux ingr\u00e9dients pharmaceutiques actifs (IPA) - Georganics","description":"Explorez les normes des ingr\u00e9dients pharmaceutiques actifs (API) gr\u00e2ce \u00e0 nos sp\u00e9cifications de haute qualit\u00e9 et \u00e0 notre contr\u00f4le de qualit\u00e9 pr\u00e9cis.","robots":{"index":"index","follow":"follow","max-snippet":"max-snippet:-1","max-image-preview":"max-image-preview:large","max-video-preview":"max-video-preview:-1"},"canonical":"https:\/\/georganics.sk\/fr\/special-offers\/standards-of-active-pharmaceutical-ingredients-apis\/","og_locale":"fr_FR","og_type":"article","og_title":"Normes relatives aux ingr\u00e9dients pharmaceutiques actifs (IPA)","og_description":"Explorez les normes des ingr\u00e9dients pharmaceutiques actifs (API) gr\u00e2ce \u00e0 nos sp\u00e9cifications de haute qualit\u00e9 et \u00e0 notre contr\u00f4le de qualit\u00e9 pr\u00e9cis.","og_url":"https:\/\/georganics.sk\/fr\/special-offers\/standards-of-active-pharmaceutical-ingredients-apis\/","og_site_name":"Georganics","article_modified_time":"2025-06-23T08:30:45+00:00","twitter_card":"summary_large_image","twitter_misc":{"Dur\u00e9e de lecture estim\u00e9e":"1 minute"},"schema":{"@context":"https:\/\/schema.org","@graph":[{"@type":"WebPage","@id":"https:\/\/georganics.sk\/fr\/special-offers\/standards-of-active-pharmaceutical-ingredients-apis\/","url":"https:\/\/georganics.sk\/fr\/special-offers\/standards-of-active-pharmaceutical-ingredients-apis\/","name":"Normes relatives aux ingr\u00e9dients pharmaceutiques actifs (IPA) - Georganics","isPartOf":{"@id":"https:\/\/georganics.sk\/fr\/#website"},"datePublished":"2025-04-10T11:16:44+00:00","dateModified":"2025-06-23T08:30:45+00:00","description":"Explorez les normes des ingr\u00e9dients pharmaceutiques actifs (API) gr\u00e2ce \u00e0 nos sp\u00e9cifications de haute qualit\u00e9 et \u00e0 notre contr\u00f4le de qualit\u00e9 pr\u00e9cis.","breadcrumb":{"@id":"https:\/\/georganics.sk\/fr\/special-offers\/standards-of-active-pharmaceutical-ingredients-apis\/#breadcrumb"},"inLanguage":"fr-FR","potentialAction":[{"@type":"ReadAction","target":["https:\/\/georganics.sk\/fr\/special-offers\/standards-of-active-pharmaceutical-ingredients-apis\/"]}]},{"@type":"BreadcrumbList","@id":"https:\/\/georganics.sk\/fr\/special-offers\/standards-of-active-pharmaceutical-ingredients-apis\/#breadcrumb","itemListElement":[{"@type":"ListItem","position":1,"name":"Home page","item":"https:\/\/georganics.sk\/fr\/"},{"@type":"ListItem","position":2,"name":"Offres sp\u00e9ciales","item":"https:\/\/georganics.sk\/fr\/special-offers\/"},{"@type":"ListItem","position":3,"name":"Normes relatives aux ingr\u00e9dients pharmaceutiques actifs (IPA)"}]},{"@type":"WebSite","@id":"https:\/\/georganics.sk\/fr\/#website","url":"https:\/\/georganics.sk\/fr\/","name":"Georganics","description":"blog","publisher":{"@id":"https:\/\/georganics.sk\/fr\/#organization"},"potentialAction":[{"@type":"SearchAction","target":{"@type":"EntryPoint","urlTemplate":"https:\/\/georganics.sk\/fr\/?s={search_term_string}"},"query-input":{"@type":"PropertyValueSpecification","valueRequired":true,"valueName":"search_term_string"}}],"inLanguage":"fr-FR"},{"@type":"Organization","@id":"https:\/\/georganics.sk\/fr\/#organization","name":"Georganics Ltd.","url":"https:\/\/georganics.sk\/fr\/","logo":{"@type":"ImageObject","inLanguage":"fr-FR","@id":"https:\/\/georganics.sk\/fr\/#\/schema\/logo\/image\/","url":"https:\/\/georganics.sk\/wp-content\/uploads\/2021\/03\/georganics-logo.png","contentUrl":"https:\/\/georganics.sk\/wp-content\/uploads\/2021\/03\/georganics-logo.png","width":382,"height":122,"caption":"Georganics Ltd."},"image":{"@id":"https:\/\/georganics.sk\/fr\/#\/schema\/logo\/image\/"}}]}},"_links":{"self":[{"href":"https:\/\/georganics.sk\/fr\/wp-json\/wp\/v2\/pages\/32909","targetHints":{"allow":["GET"]}}],"collection":[{"href":"https:\/\/georganics.sk\/fr\/wp-json\/wp\/v2\/pages"}],"about":[{"href":"https:\/\/georganics.sk\/fr\/wp-json\/wp\/v2\/types\/page"}],"author":[{"embeddable":true,"href":"https:\/\/georganics.sk\/fr\/wp-json\/wp\/v2\/users\/2"}],"replies":[{"embeddable":true,"href":"https:\/\/georganics.sk\/fr\/wp-json\/wp\/v2\/comments?post=32909"}],"version-history":[{"count":0,"href":"https:\/\/georganics.sk\/fr\/wp-json\/wp\/v2\/pages\/32909\/revisions"}],"up":[{"embeddable":true,"href":"https:\/\/georganics.sk\/fr\/wp-json\/wp\/v2\/pages\/18926"}],"wp:attachment":[{"href":"https:\/\/georganics.sk\/fr\/wp-json\/wp\/v2\/media?parent=32909"}],"wp:term":[{"taxonomy":"folder","embeddable":true,"href":"https:\/\/georganics.sk\/fr\/wp-json\/wp\/v2\/folder?post=32909"}],"curies":[{"name":"wp","href":"https:\/\/api.w.org\/{rel}","templated":true}]}}