{"id":29181,"date":"2023-04-13T15:33:02","date_gmt":"2023-04-13T13:33:02","guid":{"rendered":"https:\/\/georganics.sk\/?page_id=29181"},"modified":"2025-05-23T10:12:26","modified_gmt":"2025-05-23T08:12:26","slug":"pheromones","status":"publish","type":"page","link":"https:\/\/georganics.sk\/fr\/special-offers\/pheromones\/","title":{"rendered":"Ph\u00e9romones"},"content":{"rendered":"<div class=\"content\">\n<p>Pour de plus amples renseignements sur les Ph\u00e9romones ou pour poser une question, veuillez \u00e9crire \u00e0 l\u2019adresse <a href=\"mailto:georganics@georganics.sk\">georganics@georganics.sk<\/a> ou utiliser le <a href=\"https:\/\/georganics.sk\/fr\/contact\/?subject=palladium-catalysts\">formulaire de contact.<\/a><\/p>\n<div class=\"table-container\">\n<table class=\"product-table\">\n<thead>\n<tr>\n<th><\/th>\n<th>Nom du produit<\/th>\n<th>Num\u00e9ro CAS<\/th>\n<th>Formule mol\u00e9culaire<\/th>\n<th>Poids mol\u00e9culaire<\/th>\n<\/tr>\n<\/thead>\n<tbody>\n<tr>\n<td><\/td>\n<td><a href=\"https:\/\/georganics.sk\/fr\/chemical\/e-2-methyl-6-methylenocta-37-dien-2-ol\/\" rel=\"noopener\" target=\"_blank\">(E)-2-Methyl-6-methylenocta-3,7-dien-2-ol<\/a><\/td>\n<td>[6994-89-4]<\/td>\n<td>C10H16O<\/td>\n<td>152,24<\/td>\n<\/tr>\n<tr>\n<td><\/td>\n<td><a href=\"https:\/\/georganics.sk\/fr\/chemical\/e-2-methyl-6-methylene-27-octadien-1-ol\/\" rel=\"noopener\" target=\"_blank\">(E)-2-Methyl-6-methylene-2,7-octadien-1-ol<\/a><\/td>\n<td>[17015-29-1]<\/td>\n<td>C10H16O<\/td>\n<td>152,24<\/td>\n<\/tr>\n<tr>\n<td><\/td>\n<td><a href=\"https:\/\/georganics.sk\/fr\/chemical\/lineatin\/\" rel=\"noopener\" target=\"_blank\">Lineatin<\/a><\/td>\n<td>[65035-34-9]<\/td>\n<td>C10H16O2<\/td>\n<td>168,24<\/td>\n<\/tr>\n<tr>\n<td><\/td>\n<td><a href=\"https:\/\/georganics.sk\/fr\/chemical\/2-1-methyl-2prop-1-en-2-ylcyclobutylethan-1-ol\/\" rel=\"noopener\" target=\"_blank\">2-[1-Methyl-2(prop-1-en-2-yl)cyclobutyl]ethan-1-ol<\/a><\/td>\n<td>[26532-22-9]<\/td>\n<td>C10H18O<\/td>\n<td>154,25<\/td>\n<\/tr>\n<tr>\n<td><\/td>\n<td><a href=\"https:\/\/georganics.sk\/fr\/chemical\/p-mentha-15-dien-8-ol\/\" rel=\"noopener\" target=\"_blank\">p-Mentha-1,5-dien-8-ol<\/a><\/td>\n<td>[23727-14-2]<\/td>\n<td>C10H16O<\/td>\n<td>152,24<\/td>\n<\/tr>\n<tr>\n<td><\/td>\n<td><a href=\"https:\/\/georganics.sk\/fr\/chemical\/7-methyl-16-dioxaspiro45decane\/\" rel=\"noopener\" target=\"_blank\">7-Methyl-1,6-dioxaspiro[4,5]decane<\/a><\/td>\n<td>[73046-13-6]<\/td>\n<td>C9H16O2<\/td>\n<td>156,22<\/td>\n<\/tr>\n<tr>\n<td><\/td>\n<td><a href=\"https:\/\/georganics.sk\/fr\/chemical\/7-ethyl-5-methyl-68-dioxabicyclo3-2-1octane\/\" rel=\"noopener\" target=\"_blank\">7-Ethyl-5-methyl-6,8-dioxabicyclo[3.2.1]octane<\/a><\/td>\n<td>[20290-99-7]<\/td>\n<td>C9H16O2<\/td>\n<td>156,22<\/td>\n<\/tr>\n<tr>\n<td><\/td>\n<td><a href=\"https:\/\/georganics.sk\/fr\/chemical\/1011-epoxy-1-bisabolen-3-ol\/\" rel=\"noopener\" target=\"_blank\">10,11-Epoxy-1-bisabolen-3-ol<\/a><\/td>\n<td>[N\/A]<\/td>\n<td>C15H26O2<\/td>\n<td>238,37<\/td>\n<\/tr>\n<\/tbody>\n<\/table>\n<\/div>\n<\/div>\n","protected":false},"excerpt":{"rendered":"<p>Pour de plus amples renseignements sur les Ph\u00e9romones ou pour poser une question, veuillez \u00e9crire \u00e0 l\u2019adresse georganics@georganics.sk ou utiliser le formulaire de contact. Nom du produit Num\u00e9ro CAS Formule mol\u00e9culaire Poids mol\u00e9culaire (E)-2-Methyl-6-methylenocta-3,7-dien-2-ol [6994-89-4] C10H16O 152,24 (E)-2-Methyl-6-methylene-2,7-octadien-1-ol [17015-29-1] C10H16O 152,24 Lineatin [65035-34-9] C10H16O2 168,24 2-[1-Methyl-2(prop-1-en-2-yl)cyclobutyl]ethan-1-ol [26532-22-9] C10H18O 154,25 p-Mentha-1,5-dien-8-ol [23727-14-2] C10H16O 152,24 7-Methyl-1,6-dioxaspiro[4,5]decane [73046-13-6] [&hellip;]<\/p>\n","protected":false},"author":2,"featured_media":0,"parent":18926,"menu_order":0,"comment_status":"closed","ping_status":"closed","template":"","meta":{"_acf_changed":false,"footnotes":""},"folder":[],"class_list":["post-29181","page","type-page","status-publish","hentry"],"acf":[],"yoast_head":"<!-- This site is optimized with the Yoast SEO Premium plugin v27.4 (Yoast SEO v27.4) - https:\/\/yoast.com\/product\/yoast-seo-premium-wordpress\/ -->\n<title>Ph\u00e9romones - Georganics<\/title>\n<meta name=\"description\" content=\"Offres sp\u00e9ciales - Ph\u00e9romones. Cliquez sur la page et envoyez votre demande de prix et de quantit\u00e9s en stock.\" \/>\n<meta name=\"robots\" content=\"index, follow, max-snippet:-1, max-image-preview:large, max-video-preview:-1\" \/>\n<link rel=\"canonical\" href=\"https:\/\/georganics.sk\/fr\/special-offers\/pheromones\/\" \/>\n<meta property=\"og:locale\" content=\"fr_FR\" \/>\n<meta property=\"og:type\" content=\"article\" \/>\n<meta property=\"og:title\" content=\"Ph\u00e9romones\" \/>\n<meta property=\"og:description\" content=\"Offres sp\u00e9ciales - Ph\u00e9romones. Cliquez sur la page et envoyez votre demande de prix et de quantit\u00e9s en stock.\" \/>\n<meta property=\"og:url\" content=\"https:\/\/georganics.sk\/fr\/special-offers\/pheromones\/\" \/>\n<meta property=\"og:site_name\" content=\"Georganics\" \/>\n<meta property=\"article:modified_time\" content=\"2025-05-23T08:12:26+00:00\" \/>\n<meta name=\"twitter:card\" content=\"summary_large_image\" \/>\n<meta name=\"twitter:label1\" content=\"Dur\u00e9e de lecture estim\u00e9e\" \/>\n\t<meta name=\"twitter:data1\" content=\"1 minute\" \/>\n<script type=\"application\/ld+json\" class=\"yoast-schema-graph\">{\"@context\":\"https:\\\/\\\/schema.org\",\"@graph\":[{\"@type\":\"WebPage\",\"@id\":\"https:\\\/\\\/georganics.sk\\\/fr\\\/special-offers\\\/pheromones\\\/\",\"url\":\"https:\\\/\\\/georganics.sk\\\/fr\\\/special-offers\\\/pheromones\\\/\",\"name\":\"Ph\u00e9romones - Georganics\",\"isPartOf\":{\"@id\":\"https:\\\/\\\/georganics.sk\\\/fr\\\/#website\"},\"datePublished\":\"2023-04-13T13:33:02+00:00\",\"dateModified\":\"2025-05-23T08:12:26+00:00\",\"description\":\"Offres sp\u00e9ciales - Ph\u00e9romones. Cliquez sur la page et envoyez votre demande de prix et de quantit\u00e9s en stock.\",\"breadcrumb\":{\"@id\":\"https:\\\/\\\/georganics.sk\\\/fr\\\/special-offers\\\/pheromones\\\/#breadcrumb\"},\"inLanguage\":\"fr-FR\",\"potentialAction\":[{\"@type\":\"ReadAction\",\"target\":[\"https:\\\/\\\/georganics.sk\\\/fr\\\/special-offers\\\/pheromones\\\/\"]}]},{\"@type\":\"BreadcrumbList\",\"@id\":\"https:\\\/\\\/georganics.sk\\\/fr\\\/special-offers\\\/pheromones\\\/#breadcrumb\",\"itemListElement\":[{\"@type\":\"ListItem\",\"position\":1,\"name\":\"Home page\",\"item\":\"https:\\\/\\\/georganics.sk\\\/fr\\\/\"},{\"@type\":\"ListItem\",\"position\":2,\"name\":\"Offres sp\u00e9ciales\",\"item\":\"https:\\\/\\\/georganics.sk\\\/fr\\\/special-offers\\\/\"},{\"@type\":\"ListItem\",\"position\":3,\"name\":\"Ph\u00e9romones\"}]},{\"@type\":\"WebSite\",\"@id\":\"https:\\\/\\\/georganics.sk\\\/fr\\\/#website\",\"url\":\"https:\\\/\\\/georganics.sk\\\/fr\\\/\",\"name\":\"Georganics\",\"description\":\"blog\",\"publisher\":{\"@id\":\"https:\\\/\\\/georganics.sk\\\/fr\\\/#organization\"},\"potentialAction\":[{\"@type\":\"SearchAction\",\"target\":{\"@type\":\"EntryPoint\",\"urlTemplate\":\"https:\\\/\\\/georganics.sk\\\/fr\\\/?s={search_term_string}\"},\"query-input\":{\"@type\":\"PropertyValueSpecification\",\"valueRequired\":true,\"valueName\":\"search_term_string\"}}],\"inLanguage\":\"fr-FR\"},{\"@type\":\"Organization\",\"@id\":\"https:\\\/\\\/georganics.sk\\\/fr\\\/#organization\",\"name\":\"Georganics Ltd.\",\"url\":\"https:\\\/\\\/georganics.sk\\\/fr\\\/\",\"logo\":{\"@type\":\"ImageObject\",\"inLanguage\":\"fr-FR\",\"@id\":\"https:\\\/\\\/georganics.sk\\\/fr\\\/#\\\/schema\\\/logo\\\/image\\\/\",\"url\":\"https:\\\/\\\/georganics.sk\\\/wp-content\\\/uploads\\\/2021\\\/03\\\/georganics-logo.png\",\"contentUrl\":\"https:\\\/\\\/georganics.sk\\\/wp-content\\\/uploads\\\/2021\\\/03\\\/georganics-logo.png\",\"width\":382,\"height\":122,\"caption\":\"Georganics Ltd.\"},\"image\":{\"@id\":\"https:\\\/\\\/georganics.sk\\\/fr\\\/#\\\/schema\\\/logo\\\/image\\\/\"}}]}<\/script>\n<!-- \/ Yoast SEO Premium plugin. -->","yoast_head_json":{"title":"Ph\u00e9romones - Georganics","description":"Offres sp\u00e9ciales - Ph\u00e9romones. Cliquez sur la page et envoyez votre demande de prix et de quantit\u00e9s en stock.","robots":{"index":"index","follow":"follow","max-snippet":"max-snippet:-1","max-image-preview":"max-image-preview:large","max-video-preview":"max-video-preview:-1"},"canonical":"https:\/\/georganics.sk\/fr\/special-offers\/pheromones\/","og_locale":"fr_FR","og_type":"article","og_title":"Ph\u00e9romones","og_description":"Offres sp\u00e9ciales - Ph\u00e9romones. Cliquez sur la page et envoyez votre demande de prix et de quantit\u00e9s en stock.","og_url":"https:\/\/georganics.sk\/fr\/special-offers\/pheromones\/","og_site_name":"Georganics","article_modified_time":"2025-05-23T08:12:26+00:00","twitter_card":"summary_large_image","twitter_misc":{"Dur\u00e9e de lecture estim\u00e9e":"1 minute"},"schema":{"@context":"https:\/\/schema.org","@graph":[{"@type":"WebPage","@id":"https:\/\/georganics.sk\/fr\/special-offers\/pheromones\/","url":"https:\/\/georganics.sk\/fr\/special-offers\/pheromones\/","name":"Ph\u00e9romones - Georganics","isPartOf":{"@id":"https:\/\/georganics.sk\/fr\/#website"},"datePublished":"2023-04-13T13:33:02+00:00","dateModified":"2025-05-23T08:12:26+00:00","description":"Offres sp\u00e9ciales - Ph\u00e9romones. Cliquez sur la page et envoyez votre demande de prix et de quantit\u00e9s en stock.","breadcrumb":{"@id":"https:\/\/georganics.sk\/fr\/special-offers\/pheromones\/#breadcrumb"},"inLanguage":"fr-FR","potentialAction":[{"@type":"ReadAction","target":["https:\/\/georganics.sk\/fr\/special-offers\/pheromones\/"]}]},{"@type":"BreadcrumbList","@id":"https:\/\/georganics.sk\/fr\/special-offers\/pheromones\/#breadcrumb","itemListElement":[{"@type":"ListItem","position":1,"name":"Home page","item":"https:\/\/georganics.sk\/fr\/"},{"@type":"ListItem","position":2,"name":"Offres sp\u00e9ciales","item":"https:\/\/georganics.sk\/fr\/special-offers\/"},{"@type":"ListItem","position":3,"name":"Ph\u00e9romones"}]},{"@type":"WebSite","@id":"https:\/\/georganics.sk\/fr\/#website","url":"https:\/\/georganics.sk\/fr\/","name":"Georganics","description":"blog","publisher":{"@id":"https:\/\/georganics.sk\/fr\/#organization"},"potentialAction":[{"@type":"SearchAction","target":{"@type":"EntryPoint","urlTemplate":"https:\/\/georganics.sk\/fr\/?s={search_term_string}"},"query-input":{"@type":"PropertyValueSpecification","valueRequired":true,"valueName":"search_term_string"}}],"inLanguage":"fr-FR"},{"@type":"Organization","@id":"https:\/\/georganics.sk\/fr\/#organization","name":"Georganics Ltd.","url":"https:\/\/georganics.sk\/fr\/","logo":{"@type":"ImageObject","inLanguage":"fr-FR","@id":"https:\/\/georganics.sk\/fr\/#\/schema\/logo\/image\/","url":"https:\/\/georganics.sk\/wp-content\/uploads\/2021\/03\/georganics-logo.png","contentUrl":"https:\/\/georganics.sk\/wp-content\/uploads\/2021\/03\/georganics-logo.png","width":382,"height":122,"caption":"Georganics Ltd."},"image":{"@id":"https:\/\/georganics.sk\/fr\/#\/schema\/logo\/image\/"}}]}},"_links":{"self":[{"href":"https:\/\/georganics.sk\/fr\/wp-json\/wp\/v2\/pages\/29181","targetHints":{"allow":["GET"]}}],"collection":[{"href":"https:\/\/georganics.sk\/fr\/wp-json\/wp\/v2\/pages"}],"about":[{"href":"https:\/\/georganics.sk\/fr\/wp-json\/wp\/v2\/types\/page"}],"author":[{"embeddable":true,"href":"https:\/\/georganics.sk\/fr\/wp-json\/wp\/v2\/users\/2"}],"replies":[{"embeddable":true,"href":"https:\/\/georganics.sk\/fr\/wp-json\/wp\/v2\/comments?post=29181"}],"version-history":[{"count":0,"href":"https:\/\/georganics.sk\/fr\/wp-json\/wp\/v2\/pages\/29181\/revisions"}],"up":[{"embeddable":true,"href":"https:\/\/georganics.sk\/fr\/wp-json\/wp\/v2\/pages\/18926"}],"wp:attachment":[{"href":"https:\/\/georganics.sk\/fr\/wp-json\/wp\/v2\/media?parent=29181"}],"wp:term":[{"taxonomy":"folder","embeddable":true,"href":"https:\/\/georganics.sk\/fr\/wp-json\/wp\/v2\/folder?post=29181"}],"curies":[{"name":"wp","href":"https:\/\/api.w.org\/{rel}","templated":true}]}}