{"id":28597,"date":"2022-08-08T13:49:18","date_gmt":"2022-08-08T11:49:18","guid":{"rendered":"https:\/\/georganics.sk\/privacy-statement-uk\/"},"modified":"2025-06-12T13:25:53","modified_gmt":"2025-06-12T11:25:53","slug":"privacy-statement-uk","status":"publish","type":"page","link":"https:\/\/georganics.sk\/fr\/privacy-statement-uk\/","title":{"rendered":"Privacy Statement (UK)"},"content":{"rendered":"\n<!-- Legal document generated by Complianz | GDPR\/CCPA Cookie Consent https:\/\/wordpress.org\/plugins\/complianz-gdpr -->\n<div id=\"cmplz-document\" class=\"cmplz-document privacy-statement cmplz-document-uk\"><p><i>This privacy statement was last updated on 23. juillet 2025 and applies to citizens and legal permanent residents of the United Kingdom.<\/i><br><br><\/p><p>In this privacy statement, we explain what we do with the data we obtain about you via <a href=\"https:\/\/georganics.sk\/fr\/\">https:\/\/georganics.sk\/fr\/<\/a>. We recommend you carefully read this statement. In our processing we comply with the requirements of privacy legislation. That means, among other things, that:<\/p><ul>\n                <li>we clearly state the purposes for which we process personal data. We do this by means of this privacy statement;<\/li>\n                <li>we aim to limit our collection of personal data to only the personal data required for legitimate purposes;<\/li>\n                <li>we first request your explicit consent to process your personal data in cases requiring your consent;<\/li>\n                <li>we take appropriate security measures to protect your personal data and also require this from parties that process personal data on our behalf;<\/li>\n                <li>we respect your right to access your personal data or have it corrected or deleted, at your request.<\/li>\n            <\/ul><p>If you have any questions, or want to know exactly what data we keep of you, please contact us.<\/p><h2>1. Finalit\u00e9, donn\u00e9es et dur\u00e9e de conservation<\/h2>Nous pouvons collecter ou recevoir des informations personnelles pour un certain nombre de raisons li\u00e9es \u00e0 nos activit\u00e9s commerciales, notamment les suivantes\u00a0: (cliquez pour d\u00e9plier)<details class=\"cmplz-dropdown dropdown-privacy-statement\"><summary><div><h3>1.1 Infolettres<\/h3><\/div><\/summary><p class=\"cmplz-subtitle\">Dans cette finalit\u00e9, nous utilisons les donn\u00e9es suivantes\u00a0:<\/p><p><ul><li>Nom du compte ou pseudonyme<\/li><li>Un domicile ou une autre adresse physique, incluant le nom d\u2019une rue et le nom d\u2019une ville ou d\u2019un village<\/li><li>Une adresse e-mail<\/li><\/ul><\/p><p class=\"cmplz-subtitle\">La base sur laquelle nous pouvons traiter ces donn\u00e9es est\u00a0:<\/p><p><a target=\"_blank\" rel=\"noopener noreferrer nofollow\" href=\"https:\/\/cookiedatabase.org\/legal-bases\/#consent\">Apr\u00e8s avoir donn\u00e9 son consentement.<\/a><\/p><p class=\"cmplz-subtitle\">Dur\u00e9e de conservation<\/p><p>Nous conservons ces donn\u00e9es jusqu\u2019\u00e0 la fin du service.<\/p><\/details><details class=\"cmplz-dropdown dropdown-privacy-statement\"><summary><div><h3>1.2 Compiler et analyser des statistiques pour l\u2019am\u00e9lioration du site web.<\/h3><\/div><\/summary><p class=\"cmplz-subtitle\">Dans cette finalit\u00e9, nous utilisons les donn\u00e9es suivantes\u00a0:<\/p><p><ul><li>Informations sur l\u2019activit\u00e9 internet, y compris, mais sans s\u2019y limiter, l\u2019historique de navigation, l\u2019historique de recherche et les informations concernant l\u2019interaction d\u2019un consommateur avec un site web, une application ou une publicit\u00e9 internet<\/li><\/ul><\/p><p class=\"cmplz-subtitle\">La base sur laquelle nous pouvons traiter ces donn\u00e9es est\u00a0:<\/p><p><a target=\"_blank\" rel=\"noopener noreferrer nofollow\" href=\"https:\/\/cookiedatabase.org\/legal-bases\/#consent\">Apr\u00e8s avoir donn\u00e9 son consentement.<\/a><\/p><p class=\"cmplz-subtitle\">Dur\u00e9e de conservation<\/p><p>Nous conservons ces donn\u00e9es jusqu\u2019\u00e0 la fin du service.<\/p><\/details><details class=\"cmplz-dropdown dropdown-privacy-statement\"><summary><div><h3>1.3 Contact - Par t\u00e9l\u00e9phone, courrier, e-mail et\/ou formulaires web<\/h3><\/div><\/summary><p class=\"cmplz-subtitle\">Dans cette finalit\u00e9, nous utilisons les donn\u00e9es suivantes\u00a0:<\/p><p><ul><li>Un pr\u00e9nom et un nom de famille<\/li><li>Une adresse e-mail<\/li><li>Un num\u00e9ro de t\u00e9l\u00e9phone<\/li><li>Un domicile ou une autre adresse physique, incluant le nom d\u2019une rue et le nom d\u2019une ville ou d\u2019un village<\/li><\/ul><\/p><p class=\"cmplz-subtitle\">La base sur laquelle nous pouvons traiter ces donn\u00e9es est\u00a0:<\/p><p><a target=\"_blank\" rel=\"noopener noreferrer nofollow\" href=\"https:\/\/cookiedatabase.org\/legal-bases\/#consent\">Apr\u00e8s avoir donn\u00e9 son consentement.<\/a><\/p><p class=\"cmplz-subtitle\">Dur\u00e9e de conservation<\/p><p>Nous conservons ces donn\u00e9es jusqu\u2019\u00e0 la fin du service.<\/p><\/details><h2>2. Sharing with other parties<\/h2><p>We only share or disclose this data to processors for the following purposes:<\/p><h2>3. Cookies<\/h2><p>Our website uses cookies. For more information about cookies, please refer to our <a href=\"https:\/\/georganics.sk\/fr\/cookie-policy-uk\/\">Cookie Policy<\/a>.&nbsp;<\/p><h2>4. Disclosure practices<\/h2><p><p>We disclose personal information if we are required by law or by a court order, in response to a law enforcement agency, to the extent permitted under other provisions of law, to provide information, or for an investigation on a matter related to public safety.<\/p><p>If our website or organisation is taken over, sold, or involved in a merger or acquisition, your details may be disclosed to our advisers and any prospective purchasers and will be passed on to the new owners.<\/p><\/p><p>We have concluded a data processing agreement with Google.<\/p><p>Google may not use the data for any other Google services.<\/p><p>The inclusion of full IP addresses is blocked by us.<\/p><h2>5. Security<\/h2><p>We are committed to the security of personal data. We take appropriate security measures to limit abuse of and unauthorised access to personal data. This ensures that only the necessary persons have access to your data, that access to the data is protected, and that our security measures are regularly reviewed.<\/p><h2>6. Third-party websites<\/h2><p>This privacy statement does not apply to third-party websites connected by links on our website. We cannot guarantee that these third parties handle your personal data in a reliable or secure manner. We recommend you read the privacy statements of these websites prior to making use of these websites.<\/p><h2>7. Amendments to this privacy statement<\/h2><p>We reserve the right to make amendments to this privacy statement. It is recommended that you consult this privacy statement regularly in order to be aware of any changes. In addition, we will actively inform you wherever possible.<\/p><h2>8. Accessing and modifying your data<\/h2><p>If you have any questions or want to know which personal data we have about you, please contact us. You can contact us by using the information below. You have the following rights:<\/p><ul>\n                <li>You have the right to know why your personal data is needed, what will happen to it, and how long it will be retained for.<\/li>\n                <li>Right of access: You have the right to access your personal data that is known to us.<\/li>\n                <li>Right to rectification: you have the right to supplement, correct, have deleted or blocked your personal data whenever you wish.<\/li>\n                <li>If you give us your consent to process your data, you have the right to revoke that consent and to have your personal data deleted.<\/li>\n                <li>Right to transfer your data: you have the right to request all your personal data from the controller and transfer it in its entirety to another controller.<\/li>\n                <li>Right to object: you may object to the processing of your data. We comply with this, unless there are justified grounds for processing.<\/li>\n            <\/ul><p>Please make sure to always clearly state who you are, so that we can be certain that we do not modify or delete any data of the wrong person.<\/p><h2>9. Submitting a complaint<\/h2><p>If you are not satisfied with the way in which we handle (a complaint about) the processing of your personal data, you have the right to submit a complaint to the Information Commissioner's Office:<\/p><p><br>Wycliffe House<br>\n                        Water Lane<br>\n                        Wilmslow<br>\n                        Cheshire<br>\n                        SK9 5AF<\/p><h2>10. Children<\/h2><p>Our website is not designed to attract children and it is not our intent to collect personal data from children under the age of consent in their country of residence. We therefore request that children under the age of consent do not submit any personal data to us.<\/p><h2>11. Contact details<\/h2><p>Georganics Ltd.<br>\n        Koreni\u010dova 1, 81103 Bratislava<br>\n        Slovaquie<br>\n        Website: <a href=\"https:\/\/georganics.sk\/fr\/\">https:\/\/georganics.sk\/fr\/<\/a> <br>\n        Email: <span class=\"cmplz-obfuscate\">g&#101;&#111;&#114;g&#097;&#110;i&#099;&#115;@<span class=\"cmplz-fmail-domain\">ex.co&#109;<\/span>&#103;e&#111;r&#103;a&#110;i&#099;&#115;&#046;s&#107;<\/span> <br>\n        Num\u00e9ro de t\u00e9l\u00e9phone\u00a0: +421336403132<\/p><h2>Annex<\/h2><p><h3>WPML<\/h3>\r\n                <p>WPML uses cookies to identify the visitor\u2019s current language, the last visited language and the language of users who have logged in.<\/p><p>While you use the plugin, WPML will share data regarding the site through Installer. No data from the user itself will be shared.<\/p>\r\n            <h3>Complianz | The Privacy Suite for WordPress<\/h3>\r\n                <p>This website uses the Privacy Suite for WordPress by Complianz to collect and record Browser and Device-based Consent. For this functionality, your IP address is anonymized and stored in our database.&nbsp;This service does not process any personally identifiable information and does not share any data with the service provider.&nbsp;For more information, see the Complianz <a href=\"https:\/\/complianz.io\/legal\/privacy-statement\/\">Privacy Statement<\/a>.<\/p>\r\n\r\n            <\/p><\/div>\n","protected":false},"excerpt":{"rendered":"","protected":false},"author":2,"featured_media":0,"parent":0,"menu_order":0,"comment_status":"closed","ping_status":"closed","template":"","meta":{"_acf_changed":false,"footnotes":""},"folder":[],"class_list":["post-28597","page","type-page","status-publish","hentry"],"acf":[],"yoast_head":"<!-- This site is optimized with the Yoast SEO Premium plugin v27.5 (Yoast SEO v27.5) - https:\/\/yoast.com\/product\/yoast-seo-premium-wordpress\/ -->\n<title>Privacy Statement (UK) - Georganics<\/title>\n<meta name=\"robots\" content=\"noindex, follow\" \/>\n<meta property=\"og:locale\" content=\"fr_FR\" \/>\n<meta property=\"og:type\" content=\"article\" \/>\n<meta property=\"og:title\" content=\"Privacy Statement (UK)\" \/>\n<meta property=\"og:url\" content=\"https:\/\/georganics.sk\/fr\/privacy-statement-uk\/\" \/>\n<meta property=\"og:site_name\" content=\"Georganics\" \/>\n<meta property=\"article:modified_time\" content=\"2025-06-12T11:25:53+00:00\" \/>\n<meta name=\"twitter:card\" content=\"summary_large_image\" \/>\n<meta name=\"twitter:label1\" content=\"Dur\u00e9e de lecture estim\u00e9e\" \/>\n\t<meta name=\"twitter:data1\" content=\"1 minute\" \/>\n<script type=\"application\/ld+json\" class=\"yoast-schema-graph\">{\"@context\":\"https:\\\/\\\/schema.org\",\"@graph\":[{\"@type\":\"WebPage\",\"@id\":\"https:\\\/\\\/georganics.sk\\\/fr\\\/privacy-statement-uk\\\/\",\"url\":\"https:\\\/\\\/georganics.sk\\\/fr\\\/privacy-statement-uk\\\/\",\"name\":\"Privacy Statement (UK) - Georganics\",\"isPartOf\":{\"@id\":\"https:\\\/\\\/georganics.sk\\\/fr\\\/#website\"},\"datePublished\":\"2022-08-08T11:49:18+00:00\",\"dateModified\":\"2025-06-12T11:25:53+00:00\",\"breadcrumb\":{\"@id\":\"https:\\\/\\\/georganics.sk\\\/fr\\\/privacy-statement-uk\\\/#breadcrumb\"},\"inLanguage\":\"fr-FR\",\"potentialAction\":[{\"@type\":\"ReadAction\",\"target\":[\"https:\\\/\\\/georganics.sk\\\/fr\\\/privacy-statement-uk\\\/\"]}]},{\"@type\":\"BreadcrumbList\",\"@id\":\"https:\\\/\\\/georganics.sk\\\/fr\\\/privacy-statement-uk\\\/#breadcrumb\",\"itemListElement\":[{\"@type\":\"ListItem\",\"position\":1,\"name\":\"Home page\",\"item\":\"https:\\\/\\\/georganics.sk\\\/fr\\\/\"},{\"@type\":\"ListItem\",\"position\":2,\"name\":\"Privacy Statement (UK)\"}]},{\"@type\":\"WebSite\",\"@id\":\"https:\\\/\\\/georganics.sk\\\/fr\\\/#website\",\"url\":\"https:\\\/\\\/georganics.sk\\\/fr\\\/\",\"name\":\"Georganics\",\"description\":\"blog\",\"publisher\":{\"@id\":\"https:\\\/\\\/georganics.sk\\\/fr\\\/#organization\"},\"potentialAction\":[{\"@type\":\"SearchAction\",\"target\":{\"@type\":\"EntryPoint\",\"urlTemplate\":\"https:\\\/\\\/georganics.sk\\\/fr\\\/?s={search_term_string}\"},\"query-input\":{\"@type\":\"PropertyValueSpecification\",\"valueRequired\":true,\"valueName\":\"search_term_string\"}}],\"inLanguage\":\"fr-FR\"},{\"@type\":\"Organization\",\"@id\":\"https:\\\/\\\/georganics.sk\\\/fr\\\/#organization\",\"name\":\"Georganics Ltd.\",\"url\":\"https:\\\/\\\/georganics.sk\\\/fr\\\/\",\"logo\":{\"@type\":\"ImageObject\",\"inLanguage\":\"fr-FR\",\"@id\":\"https:\\\/\\\/georganics.sk\\\/fr\\\/#\\\/schema\\\/logo\\\/image\\\/\",\"url\":\"https:\\\/\\\/georganics.sk\\\/wp-content\\\/uploads\\\/2021\\\/03\\\/georganics-logo.png\",\"contentUrl\":\"https:\\\/\\\/georganics.sk\\\/wp-content\\\/uploads\\\/2021\\\/03\\\/georganics-logo.png\",\"width\":382,\"height\":122,\"caption\":\"Georganics Ltd.\"},\"image\":{\"@id\":\"https:\\\/\\\/georganics.sk\\\/fr\\\/#\\\/schema\\\/logo\\\/image\\\/\"}}]}<\/script>\n<!-- \/ Yoast SEO Premium plugin. -->","yoast_head_json":{"title":"Privacy Statement (UK) - Georganics","robots":{"index":"noindex","follow":"follow"},"og_locale":"fr_FR","og_type":"article","og_title":"Privacy Statement (UK)","og_url":"https:\/\/georganics.sk\/fr\/privacy-statement-uk\/","og_site_name":"Georganics","article_modified_time":"2025-06-12T11:25:53+00:00","twitter_card":"summary_large_image","twitter_misc":{"Dur\u00e9e de lecture estim\u00e9e":"1 minute"},"schema":{"@context":"https:\/\/schema.org","@graph":[{"@type":"WebPage","@id":"https:\/\/georganics.sk\/fr\/privacy-statement-uk\/","url":"https:\/\/georganics.sk\/fr\/privacy-statement-uk\/","name":"Privacy Statement (UK) - Georganics","isPartOf":{"@id":"https:\/\/georganics.sk\/fr\/#website"},"datePublished":"2022-08-08T11:49:18+00:00","dateModified":"2025-06-12T11:25:53+00:00","breadcrumb":{"@id":"https:\/\/georganics.sk\/fr\/privacy-statement-uk\/#breadcrumb"},"inLanguage":"fr-FR","potentialAction":[{"@type":"ReadAction","target":["https:\/\/georganics.sk\/fr\/privacy-statement-uk\/"]}]},{"@type":"BreadcrumbList","@id":"https:\/\/georganics.sk\/fr\/privacy-statement-uk\/#breadcrumb","itemListElement":[{"@type":"ListItem","position":1,"name":"Home page","item":"https:\/\/georganics.sk\/fr\/"},{"@type":"ListItem","position":2,"name":"Privacy Statement (UK)"}]},{"@type":"WebSite","@id":"https:\/\/georganics.sk\/fr\/#website","url":"https:\/\/georganics.sk\/fr\/","name":"Georganics","description":"blog","publisher":{"@id":"https:\/\/georganics.sk\/fr\/#organization"},"potentialAction":[{"@type":"SearchAction","target":{"@type":"EntryPoint","urlTemplate":"https:\/\/georganics.sk\/fr\/?s={search_term_string}"},"query-input":{"@type":"PropertyValueSpecification","valueRequired":true,"valueName":"search_term_string"}}],"inLanguage":"fr-FR"},{"@type":"Organization","@id":"https:\/\/georganics.sk\/fr\/#organization","name":"Georganics Ltd.","url":"https:\/\/georganics.sk\/fr\/","logo":{"@type":"ImageObject","inLanguage":"fr-FR","@id":"https:\/\/georganics.sk\/fr\/#\/schema\/logo\/image\/","url":"https:\/\/georganics.sk\/wp-content\/uploads\/2021\/03\/georganics-logo.png","contentUrl":"https:\/\/georganics.sk\/wp-content\/uploads\/2021\/03\/georganics-logo.png","width":382,"height":122,"caption":"Georganics Ltd."},"image":{"@id":"https:\/\/georganics.sk\/fr\/#\/schema\/logo\/image\/"}}]}},"_links":{"self":[{"href":"https:\/\/georganics.sk\/fr\/wp-json\/wp\/v2\/pages\/28597","targetHints":{"allow":["GET"]}}],"collection":[{"href":"https:\/\/georganics.sk\/fr\/wp-json\/wp\/v2\/pages"}],"about":[{"href":"https:\/\/georganics.sk\/fr\/wp-json\/wp\/v2\/types\/page"}],"author":[{"embeddable":true,"href":"https:\/\/georganics.sk\/fr\/wp-json\/wp\/v2\/users\/2"}],"replies":[{"embeddable":true,"href":"https:\/\/georganics.sk\/fr\/wp-json\/wp\/v2\/comments?post=28597"}],"version-history":[{"count":0,"href":"https:\/\/georganics.sk\/fr\/wp-json\/wp\/v2\/pages\/28597\/revisions"}],"wp:attachment":[{"href":"https:\/\/georganics.sk\/fr\/wp-json\/wp\/v2\/media?parent=28597"}],"wp:term":[{"taxonomy":"folder","embeddable":true,"href":"https:\/\/georganics.sk\/fr\/wp-json\/wp\/v2\/folder?post=28597"}],"curies":[{"name":"wp","href":"https:\/\/api.w.org\/{rel}","templated":true}]}}