{"id":28169,"date":"2021-12-14T14:28:12","date_gmt":"2021-12-14T13:28:12","guid":{"rendered":"https:\/\/georganics.sk\/chemical-compounds-groups\/"},"modified":"2025-06-03T14:56:20","modified_gmt":"2025-06-03T12:56:20","slug":"groupes-de-composes-chimiques","status":"publish","type":"page","link":"https:\/\/georganics.sk\/fr\/groupes-de-composes-chimiques\/","title":{"rendered":"Groupes de compos\u00e9s chimiques"},"content":{"rendered":"<p>La gamme de produits de l\u2019entreprise comprend des familles de produits courantes comme les <a href=\"https:\/\/georganics.sk\/fr\/category\/isocyanates-fr\/\">isocyanates<\/a>, les <a href=\"https:\/\/georganics.sk\/fr\/category\/isothiocyanates-thiocyanates-fr\/\">isothiocyanates<\/a>, les <a href=\"https:\/\/georganics.sk\/fr\/category\/nitriles-fr\/\">nitriles<\/a>, les pyridines, les pyrimidines, les quinol\u00e9ines, les furanes, les thioph\u00e8nes et bien d\u2019autres encore. Vous pouvez parcourir les compos\u00e9s disponibles par groupes de compos\u00e9s chimiques.<\/p>\n<p><img loading=\"lazy\" decoding=\"async\" class=\"alignnone wp-image-27850 size-full\" src=\"https:\/\/georganics.sk\/wp-content\/uploads\/2021\/12\/6.png\" alt=\"Groupes de compos\u00e9s chimiques\" width=\"60\" height=\"63\" \/><\/p>\n","protected":false},"excerpt":{"rendered":"<p>La gamme de produits de l\u2019entreprise comprend des familles de produits courantes comme les isocyanates, les isothiocyanates, les nitriles, les pyridines, les pyrimidines, les quinol\u00e9ines, les furanes, les thioph\u00e8nes et bien d\u2019autres encore. Vous pouvez parcourir les compos\u00e9s disponibles par groupes de compos\u00e9s chimiques.<\/p>\n","protected":false},"author":2,"featured_media":0,"parent":0,"menu_order":0,"comment_status":"closed","ping_status":"closed","template":"template-compoundsgroups.php","meta":{"_acf_changed":false,"footnotes":""},"folder":[],"class_list":["post-28169","page","type-page","status-publish","hentry"],"acf":[],"yoast_head":"<!-- This site is optimized with the Yoast SEO Premium plugin v27.4 (Yoast SEO v27.4) - https:\/\/yoast.com\/product\/yoast-seo-premium-wordpress\/ -->\n<title>Groupes de compos\u00e9s chimiques - Georganics<\/title>\n<meta name=\"description\" content=\"Pr\u00e9sentation de toutes les Groupes de compos\u00e9s chimiques de nos produits chimiques et des autres produits de notre gamme.\" \/>\n<meta name=\"robots\" content=\"index, follow, max-snippet:-1, max-image-preview:large, max-video-preview:-1\" \/>\n<link rel=\"canonical\" href=\"https:\/\/georganics.sk\/fr\/groupes-de-composes-chimiques\/\" \/>\n<meta property=\"og:locale\" content=\"fr_FR\" \/>\n<meta property=\"og:type\" content=\"article\" \/>\n<meta property=\"og:title\" content=\"Groupes de compos\u00e9s chimiques\" \/>\n<meta property=\"og:description\" content=\"Pr\u00e9sentation de toutes les Groupes de compos\u00e9s chimiques de nos produits chimiques et des autres produits de notre gamme.\" \/>\n<meta property=\"og:url\" content=\"https:\/\/georganics.sk\/fr\/groupes-de-composes-chimiques\/\" \/>\n<meta property=\"og:site_name\" content=\"Georganics\" \/>\n<meta property=\"article:modified_time\" content=\"2025-06-03T12:56:20+00:00\" \/>\n<meta property=\"og:image\" content=\"https:\/\/georganics.sk\/wp-content\/uploads\/2021\/12\/6.png\" \/>\n\t<meta property=\"og:image:width\" content=\"60\" \/>\n\t<meta property=\"og:image:height\" content=\"63\" \/>\n\t<meta property=\"og:image:type\" content=\"image\/png\" \/>\n<meta name=\"twitter:card\" content=\"summary_large_image\" \/>\n<meta name=\"twitter:label1\" content=\"Dur\u00e9e de lecture estim\u00e9e\" \/>\n\t<meta name=\"twitter:data1\" content=\"1 minute\" \/>\n<script type=\"application\/ld+json\" class=\"yoast-schema-graph\">{\"@context\":\"https:\\\/\\\/schema.org\",\"@graph\":[{\"@type\":\"WebPage\",\"@id\":\"https:\\\/\\\/georganics.sk\\\/fr\\\/groupes-de-composes-chimiques\\\/\",\"url\":\"https:\\\/\\\/georganics.sk\\\/fr\\\/groupes-de-composes-chimiques\\\/\",\"name\":\"Groupes de compos\u00e9s chimiques - Georganics\",\"isPartOf\":{\"@id\":\"https:\\\/\\\/georganics.sk\\\/fr\\\/#website\"},\"primaryImageOfPage\":{\"@id\":\"https:\\\/\\\/georganics.sk\\\/fr\\\/groupes-de-composes-chimiques\\\/#primaryimage\"},\"image\":{\"@id\":\"https:\\\/\\\/georganics.sk\\\/fr\\\/groupes-de-composes-chimiques\\\/#primaryimage\"},\"thumbnailUrl\":\"https:\\\/\\\/georganics.sk\\\/wp-content\\\/uploads\\\/2021\\\/12\\\/6.png\",\"datePublished\":\"2021-12-14T13:28:12+00:00\",\"dateModified\":\"2025-06-03T12:56:20+00:00\",\"description\":\"Pr\u00e9sentation de toutes les Groupes de compos\u00e9s chimiques de nos produits chimiques et des autres produits de notre gamme.\",\"breadcrumb\":{\"@id\":\"https:\\\/\\\/georganics.sk\\\/fr\\\/groupes-de-composes-chimiques\\\/#breadcrumb\"},\"inLanguage\":\"fr-FR\",\"potentialAction\":[{\"@type\":\"ReadAction\",\"target\":[\"https:\\\/\\\/georganics.sk\\\/fr\\\/groupes-de-composes-chimiques\\\/\"]}]},{\"@type\":\"ImageObject\",\"inLanguage\":\"fr-FR\",\"@id\":\"https:\\\/\\\/georganics.sk\\\/fr\\\/groupes-de-composes-chimiques\\\/#primaryimage\",\"url\":\"https:\\\/\\\/georganics.sk\\\/wp-content\\\/uploads\\\/2021\\\/12\\\/6.png\",\"contentUrl\":\"https:\\\/\\\/georganics.sk\\\/wp-content\\\/uploads\\\/2021\\\/12\\\/6.png\"},{\"@type\":\"BreadcrumbList\",\"@id\":\"https:\\\/\\\/georganics.sk\\\/fr\\\/groupes-de-composes-chimiques\\\/#breadcrumb\",\"itemListElement\":[{\"@type\":\"ListItem\",\"position\":1,\"name\":\"Home page\",\"item\":\"https:\\\/\\\/georganics.sk\\\/fr\\\/\"},{\"@type\":\"ListItem\",\"position\":2,\"name\":\"Groupes de compos\u00e9s chimiques\"}]},{\"@type\":\"WebSite\",\"@id\":\"https:\\\/\\\/georganics.sk\\\/fr\\\/#website\",\"url\":\"https:\\\/\\\/georganics.sk\\\/fr\\\/\",\"name\":\"Georganics\",\"description\":\"blog\",\"publisher\":{\"@id\":\"https:\\\/\\\/georganics.sk\\\/fr\\\/#organization\"},\"potentialAction\":[{\"@type\":\"SearchAction\",\"target\":{\"@type\":\"EntryPoint\",\"urlTemplate\":\"https:\\\/\\\/georganics.sk\\\/fr\\\/?s={search_term_string}\"},\"query-input\":{\"@type\":\"PropertyValueSpecification\",\"valueRequired\":true,\"valueName\":\"search_term_string\"}}],\"inLanguage\":\"fr-FR\"},{\"@type\":\"Organization\",\"@id\":\"https:\\\/\\\/georganics.sk\\\/fr\\\/#organization\",\"name\":\"Georganics Ltd.\",\"url\":\"https:\\\/\\\/georganics.sk\\\/fr\\\/\",\"logo\":{\"@type\":\"ImageObject\",\"inLanguage\":\"fr-FR\",\"@id\":\"https:\\\/\\\/georganics.sk\\\/fr\\\/#\\\/schema\\\/logo\\\/image\\\/\",\"url\":\"https:\\\/\\\/georganics.sk\\\/wp-content\\\/uploads\\\/2021\\\/03\\\/georganics-logo.png\",\"contentUrl\":\"https:\\\/\\\/georganics.sk\\\/wp-content\\\/uploads\\\/2021\\\/03\\\/georganics-logo.png\",\"width\":382,\"height\":122,\"caption\":\"Georganics Ltd.\"},\"image\":{\"@id\":\"https:\\\/\\\/georganics.sk\\\/fr\\\/#\\\/schema\\\/logo\\\/image\\\/\"}}]}<\/script>\n<!-- \/ Yoast SEO Premium plugin. -->","yoast_head_json":{"title":"Groupes de compos\u00e9s chimiques - Georganics","description":"Pr\u00e9sentation de toutes les Groupes de compos\u00e9s chimiques de nos produits chimiques et des autres produits de notre gamme.","robots":{"index":"index","follow":"follow","max-snippet":"max-snippet:-1","max-image-preview":"max-image-preview:large","max-video-preview":"max-video-preview:-1"},"canonical":"https:\/\/georganics.sk\/fr\/groupes-de-composes-chimiques\/","og_locale":"fr_FR","og_type":"article","og_title":"Groupes de compos\u00e9s chimiques","og_description":"Pr\u00e9sentation de toutes les Groupes de compos\u00e9s chimiques de nos produits chimiques et des autres produits de notre gamme.","og_url":"https:\/\/georganics.sk\/fr\/groupes-de-composes-chimiques\/","og_site_name":"Georganics","article_modified_time":"2025-06-03T12:56:20+00:00","og_image":[{"width":60,"height":63,"url":"https:\/\/georganics.sk\/wp-content\/uploads\/2021\/12\/6.png","type":"image\/png"}],"twitter_card":"summary_large_image","twitter_misc":{"Dur\u00e9e de lecture estim\u00e9e":"1 minute"},"schema":{"@context":"https:\/\/schema.org","@graph":[{"@type":"WebPage","@id":"https:\/\/georganics.sk\/fr\/groupes-de-composes-chimiques\/","url":"https:\/\/georganics.sk\/fr\/groupes-de-composes-chimiques\/","name":"Groupes de compos\u00e9s chimiques - Georganics","isPartOf":{"@id":"https:\/\/georganics.sk\/fr\/#website"},"primaryImageOfPage":{"@id":"https:\/\/georganics.sk\/fr\/groupes-de-composes-chimiques\/#primaryimage"},"image":{"@id":"https:\/\/georganics.sk\/fr\/groupes-de-composes-chimiques\/#primaryimage"},"thumbnailUrl":"https:\/\/georganics.sk\/wp-content\/uploads\/2021\/12\/6.png","datePublished":"2021-12-14T13:28:12+00:00","dateModified":"2025-06-03T12:56:20+00:00","description":"Pr\u00e9sentation de toutes les Groupes de compos\u00e9s chimiques de nos produits chimiques et des autres produits de notre gamme.","breadcrumb":{"@id":"https:\/\/georganics.sk\/fr\/groupes-de-composes-chimiques\/#breadcrumb"},"inLanguage":"fr-FR","potentialAction":[{"@type":"ReadAction","target":["https:\/\/georganics.sk\/fr\/groupes-de-composes-chimiques\/"]}]},{"@type":"ImageObject","inLanguage":"fr-FR","@id":"https:\/\/georganics.sk\/fr\/groupes-de-composes-chimiques\/#primaryimage","url":"https:\/\/georganics.sk\/wp-content\/uploads\/2021\/12\/6.png","contentUrl":"https:\/\/georganics.sk\/wp-content\/uploads\/2021\/12\/6.png"},{"@type":"BreadcrumbList","@id":"https:\/\/georganics.sk\/fr\/groupes-de-composes-chimiques\/#breadcrumb","itemListElement":[{"@type":"ListItem","position":1,"name":"Home page","item":"https:\/\/georganics.sk\/fr\/"},{"@type":"ListItem","position":2,"name":"Groupes de compos\u00e9s chimiques"}]},{"@type":"WebSite","@id":"https:\/\/georganics.sk\/fr\/#website","url":"https:\/\/georganics.sk\/fr\/","name":"Georganics","description":"blog","publisher":{"@id":"https:\/\/georganics.sk\/fr\/#organization"},"potentialAction":[{"@type":"SearchAction","target":{"@type":"EntryPoint","urlTemplate":"https:\/\/georganics.sk\/fr\/?s={search_term_string}"},"query-input":{"@type":"PropertyValueSpecification","valueRequired":true,"valueName":"search_term_string"}}],"inLanguage":"fr-FR"},{"@type":"Organization","@id":"https:\/\/georganics.sk\/fr\/#organization","name":"Georganics Ltd.","url":"https:\/\/georganics.sk\/fr\/","logo":{"@type":"ImageObject","inLanguage":"fr-FR","@id":"https:\/\/georganics.sk\/fr\/#\/schema\/logo\/image\/","url":"https:\/\/georganics.sk\/wp-content\/uploads\/2021\/03\/georganics-logo.png","contentUrl":"https:\/\/georganics.sk\/wp-content\/uploads\/2021\/03\/georganics-logo.png","width":382,"height":122,"caption":"Georganics Ltd."},"image":{"@id":"https:\/\/georganics.sk\/fr\/#\/schema\/logo\/image\/"}}]}},"_links":{"self":[{"href":"https:\/\/georganics.sk\/fr\/wp-json\/wp\/v2\/pages\/28169","targetHints":{"allow":["GET"]}}],"collection":[{"href":"https:\/\/georganics.sk\/fr\/wp-json\/wp\/v2\/pages"}],"about":[{"href":"https:\/\/georganics.sk\/fr\/wp-json\/wp\/v2\/types\/page"}],"author":[{"embeddable":true,"href":"https:\/\/georganics.sk\/fr\/wp-json\/wp\/v2\/users\/2"}],"replies":[{"embeddable":true,"href":"https:\/\/georganics.sk\/fr\/wp-json\/wp\/v2\/comments?post=28169"}],"version-history":[{"count":0,"href":"https:\/\/georganics.sk\/fr\/wp-json\/wp\/v2\/pages\/28169\/revisions"}],"wp:attachment":[{"href":"https:\/\/georganics.sk\/fr\/wp-json\/wp\/v2\/media?parent=28169"}],"wp:term":[{"taxonomy":"folder","embeddable":true,"href":"https:\/\/georganics.sk\/fr\/wp-json\/wp\/v2\/folder?post=28169"}],"curies":[{"name":"wp","href":"https:\/\/api.w.org\/{rel}","templated":true}]}}