{"id":18917,"date":"2021-03-18T15:28:07","date_gmt":"2021-03-18T14:28:07","guid":{"rendered":"https:\/\/georganics.sk\/new-chemical-products\/"},"modified":"2021-10-28T15:21:20","modified_gmt":"2021-10-28T13:21:20","slug":"new-chemical-products","status":"publish","type":"page","link":"https:\/\/georganics.sk\/fr\/new-chemical-products\/","title":{"rendered":"Nouveaux produits chimiques"},"content":{"rendered":"<p>Notre <a href=\"https:\/\/georganics.sk\/fr\/all-chemical-products\/\">catalogue<\/a> contient plus de 1\u00a0800\u00a0compos\u00e9s chimiques pour la recherche fondamentale dans de nombreux domaines, notamment <strong>l\u2019industrie pharmaceutique et agrochimique.<\/strong> La gamme de produits chimiques est sans cesse \u00e9largie pour r\u00e9pondre aux besoins croissants de nos clients.<br \/>\n&nbsp;<br \/>\nDe nouveaux produits, que vous retrouverez sur cette page Web, sont r\u00e9guli\u00e8rement ajout\u00e9s \u00e0 notre catalogue. N\u2019h\u00e9sitez pas \u00e0 <a href=\"mailto:georganics@georganics.sk\">nous contacter<\/a> si le compos\u00e9 que vous recherchez ne figure pas dans notre catalogue actuel. Nous vous remercions de votre <a href=\"mailto:georganics@georganics.sk\">demande<\/a>.<br \/>\n&nbsp;<\/p>\n","protected":false},"excerpt":{"rendered":"<p>Notre catalogue contient plus de 1\u00a0800\u00a0compos\u00e9s chimiques pour la recherche fondamentale dans de nombreux domaines, notamment l\u2019industrie pharmaceutique et agrochimique. La gamme de produits chimiques est sans cesse \u00e9largie pour r\u00e9pondre aux besoins croissants de nos clients. &nbsp; De nouveaux produits, que vous retrouverez sur cette page Web, sont r\u00e9guli\u00e8rement ajout\u00e9s \u00e0 notre catalogue. N\u2019h\u00e9sitez [&hellip;]<\/p>\n","protected":false},"author":2,"featured_media":0,"parent":0,"menu_order":0,"comment_status":"closed","ping_status":"closed","template":"template-new-chemicals.php","meta":{"_acf_changed":false,"footnotes":""},"folder":[],"class_list":["post-18917","page","type-page","status-publish","hentry"],"acf":[],"yoast_head":"<!-- This site is optimized with the Yoast SEO Premium plugin v27.4 (Yoast SEO v27.4) - https:\/\/yoast.com\/product\/yoast-seo-premium-wordpress\/ -->\n<title>Liste des nouveaux produits chimiques | Georganics<\/title>\n<meta name=\"description\" content=\"Liste des nouveaux produits de qualit\u00e9 chimique. Nous proposons un conditionnement personnalis\u00e9 des produits, une livraison juste \u00e0 temps et une synth\u00e8se personnalis\u00e9e pour vos besoins de recherche sp\u00e9cifiques.\" \/>\n<meta name=\"robots\" content=\"index, follow, max-snippet:-1, max-image-preview:large, max-video-preview:-1\" \/>\n<link rel=\"canonical\" href=\"https:\/\/georganics.sk\/fr\/new-chemical-products\/\" \/>\n<meta property=\"og:locale\" content=\"fr_FR\" \/>\n<meta property=\"og:type\" content=\"article\" \/>\n<meta property=\"og:title\" content=\"Nouveaux produits chimiques\" \/>\n<meta property=\"og:description\" content=\"Liste des nouveaux produits de qualit\u00e9 chimique. Nous proposons un conditionnement personnalis\u00e9 des produits, une livraison juste \u00e0 temps et une synth\u00e8se personnalis\u00e9e pour vos besoins de recherche sp\u00e9cifiques.\" \/>\n<meta property=\"og:url\" content=\"https:\/\/georganics.sk\/fr\/new-chemical-products\/\" \/>\n<meta property=\"og:site_name\" content=\"Georganics\" \/>\n<meta property=\"article:modified_time\" content=\"2021-10-28T13:21:20+00:00\" \/>\n<meta name=\"twitter:card\" content=\"summary_large_image\" \/>\n<script type=\"application\/ld+json\" class=\"yoast-schema-graph\">{\"@context\":\"https:\\\/\\\/schema.org\",\"@graph\":[{\"@type\":\"WebPage\",\"@id\":\"https:\\\/\\\/georganics.sk\\\/fr\\\/new-chemical-products\\\/\",\"url\":\"https:\\\/\\\/georganics.sk\\\/fr\\\/new-chemical-products\\\/\",\"name\":\"Liste des nouveaux produits chimiques | Georganics\",\"isPartOf\":{\"@id\":\"https:\\\/\\\/georganics.sk\\\/fr\\\/#website\"},\"datePublished\":\"2021-03-18T14:28:07+00:00\",\"dateModified\":\"2021-10-28T13:21:20+00:00\",\"description\":\"Liste des nouveaux produits de qualit\u00e9 chimique. Nous proposons un conditionnement personnalis\u00e9 des produits, une livraison juste \u00e0 temps et une synth\u00e8se personnalis\u00e9e pour vos besoins de recherche sp\u00e9cifiques.\",\"breadcrumb\":{\"@id\":\"https:\\\/\\\/georganics.sk\\\/fr\\\/new-chemical-products\\\/#breadcrumb\"},\"inLanguage\":\"fr-FR\",\"potentialAction\":[{\"@type\":\"ReadAction\",\"target\":[\"https:\\\/\\\/georganics.sk\\\/fr\\\/new-chemical-products\\\/\"]}]},{\"@type\":\"BreadcrumbList\",\"@id\":\"https:\\\/\\\/georganics.sk\\\/fr\\\/new-chemical-products\\\/#breadcrumb\",\"itemListElement\":[{\"@type\":\"ListItem\",\"position\":1,\"name\":\"Home page\",\"item\":\"https:\\\/\\\/georganics.sk\\\/fr\\\/\"},{\"@type\":\"ListItem\",\"position\":2,\"name\":\"Nouveaux produits chimiques\"}]},{\"@type\":\"WebSite\",\"@id\":\"https:\\\/\\\/georganics.sk\\\/fr\\\/#website\",\"url\":\"https:\\\/\\\/georganics.sk\\\/fr\\\/\",\"name\":\"Georganics\",\"description\":\"blog\",\"publisher\":{\"@id\":\"https:\\\/\\\/georganics.sk\\\/fr\\\/#organization\"},\"potentialAction\":[{\"@type\":\"SearchAction\",\"target\":{\"@type\":\"EntryPoint\",\"urlTemplate\":\"https:\\\/\\\/georganics.sk\\\/fr\\\/?s={search_term_string}\"},\"query-input\":{\"@type\":\"PropertyValueSpecification\",\"valueRequired\":true,\"valueName\":\"search_term_string\"}}],\"inLanguage\":\"fr-FR\"},{\"@type\":\"Organization\",\"@id\":\"https:\\\/\\\/georganics.sk\\\/fr\\\/#organization\",\"name\":\"Georganics Ltd.\",\"url\":\"https:\\\/\\\/georganics.sk\\\/fr\\\/\",\"logo\":{\"@type\":\"ImageObject\",\"inLanguage\":\"fr-FR\",\"@id\":\"https:\\\/\\\/georganics.sk\\\/fr\\\/#\\\/schema\\\/logo\\\/image\\\/\",\"url\":\"https:\\\/\\\/georganics.sk\\\/wp-content\\\/uploads\\\/2021\\\/03\\\/georganics-logo.png\",\"contentUrl\":\"https:\\\/\\\/georganics.sk\\\/wp-content\\\/uploads\\\/2021\\\/03\\\/georganics-logo.png\",\"width\":382,\"height\":122,\"caption\":\"Georganics Ltd.\"},\"image\":{\"@id\":\"https:\\\/\\\/georganics.sk\\\/fr\\\/#\\\/schema\\\/logo\\\/image\\\/\"}}]}<\/script>\n<!-- \/ Yoast SEO Premium plugin. -->","yoast_head_json":{"title":"Liste des nouveaux produits chimiques | Georganics","description":"Liste des nouveaux produits de qualit\u00e9 chimique. Nous proposons un conditionnement personnalis\u00e9 des produits, une livraison juste \u00e0 temps et une synth\u00e8se personnalis\u00e9e pour vos besoins de recherche sp\u00e9cifiques.","robots":{"index":"index","follow":"follow","max-snippet":"max-snippet:-1","max-image-preview":"max-image-preview:large","max-video-preview":"max-video-preview:-1"},"canonical":"https:\/\/georganics.sk\/fr\/new-chemical-products\/","og_locale":"fr_FR","og_type":"article","og_title":"Nouveaux produits chimiques","og_description":"Liste des nouveaux produits de qualit\u00e9 chimique. Nous proposons un conditionnement personnalis\u00e9 des produits, une livraison juste \u00e0 temps et une synth\u00e8se personnalis\u00e9e pour vos besoins de recherche sp\u00e9cifiques.","og_url":"https:\/\/georganics.sk\/fr\/new-chemical-products\/","og_site_name":"Georganics","article_modified_time":"2021-10-28T13:21:20+00:00","twitter_card":"summary_large_image","schema":{"@context":"https:\/\/schema.org","@graph":[{"@type":"WebPage","@id":"https:\/\/georganics.sk\/fr\/new-chemical-products\/","url":"https:\/\/georganics.sk\/fr\/new-chemical-products\/","name":"Liste des nouveaux produits chimiques | Georganics","isPartOf":{"@id":"https:\/\/georganics.sk\/fr\/#website"},"datePublished":"2021-03-18T14:28:07+00:00","dateModified":"2021-10-28T13:21:20+00:00","description":"Liste des nouveaux produits de qualit\u00e9 chimique. Nous proposons un conditionnement personnalis\u00e9 des produits, une livraison juste \u00e0 temps et une synth\u00e8se personnalis\u00e9e pour vos besoins de recherche sp\u00e9cifiques.","breadcrumb":{"@id":"https:\/\/georganics.sk\/fr\/new-chemical-products\/#breadcrumb"},"inLanguage":"fr-FR","potentialAction":[{"@type":"ReadAction","target":["https:\/\/georganics.sk\/fr\/new-chemical-products\/"]}]},{"@type":"BreadcrumbList","@id":"https:\/\/georganics.sk\/fr\/new-chemical-products\/#breadcrumb","itemListElement":[{"@type":"ListItem","position":1,"name":"Home page","item":"https:\/\/georganics.sk\/fr\/"},{"@type":"ListItem","position":2,"name":"Nouveaux produits chimiques"}]},{"@type":"WebSite","@id":"https:\/\/georganics.sk\/fr\/#website","url":"https:\/\/georganics.sk\/fr\/","name":"Georganics","description":"blog","publisher":{"@id":"https:\/\/georganics.sk\/fr\/#organization"},"potentialAction":[{"@type":"SearchAction","target":{"@type":"EntryPoint","urlTemplate":"https:\/\/georganics.sk\/fr\/?s={search_term_string}"},"query-input":{"@type":"PropertyValueSpecification","valueRequired":true,"valueName":"search_term_string"}}],"inLanguage":"fr-FR"},{"@type":"Organization","@id":"https:\/\/georganics.sk\/fr\/#organization","name":"Georganics Ltd.","url":"https:\/\/georganics.sk\/fr\/","logo":{"@type":"ImageObject","inLanguage":"fr-FR","@id":"https:\/\/georganics.sk\/fr\/#\/schema\/logo\/image\/","url":"https:\/\/georganics.sk\/wp-content\/uploads\/2021\/03\/georganics-logo.png","contentUrl":"https:\/\/georganics.sk\/wp-content\/uploads\/2021\/03\/georganics-logo.png","width":382,"height":122,"caption":"Georganics Ltd."},"image":{"@id":"https:\/\/georganics.sk\/fr\/#\/schema\/logo\/image\/"}}]}},"_links":{"self":[{"href":"https:\/\/georganics.sk\/fr\/wp-json\/wp\/v2\/pages\/18917","targetHints":{"allow":["GET"]}}],"collection":[{"href":"https:\/\/georganics.sk\/fr\/wp-json\/wp\/v2\/pages"}],"about":[{"href":"https:\/\/georganics.sk\/fr\/wp-json\/wp\/v2\/types\/page"}],"author":[{"embeddable":true,"href":"https:\/\/georganics.sk\/fr\/wp-json\/wp\/v2\/users\/2"}],"replies":[{"embeddable":true,"href":"https:\/\/georganics.sk\/fr\/wp-json\/wp\/v2\/comments?post=18917"}],"version-history":[{"count":0,"href":"https:\/\/georganics.sk\/fr\/wp-json\/wp\/v2\/pages\/18917\/revisions"}],"wp:attachment":[{"href":"https:\/\/georganics.sk\/fr\/wp-json\/wp\/v2\/media?parent=18917"}],"wp:term":[{"taxonomy":"folder","embeddable":true,"href":"https:\/\/georganics.sk\/fr\/wp-json\/wp\/v2\/folder?post=18917"}],"curies":[{"name":"wp","href":"https:\/\/api.w.org\/{rel}","templated":true}]}}