{"id":18894,"date":"2021-03-18T15:01:35","date_gmt":"2021-03-18T14:01:35","guid":{"rendered":"https:\/\/georganics.sk\/chemical-products-categories\/"},"modified":"2022-01-04T16:48:20","modified_gmt":"2022-01-04T15:48:20","slug":"chemical-products-categories","status":"publish","type":"page","link":"https:\/\/georganics.sk\/fr\/chemical-products-categories\/","title":{"rendered":"Cat\u00e9gories chimiques"},"content":{"rendered":"<p>La gamme de produits de l\u2019entreprise comprend des familles de produits courantes comme les <a href=\"https:\/\/georganics.sk\/fr\/category\/isocyanates-fr\/\">isocyanates<\/a>, les <a href=\"https:\/\/georganics.sk\/fr\/category\/isothiocyanates-thiocyanates-fr\/\">isothiocyanates<\/a>, les <a href=\"https:\/\/georganics.sk\/fr\/category\/nitriles-fr\/\">nitriles<\/a>, les pyridines, les pyrimidines, les quinol\u00e9ines, les furanes, les thioph\u00e8nes et bien d\u2019autres encore. Vous pouvez parcourir les compos\u00e9s disponibles par cat\u00e9gories chimiques. Veuillez choisir le premier niveau des cat\u00e9gories propos\u00e9es.<\/p>\n<p>Vous pouvez ajouter une ou plusieurs cat\u00e9gories chimiques si vous recherchez un compos\u00e9 plus sp\u00e9cifique. En bas de la page, vous trouverez le nombre de compos\u00e9s correspondant \u00e0 votre s\u00e9lection. Si vous cliquez sur l\u2019ic\u00f4ne \u00ab Afficher les produits \u00bb, tous les compos\u00e9s s\u2019affichent. Vous pouvez \u00e9galement faire d\u00e9filer jusqu\u2019au deuxi\u00e8me niveau et s\u00e9lectionner une autre option en fonction de vos pr\u00e9f\u00e9rences.<\/p>\n<p><strong>Trois niveaux possibles permettant de sp\u00e9cifier la s\u00e9lection finale de produits<\/strong> seront affich\u00e9s. <img loading=\"lazy\" decoding=\"async\" class=\"alignnone wp-image-27850 size-full\" src=\"https:\/\/georganics.sk\/wp-content\/uploads\/2021\/12\/6.png\" alt=\"Cat\u00e9gories chimiques\" width=\"60\" height=\"63\" \/><\/p>\n","protected":false},"excerpt":{"rendered":"<p>La gamme de produits de l\u2019entreprise comprend des familles de produits courantes comme les isocyanates, les isothiocyanates, les nitriles, les pyridines, les pyrimidines, les quinol\u00e9ines, les furanes, les thioph\u00e8nes et bien d\u2019autres encore. Vous pouvez parcourir les compos\u00e9s disponibles par cat\u00e9gories chimiques. Veuillez choisir le premier niveau des cat\u00e9gories propos\u00e9es. Vous pouvez ajouter une ou [&hellip;]<\/p>\n","protected":false},"author":2,"featured_media":0,"parent":0,"menu_order":0,"comment_status":"closed","ping_status":"closed","template":"template-categories.php","meta":{"_acf_changed":false,"footnotes":""},"folder":[],"class_list":["post-18894","page","type-page","status-publish","hentry"],"acf":[],"yoast_head":"<!-- This site is optimized with the Yoast SEO Premium plugin v27.5 (Yoast SEO v27.5) - https:\/\/yoast.com\/product\/yoast-seo-premium-wordpress\/ -->\n<title>Cat\u00e9gories chimiques | Georganics<\/title>\n<meta name=\"description\" content=\"Pr\u00e9sentation de toutes les cat\u00e9gories de nos produits chimiques et des autres produits de notre gamme. Visitez notre page pour en savoir plus\" \/>\n<meta name=\"robots\" content=\"index, follow, max-snippet:-1, max-image-preview:large, max-video-preview:-1\" \/>\n<link rel=\"canonical\" href=\"https:\/\/georganics.sk\/fr\/chemical-products-categories\/\" \/>\n<meta property=\"og:locale\" content=\"fr_FR\" \/>\n<meta property=\"og:type\" content=\"article\" \/>\n<meta property=\"og:title\" content=\"Cat\u00e9gories chimiques\" \/>\n<meta property=\"og:description\" content=\"Pr\u00e9sentation de toutes les cat\u00e9gories de nos produits chimiques et des autres produits de notre gamme. Visitez notre page pour en savoir plus\" \/>\n<meta property=\"og:url\" content=\"https:\/\/georganics.sk\/fr\/chemical-products-categories\/\" \/>\n<meta property=\"og:site_name\" content=\"Georganics\" \/>\n<meta property=\"article:modified_time\" content=\"2022-01-04T15:48:20+00:00\" \/>\n<meta property=\"og:image\" content=\"https:\/\/georganics.sk\/wp-content\/uploads\/2021\/12\/6.png\" \/>\n<meta name=\"twitter:card\" content=\"summary_large_image\" \/>\n<meta name=\"twitter:label1\" content=\"Dur\u00e9e de lecture estim\u00e9e\" \/>\n\t<meta name=\"twitter:data1\" content=\"1 minute\" \/>\n<script type=\"application\/ld+json\" class=\"yoast-schema-graph\">{\"@context\":\"https:\\\/\\\/schema.org\",\"@graph\":[{\"@type\":\"WebPage\",\"@id\":\"https:\\\/\\\/georganics.sk\\\/fr\\\/chemical-products-categories\\\/\",\"url\":\"https:\\\/\\\/georganics.sk\\\/fr\\\/chemical-products-categories\\\/\",\"name\":\"Cat\u00e9gories chimiques | Georganics\",\"isPartOf\":{\"@id\":\"https:\\\/\\\/georganics.sk\\\/fr\\\/#website\"},\"primaryImageOfPage\":{\"@id\":\"https:\\\/\\\/georganics.sk\\\/fr\\\/chemical-products-categories\\\/#primaryimage\"},\"image\":{\"@id\":\"https:\\\/\\\/georganics.sk\\\/fr\\\/chemical-products-categories\\\/#primaryimage\"},\"thumbnailUrl\":\"https:\\\/\\\/georganics.sk\\\/wp-content\\\/uploads\\\/2021\\\/12\\\/6.png\",\"datePublished\":\"2021-03-18T14:01:35+00:00\",\"dateModified\":\"2022-01-04T15:48:20+00:00\",\"description\":\"Pr\u00e9sentation de toutes les cat\u00e9gories de nos produits chimiques et des autres produits de notre gamme. Visitez notre page pour en savoir plus\",\"breadcrumb\":{\"@id\":\"https:\\\/\\\/georganics.sk\\\/fr\\\/chemical-products-categories\\\/#breadcrumb\"},\"inLanguage\":\"fr-FR\",\"potentialAction\":[{\"@type\":\"ReadAction\",\"target\":[\"https:\\\/\\\/georganics.sk\\\/fr\\\/chemical-products-categories\\\/\"]}]},{\"@type\":\"ImageObject\",\"inLanguage\":\"fr-FR\",\"@id\":\"https:\\\/\\\/georganics.sk\\\/fr\\\/chemical-products-categories\\\/#primaryimage\",\"url\":\"https:\\\/\\\/georganics.sk\\\/wp-content\\\/uploads\\\/2021\\\/12\\\/6.png\",\"contentUrl\":\"https:\\\/\\\/georganics.sk\\\/wp-content\\\/uploads\\\/2021\\\/12\\\/6.png\"},{\"@type\":\"BreadcrumbList\",\"@id\":\"https:\\\/\\\/georganics.sk\\\/fr\\\/chemical-products-categories\\\/#breadcrumb\",\"itemListElement\":[{\"@type\":\"ListItem\",\"position\":1,\"name\":\"Home page\",\"item\":\"https:\\\/\\\/georganics.sk\\\/fr\\\/\"},{\"@type\":\"ListItem\",\"position\":2,\"name\":\"Cat\u00e9gories chimiques\"}]},{\"@type\":\"WebSite\",\"@id\":\"https:\\\/\\\/georganics.sk\\\/fr\\\/#website\",\"url\":\"https:\\\/\\\/georganics.sk\\\/fr\\\/\",\"name\":\"Georganics\",\"description\":\"blog\",\"publisher\":{\"@id\":\"https:\\\/\\\/georganics.sk\\\/fr\\\/#organization\"},\"potentialAction\":[{\"@type\":\"SearchAction\",\"target\":{\"@type\":\"EntryPoint\",\"urlTemplate\":\"https:\\\/\\\/georganics.sk\\\/fr\\\/?s={search_term_string}\"},\"query-input\":{\"@type\":\"PropertyValueSpecification\",\"valueRequired\":true,\"valueName\":\"search_term_string\"}}],\"inLanguage\":\"fr-FR\"},{\"@type\":\"Organization\",\"@id\":\"https:\\\/\\\/georganics.sk\\\/fr\\\/#organization\",\"name\":\"Georganics Ltd.\",\"url\":\"https:\\\/\\\/georganics.sk\\\/fr\\\/\",\"logo\":{\"@type\":\"ImageObject\",\"inLanguage\":\"fr-FR\",\"@id\":\"https:\\\/\\\/georganics.sk\\\/fr\\\/#\\\/schema\\\/logo\\\/image\\\/\",\"url\":\"https:\\\/\\\/georganics.sk\\\/wp-content\\\/uploads\\\/2021\\\/03\\\/georganics-logo.png\",\"contentUrl\":\"https:\\\/\\\/georganics.sk\\\/wp-content\\\/uploads\\\/2021\\\/03\\\/georganics-logo.png\",\"width\":382,\"height\":122,\"caption\":\"Georganics Ltd.\"},\"image\":{\"@id\":\"https:\\\/\\\/georganics.sk\\\/fr\\\/#\\\/schema\\\/logo\\\/image\\\/\"}}]}<\/script>\n<!-- \/ Yoast SEO Premium plugin. -->","yoast_head_json":{"title":"Cat\u00e9gories chimiques | Georganics","description":"Pr\u00e9sentation de toutes les cat\u00e9gories de nos produits chimiques et des autres produits de notre gamme. Visitez notre page pour en savoir plus","robots":{"index":"index","follow":"follow","max-snippet":"max-snippet:-1","max-image-preview":"max-image-preview:large","max-video-preview":"max-video-preview:-1"},"canonical":"https:\/\/georganics.sk\/fr\/chemical-products-categories\/","og_locale":"fr_FR","og_type":"article","og_title":"Cat\u00e9gories chimiques","og_description":"Pr\u00e9sentation de toutes les cat\u00e9gories de nos produits chimiques et des autres produits de notre gamme. Visitez notre page pour en savoir plus","og_url":"https:\/\/georganics.sk\/fr\/chemical-products-categories\/","og_site_name":"Georganics","article_modified_time":"2022-01-04T15:48:20+00:00","og_image":[{"url":"https:\/\/georganics.sk\/wp-content\/uploads\/2021\/12\/6.png","type":"","width":"","height":""}],"twitter_card":"summary_large_image","twitter_misc":{"Dur\u00e9e de lecture estim\u00e9e":"1 minute"},"schema":{"@context":"https:\/\/schema.org","@graph":[{"@type":"WebPage","@id":"https:\/\/georganics.sk\/fr\/chemical-products-categories\/","url":"https:\/\/georganics.sk\/fr\/chemical-products-categories\/","name":"Cat\u00e9gories chimiques | Georganics","isPartOf":{"@id":"https:\/\/georganics.sk\/fr\/#website"},"primaryImageOfPage":{"@id":"https:\/\/georganics.sk\/fr\/chemical-products-categories\/#primaryimage"},"image":{"@id":"https:\/\/georganics.sk\/fr\/chemical-products-categories\/#primaryimage"},"thumbnailUrl":"https:\/\/georganics.sk\/wp-content\/uploads\/2021\/12\/6.png","datePublished":"2021-03-18T14:01:35+00:00","dateModified":"2022-01-04T15:48:20+00:00","description":"Pr\u00e9sentation de toutes les cat\u00e9gories de nos produits chimiques et des autres produits de notre gamme. Visitez notre page pour en savoir plus","breadcrumb":{"@id":"https:\/\/georganics.sk\/fr\/chemical-products-categories\/#breadcrumb"},"inLanguage":"fr-FR","potentialAction":[{"@type":"ReadAction","target":["https:\/\/georganics.sk\/fr\/chemical-products-categories\/"]}]},{"@type":"ImageObject","inLanguage":"fr-FR","@id":"https:\/\/georganics.sk\/fr\/chemical-products-categories\/#primaryimage","url":"https:\/\/georganics.sk\/wp-content\/uploads\/2021\/12\/6.png","contentUrl":"https:\/\/georganics.sk\/wp-content\/uploads\/2021\/12\/6.png"},{"@type":"BreadcrumbList","@id":"https:\/\/georganics.sk\/fr\/chemical-products-categories\/#breadcrumb","itemListElement":[{"@type":"ListItem","position":1,"name":"Home page","item":"https:\/\/georganics.sk\/fr\/"},{"@type":"ListItem","position":2,"name":"Cat\u00e9gories chimiques"}]},{"@type":"WebSite","@id":"https:\/\/georganics.sk\/fr\/#website","url":"https:\/\/georganics.sk\/fr\/","name":"Georganics","description":"blog","publisher":{"@id":"https:\/\/georganics.sk\/fr\/#organization"},"potentialAction":[{"@type":"SearchAction","target":{"@type":"EntryPoint","urlTemplate":"https:\/\/georganics.sk\/fr\/?s={search_term_string}"},"query-input":{"@type":"PropertyValueSpecification","valueRequired":true,"valueName":"search_term_string"}}],"inLanguage":"fr-FR"},{"@type":"Organization","@id":"https:\/\/georganics.sk\/fr\/#organization","name":"Georganics Ltd.","url":"https:\/\/georganics.sk\/fr\/","logo":{"@type":"ImageObject","inLanguage":"fr-FR","@id":"https:\/\/georganics.sk\/fr\/#\/schema\/logo\/image\/","url":"https:\/\/georganics.sk\/wp-content\/uploads\/2021\/03\/georganics-logo.png","contentUrl":"https:\/\/georganics.sk\/wp-content\/uploads\/2021\/03\/georganics-logo.png","width":382,"height":122,"caption":"Georganics Ltd."},"image":{"@id":"https:\/\/georganics.sk\/fr\/#\/schema\/logo\/image\/"}}]}},"_links":{"self":[{"href":"https:\/\/georganics.sk\/fr\/wp-json\/wp\/v2\/pages\/18894","targetHints":{"allow":["GET"]}}],"collection":[{"href":"https:\/\/georganics.sk\/fr\/wp-json\/wp\/v2\/pages"}],"about":[{"href":"https:\/\/georganics.sk\/fr\/wp-json\/wp\/v2\/types\/page"}],"author":[{"embeddable":true,"href":"https:\/\/georganics.sk\/fr\/wp-json\/wp\/v2\/users\/2"}],"replies":[{"embeddable":true,"href":"https:\/\/georganics.sk\/fr\/wp-json\/wp\/v2\/comments?post=18894"}],"version-history":[{"count":0,"href":"https:\/\/georganics.sk\/fr\/wp-json\/wp\/v2\/pages\/18894\/revisions"}],"wp:attachment":[{"href":"https:\/\/georganics.sk\/fr\/wp-json\/wp\/v2\/media?parent=18894"}],"wp:term":[{"taxonomy":"folder","embeddable":true,"href":"https:\/\/georganics.sk\/fr\/wp-json\/wp\/v2\/folder?post=18894"}],"curies":[{"name":"wp","href":"https:\/\/api.w.org\/{rel}","templated":true}]}}