{"id":33890,"date":"2025-06-17T08:29:17","date_gmt":"2025-06-17T06:29:17","guid":{"rendered":"https:\/\/georganics.sk\/research\/teflon-af-2400-mediated-gas-liquid-contact-in-continuous-flow-methoxycarbonylations-and-in-line-ftir-measurement-of-co-concentration\/"},"modified":"2025-07-01T10:45:49","modified_gmt":"2025-07-01T08:45:49","slug":"teflon-af-2400-mediated-gas-liquid-contact-in-continuous-flow-methoxycarbonylations-and-in-line-ftir-measurement-of-co-concentration","status":"publish","type":"page","link":"https:\/\/georganics.sk\/de\/research\/teflon-af-2400-mediated-gas-liquid-contact-in-continuous-flow-methoxycarbonylations-and-in-line-ftir-measurement-of-co-concentration\/","title":{"rendered":"Teflon AF-2400 mediated gas\u2013liquid contact in continuous flow methoxycarbonylations and in-line FTIR measurement of CO concentration"},"content":{"rendered":"<p>Wir berichten \u00fcber die Entwicklung eines kontinuierlichen Durchflussprozesses f\u00fcr die <a href=\"https:\/\/georganics.sk\/de\/special-offers\/palladiumkatalysatoren\/\" target=\"_blank\" rel=\"noopener\">palladiumkatalysierte<\/a> Methoxycarbonylierung von Aryl-, Heteroaromaten- und Vinyliodiden sowie einem Arylbromid unter Verwendung eines auf Teflon AF-2400 basierenden Rohr-in-Rohr-Reaktors, um die selektive Permeation von Kohlenmonoxid in die L\u00f6sung bei erh\u00f6htem Druck zu vermitteln. Das geringe Volumen an unter Druck stehendem Gas im Reaktor (5,6 ml) bietet das Potenzial f\u00fcr ein verbessertes Sicherheitsprofil im Vergleich zu Batch-Prozessen. Wir pr\u00e4sentieren au\u00dferdem vorl\u00e4ufige Ergebnisse f\u00fcr die Verwendung von In-situ-FTIR zur Messung der Kohlenmonoxidkonzentration in L\u00f6sungen und demonstrieren die Verwendung eines zweiten Reaktors zur Entfernung von Kohlenmonoxid aus dem Durchfluss.<\/p>\n","protected":false},"excerpt":{"rendered":"<p>Wir berichten \u00fcber die Entwicklung eines kontinuierlichen Durchflussprozesses f\u00fcr die palladiumkatalysierte Methoxycarbonylierung von Aryl-, Heteroaromaten- und Vinyliodiden sowie einem Arylbromid unter Verwendung eines auf Teflon AF-2400 basierenden Rohr-in-Rohr-Reaktors, um die selektive Permeation von Kohlenmonoxid in die L\u00f6sung bei erh\u00f6htem Druck zu vermitteln. Das geringe Volumen an unter Druck stehendem Gas im Reaktor (5,6 ml) bietet [&hellip;]<\/p>\n","protected":false},"author":6,"featured_media":0,"parent":18990,"menu_order":0,"comment_status":"closed","ping_status":"closed","template":"template-randpost.php","meta":{"_acf_changed":false,"footnotes":""},"folder":[],"class_list":["post-33890","page","type-page","status-publish","hentry"],"acf":[],"yoast_head":"<!-- This site is optimized with the Yoast SEO Premium plugin v27.4 (Yoast SEO v27.4) - https:\/\/yoast.com\/product\/yoast-seo-premium-wordpress\/ -->\n<title>Teflon AF-2400 in Continuous Flow<\/title>\n<meta name=\"description\" content=\"Entdecken Sie Teflon AF-2400 in der Durchflussmethoxycarbonylierung f\u00fcr eine sicherere Palladiumkatalyse und verbesserte Gaspermeationsprozesse.\" \/>\n<meta name=\"robots\" content=\"index, follow, max-snippet:-1, max-image-preview:large, max-video-preview:-1\" \/>\n<link rel=\"canonical\" href=\"https:\/\/georganics.sk\/de\/research\/teflon-af-2400-mediated-gas-liquid-contact-in-continuous-flow-methoxycarbonylations-and-in-line-ftir-measurement-of-co-concentration\/\" \/>\n<meta property=\"og:locale\" content=\"de_DE\" \/>\n<meta property=\"og:type\" content=\"article\" \/>\n<meta property=\"og:title\" content=\"Teflon AF-2400 mediated gas\u2013liquid contact in continuous flow methoxycarbonylations and in-line FTIR measurement of CO concentration\" \/>\n<meta property=\"og:description\" content=\"Entdecken Sie Teflon AF-2400 in der Durchflussmethoxycarbonylierung f\u00fcr eine sicherere Palladiumkatalyse und verbesserte Gaspermeationsprozesse.\" \/>\n<meta property=\"og:url\" content=\"https:\/\/georganics.sk\/de\/research\/teflon-af-2400-mediated-gas-liquid-contact-in-continuous-flow-methoxycarbonylations-and-in-line-ftir-measurement-of-co-concentration\/\" \/>\n<meta property=\"og:site_name\" content=\"Georganics\" \/>\n<meta property=\"article:modified_time\" content=\"2025-07-01T08:45:49+00:00\" \/>\n<meta name=\"twitter:card\" content=\"summary_large_image\" \/>\n<meta name=\"twitter:label1\" content=\"Gesch\u00e4tzte Lesezeit\" \/>\n\t<meta name=\"twitter:data1\" content=\"1\u00a0Minute\" \/>\n<script type=\"application\/ld+json\" class=\"yoast-schema-graph\">{\"@context\":\"https:\\\/\\\/schema.org\",\"@graph\":[{\"@type\":\"WebPage\",\"@id\":\"https:\\\/\\\/georganics.sk\\\/de\\\/research\\\/teflon-af-2400-mediated-gas-liquid-contact-in-continuous-flow-methoxycarbonylations-and-in-line-ftir-measurement-of-co-concentration\\\/\",\"url\":\"https:\\\/\\\/georganics.sk\\\/de\\\/research\\\/teflon-af-2400-mediated-gas-liquid-contact-in-continuous-flow-methoxycarbonylations-and-in-line-ftir-measurement-of-co-concentration\\\/\",\"name\":\"Teflon AF-2400 in Continuous Flow\",\"isPartOf\":{\"@id\":\"https:\\\/\\\/georganics.sk\\\/de\\\/#website\"},\"datePublished\":\"2025-06-17T06:29:17+00:00\",\"dateModified\":\"2025-07-01T08:45:49+00:00\",\"description\":\"Entdecken Sie Teflon AF-2400 in der Durchflussmethoxycarbonylierung f\u00fcr eine sicherere Palladiumkatalyse und verbesserte Gaspermeationsprozesse.\",\"breadcrumb\":{\"@id\":\"https:\\\/\\\/georganics.sk\\\/de\\\/research\\\/teflon-af-2400-mediated-gas-liquid-contact-in-continuous-flow-methoxycarbonylations-and-in-line-ftir-measurement-of-co-concentration\\\/#breadcrumb\"},\"inLanguage\":\"de\",\"potentialAction\":[{\"@type\":\"ReadAction\",\"target\":[\"https:\\\/\\\/georganics.sk\\\/de\\\/research\\\/teflon-af-2400-mediated-gas-liquid-contact-in-continuous-flow-methoxycarbonylations-and-in-line-ftir-measurement-of-co-concentration\\\/\"]}]},{\"@type\":\"BreadcrumbList\",\"@id\":\"https:\\\/\\\/georganics.sk\\\/de\\\/research\\\/teflon-af-2400-mediated-gas-liquid-contact-in-continuous-flow-methoxycarbonylations-and-in-line-ftir-measurement-of-co-concentration\\\/#breadcrumb\",\"itemListElement\":[{\"@type\":\"ListItem\",\"position\":1,\"name\":\"Home page\",\"item\":\"https:\\\/\\\/georganics.sk\\\/de\\\/\"},{\"@type\":\"ListItem\",\"position\":2,\"name\":\"Forschung in den Bereichen Chemikalien und kundenspezifische Synthese\",\"item\":\"https:\\\/\\\/georganics.sk\\\/de\\\/research\\\/\"},{\"@type\":\"ListItem\",\"position\":3,\"name\":\"Teflon AF-2400 mediated gas\u2013liquid contact in continuous flow methoxycarbonylations and in-line FTIR measurement of CO concentration\"}]},{\"@type\":\"WebSite\",\"@id\":\"https:\\\/\\\/georganics.sk\\\/de\\\/#website\",\"url\":\"https:\\\/\\\/georganics.sk\\\/de\\\/\",\"name\":\"Georganics\",\"description\":\"blog\",\"publisher\":{\"@id\":\"https:\\\/\\\/georganics.sk\\\/de\\\/#organization\"},\"potentialAction\":[{\"@type\":\"SearchAction\",\"target\":{\"@type\":\"EntryPoint\",\"urlTemplate\":\"https:\\\/\\\/georganics.sk\\\/de\\\/?s={search_term_string}\"},\"query-input\":{\"@type\":\"PropertyValueSpecification\",\"valueRequired\":true,\"valueName\":\"search_term_string\"}}],\"inLanguage\":\"de\"},{\"@type\":\"Organization\",\"@id\":\"https:\\\/\\\/georganics.sk\\\/de\\\/#organization\",\"name\":\"Georganics Ltd.\",\"url\":\"https:\\\/\\\/georganics.sk\\\/de\\\/\",\"logo\":{\"@type\":\"ImageObject\",\"inLanguage\":\"de\",\"@id\":\"https:\\\/\\\/georganics.sk\\\/de\\\/#\\\/schema\\\/logo\\\/image\\\/\",\"url\":\"https:\\\/\\\/georganics.sk\\\/wp-content\\\/uploads\\\/2021\\\/03\\\/georganics-logo.png\",\"contentUrl\":\"https:\\\/\\\/georganics.sk\\\/wp-content\\\/uploads\\\/2021\\\/03\\\/georganics-logo.png\",\"width\":382,\"height\":122,\"caption\":\"Georganics Ltd.\"},\"image\":{\"@id\":\"https:\\\/\\\/georganics.sk\\\/de\\\/#\\\/schema\\\/logo\\\/image\\\/\"}}]}<\/script>\n<!-- \/ Yoast SEO Premium plugin. -->","yoast_head_json":{"title":"Teflon AF-2400 in Continuous Flow","description":"Entdecken Sie Teflon AF-2400 in der Durchflussmethoxycarbonylierung f\u00fcr eine sicherere Palladiumkatalyse und verbesserte Gaspermeationsprozesse.","robots":{"index":"index","follow":"follow","max-snippet":"max-snippet:-1","max-image-preview":"max-image-preview:large","max-video-preview":"max-video-preview:-1"},"canonical":"https:\/\/georganics.sk\/de\/research\/teflon-af-2400-mediated-gas-liquid-contact-in-continuous-flow-methoxycarbonylations-and-in-line-ftir-measurement-of-co-concentration\/","og_locale":"de_DE","og_type":"article","og_title":"Teflon AF-2400 mediated gas\u2013liquid contact in continuous flow methoxycarbonylations and in-line FTIR measurement of CO concentration","og_description":"Entdecken Sie Teflon AF-2400 in der Durchflussmethoxycarbonylierung f\u00fcr eine sicherere Palladiumkatalyse und verbesserte Gaspermeationsprozesse.","og_url":"https:\/\/georganics.sk\/de\/research\/teflon-af-2400-mediated-gas-liquid-contact-in-continuous-flow-methoxycarbonylations-and-in-line-ftir-measurement-of-co-concentration\/","og_site_name":"Georganics","article_modified_time":"2025-07-01T08:45:49+00:00","twitter_card":"summary_large_image","twitter_misc":{"Gesch\u00e4tzte Lesezeit":"1\u00a0Minute"},"schema":{"@context":"https:\/\/schema.org","@graph":[{"@type":"WebPage","@id":"https:\/\/georganics.sk\/de\/research\/teflon-af-2400-mediated-gas-liquid-contact-in-continuous-flow-methoxycarbonylations-and-in-line-ftir-measurement-of-co-concentration\/","url":"https:\/\/georganics.sk\/de\/research\/teflon-af-2400-mediated-gas-liquid-contact-in-continuous-flow-methoxycarbonylations-and-in-line-ftir-measurement-of-co-concentration\/","name":"Teflon AF-2400 in Continuous Flow","isPartOf":{"@id":"https:\/\/georganics.sk\/de\/#website"},"datePublished":"2025-06-17T06:29:17+00:00","dateModified":"2025-07-01T08:45:49+00:00","description":"Entdecken Sie Teflon AF-2400 in der Durchflussmethoxycarbonylierung f\u00fcr eine sicherere Palladiumkatalyse und verbesserte Gaspermeationsprozesse.","breadcrumb":{"@id":"https:\/\/georganics.sk\/de\/research\/teflon-af-2400-mediated-gas-liquid-contact-in-continuous-flow-methoxycarbonylations-and-in-line-ftir-measurement-of-co-concentration\/#breadcrumb"},"inLanguage":"de","potentialAction":[{"@type":"ReadAction","target":["https:\/\/georganics.sk\/de\/research\/teflon-af-2400-mediated-gas-liquid-contact-in-continuous-flow-methoxycarbonylations-and-in-line-ftir-measurement-of-co-concentration\/"]}]},{"@type":"BreadcrumbList","@id":"https:\/\/georganics.sk\/de\/research\/teflon-af-2400-mediated-gas-liquid-contact-in-continuous-flow-methoxycarbonylations-and-in-line-ftir-measurement-of-co-concentration\/#breadcrumb","itemListElement":[{"@type":"ListItem","position":1,"name":"Home page","item":"https:\/\/georganics.sk\/de\/"},{"@type":"ListItem","position":2,"name":"Forschung in den Bereichen Chemikalien und kundenspezifische Synthese","item":"https:\/\/georganics.sk\/de\/research\/"},{"@type":"ListItem","position":3,"name":"Teflon AF-2400 mediated gas\u2013liquid contact in continuous flow methoxycarbonylations and in-line FTIR measurement of CO concentration"}]},{"@type":"WebSite","@id":"https:\/\/georganics.sk\/de\/#website","url":"https:\/\/georganics.sk\/de\/","name":"Georganics","description":"blog","publisher":{"@id":"https:\/\/georganics.sk\/de\/#organization"},"potentialAction":[{"@type":"SearchAction","target":{"@type":"EntryPoint","urlTemplate":"https:\/\/georganics.sk\/de\/?s={search_term_string}"},"query-input":{"@type":"PropertyValueSpecification","valueRequired":true,"valueName":"search_term_string"}}],"inLanguage":"de"},{"@type":"Organization","@id":"https:\/\/georganics.sk\/de\/#organization","name":"Georganics Ltd.","url":"https:\/\/georganics.sk\/de\/","logo":{"@type":"ImageObject","inLanguage":"de","@id":"https:\/\/georganics.sk\/de\/#\/schema\/logo\/image\/","url":"https:\/\/georganics.sk\/wp-content\/uploads\/2021\/03\/georganics-logo.png","contentUrl":"https:\/\/georganics.sk\/wp-content\/uploads\/2021\/03\/georganics-logo.png","width":382,"height":122,"caption":"Georganics Ltd."},"image":{"@id":"https:\/\/georganics.sk\/de\/#\/schema\/logo\/image\/"}}]}},"_links":{"self":[{"href":"https:\/\/georganics.sk\/de\/wp-json\/wp\/v2\/pages\/33890","targetHints":{"allow":["GET"]}}],"collection":[{"href":"https:\/\/georganics.sk\/de\/wp-json\/wp\/v2\/pages"}],"about":[{"href":"https:\/\/georganics.sk\/de\/wp-json\/wp\/v2\/types\/page"}],"author":[{"embeddable":true,"href":"https:\/\/georganics.sk\/de\/wp-json\/wp\/v2\/users\/6"}],"replies":[{"embeddable":true,"href":"https:\/\/georganics.sk\/de\/wp-json\/wp\/v2\/comments?post=33890"}],"version-history":[{"count":0,"href":"https:\/\/georganics.sk\/de\/wp-json\/wp\/v2\/pages\/33890\/revisions"}],"up":[{"embeddable":true,"href":"https:\/\/georganics.sk\/de\/wp-json\/wp\/v2\/pages\/18990"}],"wp:attachment":[{"href":"https:\/\/georganics.sk\/de\/wp-json\/wp\/v2\/media?parent=33890"}],"wp:term":[{"taxonomy":"folder","embeddable":true,"href":"https:\/\/georganics.sk\/de\/wp-json\/wp\/v2\/folder?post=33890"}],"curies":[{"name":"wp","href":"https:\/\/api.w.org\/{rel}","templated":true}]}}