{"id":33845,"date":"2025-06-17T09:52:29","date_gmt":"2025-06-17T07:52:29","guid":{"rendered":"https:\/\/georganics.sk\/research\/glyoxylic-acid-as-a-carbon-monoxide-source-for-carbonylation-reactions\/"},"modified":"2025-07-01T09:14:14","modified_gmt":"2025-07-01T07:14:14","slug":"glyoxylic-acid-as-a-carbon-monoxide-source-for-carbonylation-reactions","status":"publish","type":"page","link":"https:\/\/georganics.sk\/de\/research\/glyoxylic-acid-as-a-carbon-monoxide-source-for-carbonylation-reactions\/","title":{"rendered":"Glyoxylic Acid as a Carbon Monoxide Source for Carbonylation Reactions"},"content":{"rendered":"<p>Ein neues Verfahren zur Erzeugung von Kohlenmonoxid durch Dehydratation von Glyoxyls\u00e4ure wurde entwickelt. Glyoxyls\u00e4ure wurde als umweltfreundlicher und kosteng\u00fcnstiger Ersatz f\u00fcr giftiges und gasf\u00f6rmiges CO in <a href=\"https:\/\/georganics.sk\/de\/special-offers\/palladiumkatalysatoren\/\" target=\"_blank\" rel=\"noopener\">palladiumkatalysierten<\/a> Carbonylierungsreaktionen eingesetzt und lieferte industriell interessante Produkte in guten bis ausgezeichneten Ausbeuten.<\/p>\n","protected":false},"excerpt":{"rendered":"<p>Ein neues Verfahren zur Erzeugung von Kohlenmonoxid durch Dehydratation von Glyoxyls\u00e4ure wurde entwickelt. Glyoxyls\u00e4ure wurde als umweltfreundlicher und kosteng\u00fcnstiger Ersatz f\u00fcr giftiges und gasf\u00f6rmiges CO in palladiumkatalysierten Carbonylierungsreaktionen eingesetzt und lieferte industriell interessante Produkte in guten bis ausgezeichneten Ausbeuten.<\/p>\n","protected":false},"author":6,"featured_media":0,"parent":18990,"menu_order":0,"comment_status":"closed","ping_status":"closed","template":"template-randpost.php","meta":{"_acf_changed":false,"footnotes":""},"folder":[],"class_list":["post-33845","page","type-page","status-publish","hentry"],"acf":[],"yoast_head":"<!-- This site is optimized with the Yoast SEO Premium plugin v27.6 (Yoast SEO v27.6) - https:\/\/yoast.com\/product\/yoast-seo-premium-wordpress\/ -->\n<title>Glyoxylic Acid as a Carbon Monoxide Source for Carbonylation Reactions - Georganics<\/title>\n<meta name=\"description\" content=\"Entdecken Sie Glyoxyls\u00e4ure als Kohlenmonoxidquelle f\u00fcr umweltfreundlichere, palladiumkatalysierte Carbonylierungsreaktionen.\" \/>\n<meta name=\"robots\" content=\"index, follow, max-snippet:-1, max-image-preview:large, max-video-preview:-1\" \/>\n<link rel=\"canonical\" href=\"https:\/\/georganics.sk\/de\/research\/glyoxylic-acid-as-a-carbon-monoxide-source-for-carbonylation-reactions\/\" \/>\n<meta property=\"og:locale\" content=\"de_DE\" \/>\n<meta property=\"og:type\" content=\"article\" \/>\n<meta property=\"og:title\" content=\"Glyoxylic Acid as a Carbon Monoxide Source for Carbonylation Reactions\" \/>\n<meta property=\"og:description\" content=\"Entdecken Sie Glyoxyls\u00e4ure als Kohlenmonoxidquelle f\u00fcr umweltfreundlichere, palladiumkatalysierte Carbonylierungsreaktionen.\" \/>\n<meta property=\"og:url\" content=\"https:\/\/georganics.sk\/de\/research\/glyoxylic-acid-as-a-carbon-monoxide-source-for-carbonylation-reactions\/\" \/>\n<meta property=\"og:site_name\" content=\"Georganics\" \/>\n<meta property=\"article:modified_time\" content=\"2025-07-01T07:14:14+00:00\" \/>\n<meta name=\"twitter:card\" content=\"summary_large_image\" \/>\n<meta name=\"twitter:label1\" content=\"Gesch\u00e4tzte Lesezeit\" \/>\n\t<meta name=\"twitter:data1\" content=\"1\u00a0Minute\" \/>\n<script type=\"application\/ld+json\" class=\"yoast-schema-graph\">{\"@context\":\"https:\\\/\\\/schema.org\",\"@graph\":[{\"@type\":\"WebPage\",\"@id\":\"https:\\\/\\\/georganics.sk\\\/de\\\/research\\\/glyoxylic-acid-as-a-carbon-monoxide-source-for-carbonylation-reactions\\\/\",\"url\":\"https:\\\/\\\/georganics.sk\\\/de\\\/research\\\/glyoxylic-acid-as-a-carbon-monoxide-source-for-carbonylation-reactions\\\/\",\"name\":\"Glyoxylic Acid as a Carbon Monoxide Source for Carbonylation Reactions - Georganics\",\"isPartOf\":{\"@id\":\"https:\\\/\\\/georganics.sk\\\/de\\\/#website\"},\"datePublished\":\"2025-06-17T07:52:29+00:00\",\"dateModified\":\"2025-07-01T07:14:14+00:00\",\"description\":\"Entdecken Sie Glyoxyls\u00e4ure als Kohlenmonoxidquelle f\u00fcr umweltfreundlichere, palladiumkatalysierte Carbonylierungsreaktionen.\",\"breadcrumb\":{\"@id\":\"https:\\\/\\\/georganics.sk\\\/de\\\/research\\\/glyoxylic-acid-as-a-carbon-monoxide-source-for-carbonylation-reactions\\\/#breadcrumb\"},\"inLanguage\":\"de\",\"potentialAction\":[{\"@type\":\"ReadAction\",\"target\":[\"https:\\\/\\\/georganics.sk\\\/de\\\/research\\\/glyoxylic-acid-as-a-carbon-monoxide-source-for-carbonylation-reactions\\\/\"]}]},{\"@type\":\"BreadcrumbList\",\"@id\":\"https:\\\/\\\/georganics.sk\\\/de\\\/research\\\/glyoxylic-acid-as-a-carbon-monoxide-source-for-carbonylation-reactions\\\/#breadcrumb\",\"itemListElement\":[{\"@type\":\"ListItem\",\"position\":1,\"name\":\"Home page\",\"item\":\"https:\\\/\\\/georganics.sk\\\/de\\\/\"},{\"@type\":\"ListItem\",\"position\":2,\"name\":\"Forschung in den Bereichen Chemikalien und kundenspezifische Synthese\",\"item\":\"https:\\\/\\\/georganics.sk\\\/de\\\/research\\\/\"},{\"@type\":\"ListItem\",\"position\":3,\"name\":\"Glyoxylic Acid as a Carbon Monoxide Source for Carbonylation Reactions\"}]},{\"@type\":\"WebSite\",\"@id\":\"https:\\\/\\\/georganics.sk\\\/de\\\/#website\",\"url\":\"https:\\\/\\\/georganics.sk\\\/de\\\/\",\"name\":\"Georganics\",\"description\":\"blog\",\"publisher\":{\"@id\":\"https:\\\/\\\/georganics.sk\\\/de\\\/#organization\"},\"potentialAction\":[{\"@type\":\"SearchAction\",\"target\":{\"@type\":\"EntryPoint\",\"urlTemplate\":\"https:\\\/\\\/georganics.sk\\\/de\\\/?s={search_term_string}\"},\"query-input\":{\"@type\":\"PropertyValueSpecification\",\"valueRequired\":true,\"valueName\":\"search_term_string\"}}],\"inLanguage\":\"de\"},{\"@type\":\"Organization\",\"@id\":\"https:\\\/\\\/georganics.sk\\\/de\\\/#organization\",\"name\":\"Georganics Ltd.\",\"url\":\"https:\\\/\\\/georganics.sk\\\/de\\\/\",\"logo\":{\"@type\":\"ImageObject\",\"inLanguage\":\"de\",\"@id\":\"https:\\\/\\\/georganics.sk\\\/de\\\/#\\\/schema\\\/logo\\\/image\\\/\",\"url\":\"https:\\\/\\\/georganics.sk\\\/wp-content\\\/uploads\\\/2021\\\/03\\\/georganics-logo.png\",\"contentUrl\":\"https:\\\/\\\/georganics.sk\\\/wp-content\\\/uploads\\\/2021\\\/03\\\/georganics-logo.png\",\"width\":382,\"height\":122,\"caption\":\"Georganics Ltd.\"},\"image\":{\"@id\":\"https:\\\/\\\/georganics.sk\\\/de\\\/#\\\/schema\\\/logo\\\/image\\\/\"}}]}<\/script>\n<!-- \/ Yoast SEO Premium plugin. -->","yoast_head_json":{"title":"Glyoxylic Acid as a Carbon Monoxide Source for Carbonylation Reactions - Georganics","description":"Entdecken Sie Glyoxyls\u00e4ure als Kohlenmonoxidquelle f\u00fcr umweltfreundlichere, palladiumkatalysierte Carbonylierungsreaktionen.","robots":{"index":"index","follow":"follow","max-snippet":"max-snippet:-1","max-image-preview":"max-image-preview:large","max-video-preview":"max-video-preview:-1"},"canonical":"https:\/\/georganics.sk\/de\/research\/glyoxylic-acid-as-a-carbon-monoxide-source-for-carbonylation-reactions\/","og_locale":"de_DE","og_type":"article","og_title":"Glyoxylic Acid as a Carbon Monoxide Source for Carbonylation Reactions","og_description":"Entdecken Sie Glyoxyls\u00e4ure als Kohlenmonoxidquelle f\u00fcr umweltfreundlichere, palladiumkatalysierte Carbonylierungsreaktionen.","og_url":"https:\/\/georganics.sk\/de\/research\/glyoxylic-acid-as-a-carbon-monoxide-source-for-carbonylation-reactions\/","og_site_name":"Georganics","article_modified_time":"2025-07-01T07:14:14+00:00","twitter_card":"summary_large_image","twitter_misc":{"Gesch\u00e4tzte Lesezeit":"1\u00a0Minute"},"schema":{"@context":"https:\/\/schema.org","@graph":[{"@type":"WebPage","@id":"https:\/\/georganics.sk\/de\/research\/glyoxylic-acid-as-a-carbon-monoxide-source-for-carbonylation-reactions\/","url":"https:\/\/georganics.sk\/de\/research\/glyoxylic-acid-as-a-carbon-monoxide-source-for-carbonylation-reactions\/","name":"Glyoxylic Acid as a Carbon Monoxide Source for Carbonylation Reactions - Georganics","isPartOf":{"@id":"https:\/\/georganics.sk\/de\/#website"},"datePublished":"2025-06-17T07:52:29+00:00","dateModified":"2025-07-01T07:14:14+00:00","description":"Entdecken Sie Glyoxyls\u00e4ure als Kohlenmonoxidquelle f\u00fcr umweltfreundlichere, palladiumkatalysierte Carbonylierungsreaktionen.","breadcrumb":{"@id":"https:\/\/georganics.sk\/de\/research\/glyoxylic-acid-as-a-carbon-monoxide-source-for-carbonylation-reactions\/#breadcrumb"},"inLanguage":"de","potentialAction":[{"@type":"ReadAction","target":["https:\/\/georganics.sk\/de\/research\/glyoxylic-acid-as-a-carbon-monoxide-source-for-carbonylation-reactions\/"]}]},{"@type":"BreadcrumbList","@id":"https:\/\/georganics.sk\/de\/research\/glyoxylic-acid-as-a-carbon-monoxide-source-for-carbonylation-reactions\/#breadcrumb","itemListElement":[{"@type":"ListItem","position":1,"name":"Home page","item":"https:\/\/georganics.sk\/de\/"},{"@type":"ListItem","position":2,"name":"Forschung in den Bereichen Chemikalien und kundenspezifische Synthese","item":"https:\/\/georganics.sk\/de\/research\/"},{"@type":"ListItem","position":3,"name":"Glyoxylic Acid as a Carbon Monoxide Source for Carbonylation Reactions"}]},{"@type":"WebSite","@id":"https:\/\/georganics.sk\/de\/#website","url":"https:\/\/georganics.sk\/de\/","name":"Georganics","description":"blog","publisher":{"@id":"https:\/\/georganics.sk\/de\/#organization"},"potentialAction":[{"@type":"SearchAction","target":{"@type":"EntryPoint","urlTemplate":"https:\/\/georganics.sk\/de\/?s={search_term_string}"},"query-input":{"@type":"PropertyValueSpecification","valueRequired":true,"valueName":"search_term_string"}}],"inLanguage":"de"},{"@type":"Organization","@id":"https:\/\/georganics.sk\/de\/#organization","name":"Georganics Ltd.","url":"https:\/\/georganics.sk\/de\/","logo":{"@type":"ImageObject","inLanguage":"de","@id":"https:\/\/georganics.sk\/de\/#\/schema\/logo\/image\/","url":"https:\/\/georganics.sk\/wp-content\/uploads\/2021\/03\/georganics-logo.png","contentUrl":"https:\/\/georganics.sk\/wp-content\/uploads\/2021\/03\/georganics-logo.png","width":382,"height":122,"caption":"Georganics Ltd."},"image":{"@id":"https:\/\/georganics.sk\/de\/#\/schema\/logo\/image\/"}}]}},"_links":{"self":[{"href":"https:\/\/georganics.sk\/de\/wp-json\/wp\/v2\/pages\/33845","targetHints":{"allow":["GET"]}}],"collection":[{"href":"https:\/\/georganics.sk\/de\/wp-json\/wp\/v2\/pages"}],"about":[{"href":"https:\/\/georganics.sk\/de\/wp-json\/wp\/v2\/types\/page"}],"author":[{"embeddable":true,"href":"https:\/\/georganics.sk\/de\/wp-json\/wp\/v2\/users\/6"}],"replies":[{"embeddable":true,"href":"https:\/\/georganics.sk\/de\/wp-json\/wp\/v2\/comments?post=33845"}],"version-history":[{"count":0,"href":"https:\/\/georganics.sk\/de\/wp-json\/wp\/v2\/pages\/33845\/revisions"}],"up":[{"embeddable":true,"href":"https:\/\/georganics.sk\/de\/wp-json\/wp\/v2\/pages\/18990"}],"wp:attachment":[{"href":"https:\/\/georganics.sk\/de\/wp-json\/wp\/v2\/media?parent=33845"}],"wp:term":[{"taxonomy":"folder","embeddable":true,"href":"https:\/\/georganics.sk\/de\/wp-json\/wp\/v2\/folder?post=33845"}],"curies":[{"name":"wp","href":"https:\/\/api.w.org\/{rel}","templated":true}]}}