{"id":33824,"date":"2025-06-17T08:47:45","date_gmt":"2025-06-17T06:47:45","guid":{"rendered":"https:\/\/georganics.sk\/research\/continuous-stream-processing-a-prototype-magnetic-field-induced-flow-mixer\/"},"modified":"2025-06-30T14:02:44","modified_gmt":"2025-06-30T12:02:44","slug":"continuous-stream-processing-a-prototype-magnetic-field-induced-flow-mixer","status":"publish","type":"page","link":"https:\/\/georganics.sk\/de\/research\/continuous-stream-processing-a-prototype-magnetic-field-induced-flow-mixer\/","title":{"rendered":"Continuous stream processing: a prototype magnetic field induced flow mixer"},"content":{"rendered":"<p>Wir berichten \u00fcber die Entwicklung eines neuen Prototyps eines magnetfeldinduzierten Str\u00f6mungsmischers f\u00fcr den Einsatz in <a href=\"https:\/\/georganics.sk\/de\/durchflusschemie\/\" target=\"_blank\" rel=\"noopener\">Durchflussger\u00e4ten<\/a> in Forschungslaboren. Dieses neue Ger\u00e4t, das sowohl zum R\u00fchren als auch zum Mischen in Rohrreaktoren entwickelt wurde, hat sich in zahlreichen Experimenten bew\u00e4hrt. Dar\u00fcber hinaus erm\u00f6glicht die einfache Konstruktion die unkomplizierte Montage einer Vielzahl unterschiedlicher Ger\u00e4tegr\u00f6\u00dfen.<\/p>\n","protected":false},"excerpt":{"rendered":"<p>Wir berichten \u00fcber die Entwicklung eines neuen Prototyps eines magnetfeldinduzierten Str\u00f6mungsmischers f\u00fcr den Einsatz in Durchflussger\u00e4ten in Forschungslaboren. Dieses neue Ger\u00e4t, das sowohl zum R\u00fchren als auch zum Mischen in Rohrreaktoren entwickelt wurde, hat sich in zahlreichen Experimenten bew\u00e4hrt. Dar\u00fcber hinaus erm\u00f6glicht die einfache Konstruktion die unkomplizierte Montage einer Vielzahl unterschiedlicher Ger\u00e4tegr\u00f6\u00dfen.<\/p>\n","protected":false},"author":6,"featured_media":0,"parent":18990,"menu_order":0,"comment_status":"closed","ping_status":"closed","template":"template-randpost.php","meta":{"_acf_changed":false,"footnotes":""},"folder":[],"class_list":["post-33824","page","type-page","status-publish","hentry"],"acf":[],"yoast_head":"<!-- This site is optimized with the Yoast SEO Premium plugin v27.4 (Yoast SEO v27.4) - https:\/\/yoast.com\/product\/yoast-seo-premium-wordpress\/ -->\n<title>Continuous stream processing: a prototype magnetic field induced flow mixer - Georganics<\/title>\n<meta name=\"description\" content=\"Die Entwicklung eines neuen Prototyps eines magnetfeldinduzierten Str\u00f6mungsmischers zur Anwendung in Str\u00f6mungsger\u00e4ten in Forschungslabors.\" \/>\n<meta name=\"robots\" content=\"index, follow, max-snippet:-1, max-image-preview:large, max-video-preview:-1\" \/>\n<link rel=\"canonical\" href=\"https:\/\/georganics.sk\/de\/research\/continuous-stream-processing-a-prototype-magnetic-field-induced-flow-mixer\/\" \/>\n<meta property=\"og:locale\" content=\"de_DE\" \/>\n<meta property=\"og:type\" content=\"article\" \/>\n<meta property=\"og:title\" content=\"Continuous stream processing: a prototype magnetic field induced flow mixer\" \/>\n<meta property=\"og:description\" content=\"Die Entwicklung eines neuen Prototyps eines magnetfeldinduzierten Str\u00f6mungsmischers zur Anwendung in Str\u00f6mungsger\u00e4ten in Forschungslabors.\" \/>\n<meta property=\"og:url\" content=\"https:\/\/georganics.sk\/de\/research\/continuous-stream-processing-a-prototype-magnetic-field-induced-flow-mixer\/\" \/>\n<meta property=\"og:site_name\" content=\"Georganics\" \/>\n<meta property=\"article:modified_time\" content=\"2025-06-30T12:02:44+00:00\" \/>\n<meta name=\"twitter:card\" content=\"summary_large_image\" \/>\n<meta name=\"twitter:label1\" content=\"Gesch\u00e4tzte Lesezeit\" \/>\n\t<meta name=\"twitter:data1\" content=\"1\u00a0Minute\" \/>\n<script type=\"application\/ld+json\" class=\"yoast-schema-graph\">{\"@context\":\"https:\\\/\\\/schema.org\",\"@graph\":[{\"@type\":\"WebPage\",\"@id\":\"https:\\\/\\\/georganics.sk\\\/de\\\/research\\\/continuous-stream-processing-a-prototype-magnetic-field-induced-flow-mixer\\\/\",\"url\":\"https:\\\/\\\/georganics.sk\\\/de\\\/research\\\/continuous-stream-processing-a-prototype-magnetic-field-induced-flow-mixer\\\/\",\"name\":\"Continuous stream processing: a prototype magnetic field induced flow mixer - Georganics\",\"isPartOf\":{\"@id\":\"https:\\\/\\\/georganics.sk\\\/de\\\/#website\"},\"datePublished\":\"2025-06-17T06:47:45+00:00\",\"dateModified\":\"2025-06-30T12:02:44+00:00\",\"description\":\"Die Entwicklung eines neuen Prototyps eines magnetfeldinduzierten Str\u00f6mungsmischers zur Anwendung in Str\u00f6mungsger\u00e4ten in Forschungslabors.\",\"breadcrumb\":{\"@id\":\"https:\\\/\\\/georganics.sk\\\/de\\\/research\\\/continuous-stream-processing-a-prototype-magnetic-field-induced-flow-mixer\\\/#breadcrumb\"},\"inLanguage\":\"de\",\"potentialAction\":[{\"@type\":\"ReadAction\",\"target\":[\"https:\\\/\\\/georganics.sk\\\/de\\\/research\\\/continuous-stream-processing-a-prototype-magnetic-field-induced-flow-mixer\\\/\"]}]},{\"@type\":\"BreadcrumbList\",\"@id\":\"https:\\\/\\\/georganics.sk\\\/de\\\/research\\\/continuous-stream-processing-a-prototype-magnetic-field-induced-flow-mixer\\\/#breadcrumb\",\"itemListElement\":[{\"@type\":\"ListItem\",\"position\":1,\"name\":\"Home page\",\"item\":\"https:\\\/\\\/georganics.sk\\\/de\\\/\"},{\"@type\":\"ListItem\",\"position\":2,\"name\":\"Forschung in den Bereichen Chemikalien und kundenspezifische Synthese\",\"item\":\"https:\\\/\\\/georganics.sk\\\/de\\\/research\\\/\"},{\"@type\":\"ListItem\",\"position\":3,\"name\":\"Continuous stream processing: a prototype magnetic field induced flow mixer\"}]},{\"@type\":\"WebSite\",\"@id\":\"https:\\\/\\\/georganics.sk\\\/de\\\/#website\",\"url\":\"https:\\\/\\\/georganics.sk\\\/de\\\/\",\"name\":\"Georganics\",\"description\":\"blog\",\"publisher\":{\"@id\":\"https:\\\/\\\/georganics.sk\\\/de\\\/#organization\"},\"potentialAction\":[{\"@type\":\"SearchAction\",\"target\":{\"@type\":\"EntryPoint\",\"urlTemplate\":\"https:\\\/\\\/georganics.sk\\\/de\\\/?s={search_term_string}\"},\"query-input\":{\"@type\":\"PropertyValueSpecification\",\"valueRequired\":true,\"valueName\":\"search_term_string\"}}],\"inLanguage\":\"de\"},{\"@type\":\"Organization\",\"@id\":\"https:\\\/\\\/georganics.sk\\\/de\\\/#organization\",\"name\":\"Georganics Ltd.\",\"url\":\"https:\\\/\\\/georganics.sk\\\/de\\\/\",\"logo\":{\"@type\":\"ImageObject\",\"inLanguage\":\"de\",\"@id\":\"https:\\\/\\\/georganics.sk\\\/de\\\/#\\\/schema\\\/logo\\\/image\\\/\",\"url\":\"https:\\\/\\\/georganics.sk\\\/wp-content\\\/uploads\\\/2021\\\/03\\\/georganics-logo.png\",\"contentUrl\":\"https:\\\/\\\/georganics.sk\\\/wp-content\\\/uploads\\\/2021\\\/03\\\/georganics-logo.png\",\"width\":382,\"height\":122,\"caption\":\"Georganics Ltd.\"},\"image\":{\"@id\":\"https:\\\/\\\/georganics.sk\\\/de\\\/#\\\/schema\\\/logo\\\/image\\\/\"}}]}<\/script>\n<!-- \/ Yoast SEO Premium plugin. -->","yoast_head_json":{"title":"Continuous stream processing: a prototype magnetic field induced flow mixer - Georganics","description":"Die Entwicklung eines neuen Prototyps eines magnetfeldinduzierten Str\u00f6mungsmischers zur Anwendung in Str\u00f6mungsger\u00e4ten in Forschungslabors.","robots":{"index":"index","follow":"follow","max-snippet":"max-snippet:-1","max-image-preview":"max-image-preview:large","max-video-preview":"max-video-preview:-1"},"canonical":"https:\/\/georganics.sk\/de\/research\/continuous-stream-processing-a-prototype-magnetic-field-induced-flow-mixer\/","og_locale":"de_DE","og_type":"article","og_title":"Continuous stream processing: a prototype magnetic field induced flow mixer","og_description":"Die Entwicklung eines neuen Prototyps eines magnetfeldinduzierten Str\u00f6mungsmischers zur Anwendung in Str\u00f6mungsger\u00e4ten in Forschungslabors.","og_url":"https:\/\/georganics.sk\/de\/research\/continuous-stream-processing-a-prototype-magnetic-field-induced-flow-mixer\/","og_site_name":"Georganics","article_modified_time":"2025-06-30T12:02:44+00:00","twitter_card":"summary_large_image","twitter_misc":{"Gesch\u00e4tzte Lesezeit":"1\u00a0Minute"},"schema":{"@context":"https:\/\/schema.org","@graph":[{"@type":"WebPage","@id":"https:\/\/georganics.sk\/de\/research\/continuous-stream-processing-a-prototype-magnetic-field-induced-flow-mixer\/","url":"https:\/\/georganics.sk\/de\/research\/continuous-stream-processing-a-prototype-magnetic-field-induced-flow-mixer\/","name":"Continuous stream processing: a prototype magnetic field induced flow mixer - Georganics","isPartOf":{"@id":"https:\/\/georganics.sk\/de\/#website"},"datePublished":"2025-06-17T06:47:45+00:00","dateModified":"2025-06-30T12:02:44+00:00","description":"Die Entwicklung eines neuen Prototyps eines magnetfeldinduzierten Str\u00f6mungsmischers zur Anwendung in Str\u00f6mungsger\u00e4ten in Forschungslabors.","breadcrumb":{"@id":"https:\/\/georganics.sk\/de\/research\/continuous-stream-processing-a-prototype-magnetic-field-induced-flow-mixer\/#breadcrumb"},"inLanguage":"de","potentialAction":[{"@type":"ReadAction","target":["https:\/\/georganics.sk\/de\/research\/continuous-stream-processing-a-prototype-magnetic-field-induced-flow-mixer\/"]}]},{"@type":"BreadcrumbList","@id":"https:\/\/georganics.sk\/de\/research\/continuous-stream-processing-a-prototype-magnetic-field-induced-flow-mixer\/#breadcrumb","itemListElement":[{"@type":"ListItem","position":1,"name":"Home page","item":"https:\/\/georganics.sk\/de\/"},{"@type":"ListItem","position":2,"name":"Forschung in den Bereichen Chemikalien und kundenspezifische Synthese","item":"https:\/\/georganics.sk\/de\/research\/"},{"@type":"ListItem","position":3,"name":"Continuous stream processing: a prototype magnetic field induced flow mixer"}]},{"@type":"WebSite","@id":"https:\/\/georganics.sk\/de\/#website","url":"https:\/\/georganics.sk\/de\/","name":"Georganics","description":"blog","publisher":{"@id":"https:\/\/georganics.sk\/de\/#organization"},"potentialAction":[{"@type":"SearchAction","target":{"@type":"EntryPoint","urlTemplate":"https:\/\/georganics.sk\/de\/?s={search_term_string}"},"query-input":{"@type":"PropertyValueSpecification","valueRequired":true,"valueName":"search_term_string"}}],"inLanguage":"de"},{"@type":"Organization","@id":"https:\/\/georganics.sk\/de\/#organization","name":"Georganics Ltd.","url":"https:\/\/georganics.sk\/de\/","logo":{"@type":"ImageObject","inLanguage":"de","@id":"https:\/\/georganics.sk\/de\/#\/schema\/logo\/image\/","url":"https:\/\/georganics.sk\/wp-content\/uploads\/2021\/03\/georganics-logo.png","contentUrl":"https:\/\/georganics.sk\/wp-content\/uploads\/2021\/03\/georganics-logo.png","width":382,"height":122,"caption":"Georganics Ltd."},"image":{"@id":"https:\/\/georganics.sk\/de\/#\/schema\/logo\/image\/"}}]}},"_links":{"self":[{"href":"https:\/\/georganics.sk\/de\/wp-json\/wp\/v2\/pages\/33824","targetHints":{"allow":["GET"]}}],"collection":[{"href":"https:\/\/georganics.sk\/de\/wp-json\/wp\/v2\/pages"}],"about":[{"href":"https:\/\/georganics.sk\/de\/wp-json\/wp\/v2\/types\/page"}],"author":[{"embeddable":true,"href":"https:\/\/georganics.sk\/de\/wp-json\/wp\/v2\/users\/6"}],"replies":[{"embeddable":true,"href":"https:\/\/georganics.sk\/de\/wp-json\/wp\/v2\/comments?post=33824"}],"version-history":[{"count":0,"href":"https:\/\/georganics.sk\/de\/wp-json\/wp\/v2\/pages\/33824\/revisions"}],"up":[{"embeddable":true,"href":"https:\/\/georganics.sk\/de\/wp-json\/wp\/v2\/pages\/18990"}],"wp:attachment":[{"href":"https:\/\/georganics.sk\/de\/wp-json\/wp\/v2\/media?parent=33824"}],"wp:term":[{"taxonomy":"folder","embeddable":true,"href":"https:\/\/georganics.sk\/de\/wp-json\/wp\/v2\/folder?post=33824"}],"curies":[{"name":"wp","href":"https:\/\/api.w.org\/{rel}","templated":true}]}}