{"id":33809,"date":"2025-06-17T10:01:43","date_gmt":"2025-06-17T08:01:43","guid":{"rendered":"https:\/\/georganics.sk\/research\/continuous-pd-catalyzed-carbonylative-cyclization-using-iron-pentacarbonyl-as-a-co-source\/"},"modified":"2025-06-30T12:58:26","modified_gmt":"2025-06-30T10:58:26","slug":"continuous-pd-catalyzed-carbonylative-cyclization-using-iron-pentacarbonyl-as-a-co-source","status":"publish","type":"page","link":"https:\/\/georganics.sk\/de\/research\/continuous-pd-catalyzed-carbonylative-cyclization-using-iron-pentacarbonyl-as-a-co-source\/","title":{"rendered":"Continuous Pd-Catalyzed Carbonylative Cyclization Using Iron Pentacarbonyl as a CO Source"},"content":{"rendered":"<p>Diese Arbeit beschreibt eine kontinuierliche <a href=\"https:\/\/georganics.sk\/de\/durchflusschemie\/\" target=\"_blank\" rel=\"noopener\">Durchfluss<\/a>-Carbonylierungsreaktion unter Verwendung von Eisenpentacarbonyl als CO-Quelle. Die beschriebene Transformation mit diesem Surrogat wurde f\u00fcr den Einsatz in handels\u00fcblichen Durchflussger\u00e4ten entwickelt. Unter optimierten Bedingungen wurde eine skalierbare Synthese des Naturstoffs durchgef\u00fchrt, der aus dem perianalen Dr\u00fcsenpheromonsekret der Afrikanischen Zibetkatze isoliert wurde. Dar\u00fcber hinaus wurde eine erfolgreiche Pd-katalysierte Durchfluss-Carbonylierung von Arylhalogeniden beschrieben.<\/p>\n","protected":false},"excerpt":{"rendered":"<p>Diese Arbeit beschreibt eine kontinuierliche Durchfluss-Carbonylierungsreaktion unter Verwendung von Eisenpentacarbonyl als CO-Quelle. Die beschriebene Transformation mit diesem Surrogat wurde f\u00fcr den Einsatz in handels\u00fcblichen Durchflussger\u00e4ten entwickelt. Unter optimierten Bedingungen wurde eine skalierbare Synthese des Naturstoffs durchgef\u00fchrt, der aus dem perianalen Dr\u00fcsenpheromonsekret der Afrikanischen Zibetkatze isoliert wurde. Dar\u00fcber hinaus wurde eine erfolgreiche Pd-katalysierte Durchfluss-Carbonylierung von Arylhalogeniden [&hellip;]<\/p>\n","protected":false},"author":6,"featured_media":0,"parent":18990,"menu_order":0,"comment_status":"closed","ping_status":"closed","template":"template-randpost.php","meta":{"_acf_changed":false,"footnotes":""},"folder":[],"class_list":["post-33809","page","type-page","status-publish","hentry"],"acf":[],"yoast_head":"<!-- This site is optimized with the Yoast SEO Premium plugin v27.4 (Yoast SEO v27.4) - https:\/\/yoast.com\/product\/yoast-seo-premium-wordpress\/ -->\n<title>Continuous Pd-Catalyzed Carbonylative Cyclization Using Iron Pentacarbonyl as a CO Source - Georganics<\/title>\n<meta name=\"description\" content=\"Erkunden Sie die kontinuierliche Durchfluss-Carbonylierungsreaktion unter Verwendung von Eisenpentacarbonyl, um eine skalierbare Synthese in zug\u00e4nglichen Durchflussger\u00e4ten zu erreichen.\" \/>\n<meta name=\"robots\" content=\"index, follow, max-snippet:-1, max-image-preview:large, max-video-preview:-1\" \/>\n<link rel=\"canonical\" href=\"https:\/\/georganics.sk\/de\/research\/continuous-pd-catalyzed-carbonylative-cyclization-using-iron-pentacarbonyl-as-a-co-source\/\" \/>\n<meta property=\"og:locale\" content=\"de_DE\" \/>\n<meta property=\"og:type\" content=\"article\" \/>\n<meta property=\"og:title\" content=\"Continuous Pd-Catalyzed Carbonylative Cyclization Using Iron Pentacarbonyl as a CO Source\" \/>\n<meta property=\"og:description\" content=\"Erkunden Sie die kontinuierliche Durchfluss-Carbonylierungsreaktion unter Verwendung von Eisenpentacarbonyl, um eine skalierbare Synthese in zug\u00e4nglichen Durchflussger\u00e4ten zu erreichen.\" \/>\n<meta property=\"og:url\" content=\"https:\/\/georganics.sk\/de\/research\/continuous-pd-catalyzed-carbonylative-cyclization-using-iron-pentacarbonyl-as-a-co-source\/\" \/>\n<meta property=\"og:site_name\" content=\"Georganics\" \/>\n<meta property=\"article:modified_time\" content=\"2025-06-30T10:58:26+00:00\" \/>\n<meta name=\"twitter:card\" content=\"summary_large_image\" \/>\n<meta name=\"twitter:label1\" content=\"Gesch\u00e4tzte Lesezeit\" \/>\n\t<meta name=\"twitter:data1\" content=\"1\u00a0Minute\" \/>\n<script type=\"application\/ld+json\" class=\"yoast-schema-graph\">{\"@context\":\"https:\\\/\\\/schema.org\",\"@graph\":[{\"@type\":\"WebPage\",\"@id\":\"https:\\\/\\\/georganics.sk\\\/de\\\/research\\\/continuous-pd-catalyzed-carbonylative-cyclization-using-iron-pentacarbonyl-as-a-co-source\\\/\",\"url\":\"https:\\\/\\\/georganics.sk\\\/de\\\/research\\\/continuous-pd-catalyzed-carbonylative-cyclization-using-iron-pentacarbonyl-as-a-co-source\\\/\",\"name\":\"Continuous Pd-Catalyzed Carbonylative Cyclization Using Iron Pentacarbonyl as a CO Source - Georganics\",\"isPartOf\":{\"@id\":\"https:\\\/\\\/georganics.sk\\\/de\\\/#website\"},\"datePublished\":\"2025-06-17T08:01:43+00:00\",\"dateModified\":\"2025-06-30T10:58:26+00:00\",\"description\":\"Erkunden Sie die kontinuierliche Durchfluss-Carbonylierungsreaktion unter Verwendung von Eisenpentacarbonyl, um eine skalierbare Synthese in zug\u00e4nglichen Durchflussger\u00e4ten zu erreichen.\",\"breadcrumb\":{\"@id\":\"https:\\\/\\\/georganics.sk\\\/de\\\/research\\\/continuous-pd-catalyzed-carbonylative-cyclization-using-iron-pentacarbonyl-as-a-co-source\\\/#breadcrumb\"},\"inLanguage\":\"de\",\"potentialAction\":[{\"@type\":\"ReadAction\",\"target\":[\"https:\\\/\\\/georganics.sk\\\/de\\\/research\\\/continuous-pd-catalyzed-carbonylative-cyclization-using-iron-pentacarbonyl-as-a-co-source\\\/\"]}]},{\"@type\":\"BreadcrumbList\",\"@id\":\"https:\\\/\\\/georganics.sk\\\/de\\\/research\\\/continuous-pd-catalyzed-carbonylative-cyclization-using-iron-pentacarbonyl-as-a-co-source\\\/#breadcrumb\",\"itemListElement\":[{\"@type\":\"ListItem\",\"position\":1,\"name\":\"Home page\",\"item\":\"https:\\\/\\\/georganics.sk\\\/de\\\/\"},{\"@type\":\"ListItem\",\"position\":2,\"name\":\"Forschung in den Bereichen Chemikalien und kundenspezifische Synthese\",\"item\":\"https:\\\/\\\/georganics.sk\\\/de\\\/research\\\/\"},{\"@type\":\"ListItem\",\"position\":3,\"name\":\"Continuous Pd-Catalyzed Carbonylative Cyclization Using Iron Pentacarbonyl as a CO Source\"}]},{\"@type\":\"WebSite\",\"@id\":\"https:\\\/\\\/georganics.sk\\\/de\\\/#website\",\"url\":\"https:\\\/\\\/georganics.sk\\\/de\\\/\",\"name\":\"Georganics\",\"description\":\"blog\",\"publisher\":{\"@id\":\"https:\\\/\\\/georganics.sk\\\/de\\\/#organization\"},\"potentialAction\":[{\"@type\":\"SearchAction\",\"target\":{\"@type\":\"EntryPoint\",\"urlTemplate\":\"https:\\\/\\\/georganics.sk\\\/de\\\/?s={search_term_string}\"},\"query-input\":{\"@type\":\"PropertyValueSpecification\",\"valueRequired\":true,\"valueName\":\"search_term_string\"}}],\"inLanguage\":\"de\"},{\"@type\":\"Organization\",\"@id\":\"https:\\\/\\\/georganics.sk\\\/de\\\/#organization\",\"name\":\"Georganics Ltd.\",\"url\":\"https:\\\/\\\/georganics.sk\\\/de\\\/\",\"logo\":{\"@type\":\"ImageObject\",\"inLanguage\":\"de\",\"@id\":\"https:\\\/\\\/georganics.sk\\\/de\\\/#\\\/schema\\\/logo\\\/image\\\/\",\"url\":\"https:\\\/\\\/georganics.sk\\\/wp-content\\\/uploads\\\/2021\\\/03\\\/georganics-logo.png\",\"contentUrl\":\"https:\\\/\\\/georganics.sk\\\/wp-content\\\/uploads\\\/2021\\\/03\\\/georganics-logo.png\",\"width\":382,\"height\":122,\"caption\":\"Georganics Ltd.\"},\"image\":{\"@id\":\"https:\\\/\\\/georganics.sk\\\/de\\\/#\\\/schema\\\/logo\\\/image\\\/\"}}]}<\/script>\n<!-- \/ Yoast SEO Premium plugin. -->","yoast_head_json":{"title":"Continuous Pd-Catalyzed Carbonylative Cyclization Using Iron Pentacarbonyl as a CO Source - Georganics","description":"Erkunden Sie die kontinuierliche Durchfluss-Carbonylierungsreaktion unter Verwendung von Eisenpentacarbonyl, um eine skalierbare Synthese in zug\u00e4nglichen Durchflussger\u00e4ten zu erreichen.","robots":{"index":"index","follow":"follow","max-snippet":"max-snippet:-1","max-image-preview":"max-image-preview:large","max-video-preview":"max-video-preview:-1"},"canonical":"https:\/\/georganics.sk\/de\/research\/continuous-pd-catalyzed-carbonylative-cyclization-using-iron-pentacarbonyl-as-a-co-source\/","og_locale":"de_DE","og_type":"article","og_title":"Continuous Pd-Catalyzed Carbonylative Cyclization Using Iron Pentacarbonyl as a CO Source","og_description":"Erkunden Sie die kontinuierliche Durchfluss-Carbonylierungsreaktion unter Verwendung von Eisenpentacarbonyl, um eine skalierbare Synthese in zug\u00e4nglichen Durchflussger\u00e4ten zu erreichen.","og_url":"https:\/\/georganics.sk\/de\/research\/continuous-pd-catalyzed-carbonylative-cyclization-using-iron-pentacarbonyl-as-a-co-source\/","og_site_name":"Georganics","article_modified_time":"2025-06-30T10:58:26+00:00","twitter_card":"summary_large_image","twitter_misc":{"Gesch\u00e4tzte Lesezeit":"1\u00a0Minute"},"schema":{"@context":"https:\/\/schema.org","@graph":[{"@type":"WebPage","@id":"https:\/\/georganics.sk\/de\/research\/continuous-pd-catalyzed-carbonylative-cyclization-using-iron-pentacarbonyl-as-a-co-source\/","url":"https:\/\/georganics.sk\/de\/research\/continuous-pd-catalyzed-carbonylative-cyclization-using-iron-pentacarbonyl-as-a-co-source\/","name":"Continuous Pd-Catalyzed Carbonylative Cyclization Using Iron Pentacarbonyl as a CO Source - Georganics","isPartOf":{"@id":"https:\/\/georganics.sk\/de\/#website"},"datePublished":"2025-06-17T08:01:43+00:00","dateModified":"2025-06-30T10:58:26+00:00","description":"Erkunden Sie die kontinuierliche Durchfluss-Carbonylierungsreaktion unter Verwendung von Eisenpentacarbonyl, um eine skalierbare Synthese in zug\u00e4nglichen Durchflussger\u00e4ten zu erreichen.","breadcrumb":{"@id":"https:\/\/georganics.sk\/de\/research\/continuous-pd-catalyzed-carbonylative-cyclization-using-iron-pentacarbonyl-as-a-co-source\/#breadcrumb"},"inLanguage":"de","potentialAction":[{"@type":"ReadAction","target":["https:\/\/georganics.sk\/de\/research\/continuous-pd-catalyzed-carbonylative-cyclization-using-iron-pentacarbonyl-as-a-co-source\/"]}]},{"@type":"BreadcrumbList","@id":"https:\/\/georganics.sk\/de\/research\/continuous-pd-catalyzed-carbonylative-cyclization-using-iron-pentacarbonyl-as-a-co-source\/#breadcrumb","itemListElement":[{"@type":"ListItem","position":1,"name":"Home page","item":"https:\/\/georganics.sk\/de\/"},{"@type":"ListItem","position":2,"name":"Forschung in den Bereichen Chemikalien und kundenspezifische Synthese","item":"https:\/\/georganics.sk\/de\/research\/"},{"@type":"ListItem","position":3,"name":"Continuous Pd-Catalyzed Carbonylative Cyclization Using Iron Pentacarbonyl as a CO Source"}]},{"@type":"WebSite","@id":"https:\/\/georganics.sk\/de\/#website","url":"https:\/\/georganics.sk\/de\/","name":"Georganics","description":"blog","publisher":{"@id":"https:\/\/georganics.sk\/de\/#organization"},"potentialAction":[{"@type":"SearchAction","target":{"@type":"EntryPoint","urlTemplate":"https:\/\/georganics.sk\/de\/?s={search_term_string}"},"query-input":{"@type":"PropertyValueSpecification","valueRequired":true,"valueName":"search_term_string"}}],"inLanguage":"de"},{"@type":"Organization","@id":"https:\/\/georganics.sk\/de\/#organization","name":"Georganics Ltd.","url":"https:\/\/georganics.sk\/de\/","logo":{"@type":"ImageObject","inLanguage":"de","@id":"https:\/\/georganics.sk\/de\/#\/schema\/logo\/image\/","url":"https:\/\/georganics.sk\/wp-content\/uploads\/2021\/03\/georganics-logo.png","contentUrl":"https:\/\/georganics.sk\/wp-content\/uploads\/2021\/03\/georganics-logo.png","width":382,"height":122,"caption":"Georganics Ltd."},"image":{"@id":"https:\/\/georganics.sk\/de\/#\/schema\/logo\/image\/"}}]}},"_links":{"self":[{"href":"https:\/\/georganics.sk\/de\/wp-json\/wp\/v2\/pages\/33809","targetHints":{"allow":["GET"]}}],"collection":[{"href":"https:\/\/georganics.sk\/de\/wp-json\/wp\/v2\/pages"}],"about":[{"href":"https:\/\/georganics.sk\/de\/wp-json\/wp\/v2\/types\/page"}],"author":[{"embeddable":true,"href":"https:\/\/georganics.sk\/de\/wp-json\/wp\/v2\/users\/6"}],"replies":[{"embeddable":true,"href":"https:\/\/georganics.sk\/de\/wp-json\/wp\/v2\/comments?post=33809"}],"version-history":[{"count":0,"href":"https:\/\/georganics.sk\/de\/wp-json\/wp\/v2\/pages\/33809\/revisions"}],"up":[{"embeddable":true,"href":"https:\/\/georganics.sk\/de\/wp-json\/wp\/v2\/pages\/18990"}],"wp:attachment":[{"href":"https:\/\/georganics.sk\/de\/wp-json\/wp\/v2\/media?parent=33809"}],"wp:term":[{"taxonomy":"folder","embeddable":true,"href":"https:\/\/georganics.sk\/de\/wp-json\/wp\/v2\/folder?post=33809"}],"curies":[{"name":"wp","href":"https:\/\/api.w.org\/{rel}","templated":true}]}}