{"id":33768,"date":"2025-06-17T09:10:50","date_gmt":"2025-06-17T07:10:50","guid":{"rendered":"https:\/\/georganics.sk\/research\/a-general-continuous-flow-method-for-palladium-catalysed-carbonylation-reactions-using-single-and-multiple-tube-in-tube-gas-liquid-microreactors\/"},"modified":"2025-06-27T11:33:33","modified_gmt":"2025-06-27T09:33:33","slug":"a-general-continuous-flow-method-for-palladium-catalysed-carbonylation-reactions-using-single-and-multiple-tube-in-tube-gas-liquid-microreactors","status":"publish","type":"page","link":"https:\/\/georganics.sk\/de\/research\/a-general-continuous-flow-method-for-palladium-catalysed-carbonylation-reactions-using-single-and-multiple-tube-in-tube-gas-liquid-microreactors\/","title":{"rendered":"A General Continuous Flow Method for Palladium Catalysed Carbonylation Reactions Using Single and Multiple Tube-in-Tube Gas-Liquid Microreactors."},"content":{"rendered":"<p>Es wird \u00fcber eine Reihe von kontinuierlichen Durchflusschemieprozessen berichtet, die die <a href=\"https:\/\/georganics.sk\/de\/special-offers\/palladiumkatalysatoren\/\" target=\"_blank\" rel=\"noopener\">palladiumkatalysierte<\/a> Carbonylierung von Aryl- und Vinyliodiden und Arylbromiden mit einer Reihe von Alkoxy-, Hydroxy- und Aminonukleophilen erm\u00f6glichen. Diese Reaktoren nutzen eine semipermeable Teflon\u00ae AF-2400 Rohr-in-Rohr-Baugruppe und erm\u00f6glichen den kontrollierten Transport von Kohlenmonoxid in L\u00f6sung bei erh\u00f6htem Druck, um homogene Str\u00f6mungsstr\u00f6me zu erzeugen und so einige potenzielle Probleme zu vermeiden, die mit segmentierten Gas-Fl\u00fcssigkeits-Reaktoren verbunden sind. Da das Volumen des unter Druck stehenden Gases im Ger\u00e4t gering ist, werden die damit verbundenen Gefahren im Vergleich zu vergleichbaren Batch-Prozessen potenziell gemildert. Wir zeigen auch, wie die Einbindung eines zweiten Inline-Gasflussreaktors die sequenzielle Einf\u00fchrung zweier Gase (Kohlenmonoxid und ein gasf\u00f6rmiges Nukleophil) in den Reaktionsstrom erm\u00f6glicht.<\/p>\n","protected":false},"excerpt":{"rendered":"<p>Es wird \u00fcber eine Reihe von kontinuierlichen Durchflusschemieprozessen berichtet, die die palladiumkatalysierte Carbonylierung von Aryl- und Vinyliodiden und Arylbromiden mit einer Reihe von Alkoxy-, Hydroxy- und Aminonukleophilen erm\u00f6glichen. Diese Reaktoren nutzen eine semipermeable Teflon\u00ae AF-2400 Rohr-in-Rohr-Baugruppe und erm\u00f6glichen den kontrollierten Transport von Kohlenmonoxid in L\u00f6sung bei erh\u00f6htem Druck, um homogene Str\u00f6mungsstr\u00f6me zu erzeugen und so [&hellip;]<\/p>\n","protected":false},"author":6,"featured_media":0,"parent":18990,"menu_order":0,"comment_status":"closed","ping_status":"closed","template":"template-randpost.php","meta":{"_acf_changed":false,"footnotes":""},"folder":[624],"class_list":["post-33768","page","type-page","status-publish","hentry"],"acf":[],"yoast_head":"<!-- This site is optimized with the Yoast SEO Premium plugin v27.5 (Yoast SEO v27.5) - https:\/\/yoast.com\/product\/yoast-seo-premium-wordpress\/ -->\n<title>A General Continuous Flow Method for Palladium Catalysed Carbonylation Reactions Using Single and Multiple Tube-in-Tube Gas-Liquid Microreactors. - Georganics<\/title>\n<meta name=\"description\" content=\"Entdecken Sie die kontinuierliche Durchflussmethode f\u00fcr die palladiumkatalysierte Carbonylierung in fortschrittlichen Durchflusschemieprozessen.\" \/>\n<meta name=\"robots\" content=\"index, follow, max-snippet:-1, max-image-preview:large, max-video-preview:-1\" \/>\n<link rel=\"canonical\" href=\"https:\/\/georganics.sk\/de\/research\/a-general-continuous-flow-method-for-palladium-catalysed-carbonylation-reactions-using-single-and-multiple-tube-in-tube-gas-liquid-microreactors\/\" \/>\n<meta property=\"og:locale\" content=\"de_DE\" \/>\n<meta property=\"og:type\" content=\"article\" \/>\n<meta property=\"og:title\" content=\"A General Continuous Flow Method for Palladium Catalysed Carbonylation Reactions Using Single and Multiple Tube-in-Tube Gas-Liquid Microreactors.\" \/>\n<meta property=\"og:description\" content=\"Entdecken Sie die kontinuierliche Durchflussmethode f\u00fcr die palladiumkatalysierte Carbonylierung in fortschrittlichen Durchflusschemieprozessen.\" \/>\n<meta property=\"og:url\" content=\"https:\/\/georganics.sk\/de\/research\/a-general-continuous-flow-method-for-palladium-catalysed-carbonylation-reactions-using-single-and-multiple-tube-in-tube-gas-liquid-microreactors\/\" \/>\n<meta property=\"og:site_name\" content=\"Georganics\" \/>\n<meta property=\"article:modified_time\" content=\"2025-06-27T09:33:33+00:00\" \/>\n<meta name=\"twitter:card\" content=\"summary_large_image\" \/>\n<meta name=\"twitter:label1\" content=\"Gesch\u00e4tzte Lesezeit\" \/>\n\t<meta name=\"twitter:data1\" content=\"1\u00a0Minute\" \/>\n<script type=\"application\/ld+json\" class=\"yoast-schema-graph\">{\"@context\":\"https:\\\/\\\/schema.org\",\"@graph\":[{\"@type\":\"WebPage\",\"@id\":\"https:\\\/\\\/georganics.sk\\\/de\\\/research\\\/a-general-continuous-flow-method-for-palladium-catalysed-carbonylation-reactions-using-single-and-multiple-tube-in-tube-gas-liquid-microreactors\\\/\",\"url\":\"https:\\\/\\\/georganics.sk\\\/de\\\/research\\\/a-general-continuous-flow-method-for-palladium-catalysed-carbonylation-reactions-using-single-and-multiple-tube-in-tube-gas-liquid-microreactors\\\/\",\"name\":\"A General Continuous Flow Method for Palladium Catalysed Carbonylation Reactions Using Single and Multiple Tube-in-Tube Gas-Liquid Microreactors. - Georganics\",\"isPartOf\":{\"@id\":\"https:\\\/\\\/georganics.sk\\\/de\\\/#website\"},\"datePublished\":\"2025-06-17T07:10:50+00:00\",\"dateModified\":\"2025-06-27T09:33:33+00:00\",\"description\":\"Entdecken Sie die kontinuierliche Durchflussmethode f\u00fcr die palladiumkatalysierte Carbonylierung in fortschrittlichen Durchflusschemieprozessen.\",\"breadcrumb\":{\"@id\":\"https:\\\/\\\/georganics.sk\\\/de\\\/research\\\/a-general-continuous-flow-method-for-palladium-catalysed-carbonylation-reactions-using-single-and-multiple-tube-in-tube-gas-liquid-microreactors\\\/#breadcrumb\"},\"inLanguage\":\"de\",\"potentialAction\":[{\"@type\":\"ReadAction\",\"target\":[\"https:\\\/\\\/georganics.sk\\\/de\\\/research\\\/a-general-continuous-flow-method-for-palladium-catalysed-carbonylation-reactions-using-single-and-multiple-tube-in-tube-gas-liquid-microreactors\\\/\"]}]},{\"@type\":\"BreadcrumbList\",\"@id\":\"https:\\\/\\\/georganics.sk\\\/de\\\/research\\\/a-general-continuous-flow-method-for-palladium-catalysed-carbonylation-reactions-using-single-and-multiple-tube-in-tube-gas-liquid-microreactors\\\/#breadcrumb\",\"itemListElement\":[{\"@type\":\"ListItem\",\"position\":1,\"name\":\"Home page\",\"item\":\"https:\\\/\\\/georganics.sk\\\/de\\\/\"},{\"@type\":\"ListItem\",\"position\":2,\"name\":\"Forschung in den Bereichen Chemikalien und kundenspezifische Synthese\",\"item\":\"https:\\\/\\\/georganics.sk\\\/de\\\/research\\\/\"},{\"@type\":\"ListItem\",\"position\":3,\"name\":\"A General Continuous Flow Method for Palladium Catalysed Carbonylation Reactions Using Single and Multiple Tube-in-Tube Gas-Liquid Microreactors.\"}]},{\"@type\":\"WebSite\",\"@id\":\"https:\\\/\\\/georganics.sk\\\/de\\\/#website\",\"url\":\"https:\\\/\\\/georganics.sk\\\/de\\\/\",\"name\":\"Georganics\",\"description\":\"blog\",\"publisher\":{\"@id\":\"https:\\\/\\\/georganics.sk\\\/de\\\/#organization\"},\"potentialAction\":[{\"@type\":\"SearchAction\",\"target\":{\"@type\":\"EntryPoint\",\"urlTemplate\":\"https:\\\/\\\/georganics.sk\\\/de\\\/?s={search_term_string}\"},\"query-input\":{\"@type\":\"PropertyValueSpecification\",\"valueRequired\":true,\"valueName\":\"search_term_string\"}}],\"inLanguage\":\"de\"},{\"@type\":\"Organization\",\"@id\":\"https:\\\/\\\/georganics.sk\\\/de\\\/#organization\",\"name\":\"Georganics Ltd.\",\"url\":\"https:\\\/\\\/georganics.sk\\\/de\\\/\",\"logo\":{\"@type\":\"ImageObject\",\"inLanguage\":\"de\",\"@id\":\"https:\\\/\\\/georganics.sk\\\/de\\\/#\\\/schema\\\/logo\\\/image\\\/\",\"url\":\"https:\\\/\\\/georganics.sk\\\/wp-content\\\/uploads\\\/2021\\\/03\\\/georganics-logo.png\",\"contentUrl\":\"https:\\\/\\\/georganics.sk\\\/wp-content\\\/uploads\\\/2021\\\/03\\\/georganics-logo.png\",\"width\":382,\"height\":122,\"caption\":\"Georganics Ltd.\"},\"image\":{\"@id\":\"https:\\\/\\\/georganics.sk\\\/de\\\/#\\\/schema\\\/logo\\\/image\\\/\"}}]}<\/script>\n<!-- \/ Yoast SEO Premium plugin. -->","yoast_head_json":{"title":"A General Continuous Flow Method for Palladium Catalysed Carbonylation Reactions Using Single and Multiple Tube-in-Tube Gas-Liquid Microreactors. - Georganics","description":"Entdecken Sie die kontinuierliche Durchflussmethode f\u00fcr die palladiumkatalysierte Carbonylierung in fortschrittlichen Durchflusschemieprozessen.","robots":{"index":"index","follow":"follow","max-snippet":"max-snippet:-1","max-image-preview":"max-image-preview:large","max-video-preview":"max-video-preview:-1"},"canonical":"https:\/\/georganics.sk\/de\/research\/a-general-continuous-flow-method-for-palladium-catalysed-carbonylation-reactions-using-single-and-multiple-tube-in-tube-gas-liquid-microreactors\/","og_locale":"de_DE","og_type":"article","og_title":"A General Continuous Flow Method for Palladium Catalysed Carbonylation Reactions Using Single and Multiple Tube-in-Tube Gas-Liquid Microreactors.","og_description":"Entdecken Sie die kontinuierliche Durchflussmethode f\u00fcr die palladiumkatalysierte Carbonylierung in fortschrittlichen Durchflusschemieprozessen.","og_url":"https:\/\/georganics.sk\/de\/research\/a-general-continuous-flow-method-for-palladium-catalysed-carbonylation-reactions-using-single-and-multiple-tube-in-tube-gas-liquid-microreactors\/","og_site_name":"Georganics","article_modified_time":"2025-06-27T09:33:33+00:00","twitter_card":"summary_large_image","twitter_misc":{"Gesch\u00e4tzte Lesezeit":"1\u00a0Minute"},"schema":{"@context":"https:\/\/schema.org","@graph":[{"@type":"WebPage","@id":"https:\/\/georganics.sk\/de\/research\/a-general-continuous-flow-method-for-palladium-catalysed-carbonylation-reactions-using-single-and-multiple-tube-in-tube-gas-liquid-microreactors\/","url":"https:\/\/georganics.sk\/de\/research\/a-general-continuous-flow-method-for-palladium-catalysed-carbonylation-reactions-using-single-and-multiple-tube-in-tube-gas-liquid-microreactors\/","name":"A General Continuous Flow Method for Palladium Catalysed Carbonylation Reactions Using Single and Multiple Tube-in-Tube Gas-Liquid Microreactors. - Georganics","isPartOf":{"@id":"https:\/\/georganics.sk\/de\/#website"},"datePublished":"2025-06-17T07:10:50+00:00","dateModified":"2025-06-27T09:33:33+00:00","description":"Entdecken Sie die kontinuierliche Durchflussmethode f\u00fcr die palladiumkatalysierte Carbonylierung in fortschrittlichen Durchflusschemieprozessen.","breadcrumb":{"@id":"https:\/\/georganics.sk\/de\/research\/a-general-continuous-flow-method-for-palladium-catalysed-carbonylation-reactions-using-single-and-multiple-tube-in-tube-gas-liquid-microreactors\/#breadcrumb"},"inLanguage":"de","potentialAction":[{"@type":"ReadAction","target":["https:\/\/georganics.sk\/de\/research\/a-general-continuous-flow-method-for-palladium-catalysed-carbonylation-reactions-using-single-and-multiple-tube-in-tube-gas-liquid-microreactors\/"]}]},{"@type":"BreadcrumbList","@id":"https:\/\/georganics.sk\/de\/research\/a-general-continuous-flow-method-for-palladium-catalysed-carbonylation-reactions-using-single-and-multiple-tube-in-tube-gas-liquid-microreactors\/#breadcrumb","itemListElement":[{"@type":"ListItem","position":1,"name":"Home page","item":"https:\/\/georganics.sk\/de\/"},{"@type":"ListItem","position":2,"name":"Forschung in den Bereichen Chemikalien und kundenspezifische Synthese","item":"https:\/\/georganics.sk\/de\/research\/"},{"@type":"ListItem","position":3,"name":"A General Continuous Flow Method for Palladium Catalysed Carbonylation Reactions Using Single and Multiple Tube-in-Tube Gas-Liquid Microreactors."}]},{"@type":"WebSite","@id":"https:\/\/georganics.sk\/de\/#website","url":"https:\/\/georganics.sk\/de\/","name":"Georganics","description":"blog","publisher":{"@id":"https:\/\/georganics.sk\/de\/#organization"},"potentialAction":[{"@type":"SearchAction","target":{"@type":"EntryPoint","urlTemplate":"https:\/\/georganics.sk\/de\/?s={search_term_string}"},"query-input":{"@type":"PropertyValueSpecification","valueRequired":true,"valueName":"search_term_string"}}],"inLanguage":"de"},{"@type":"Organization","@id":"https:\/\/georganics.sk\/de\/#organization","name":"Georganics Ltd.","url":"https:\/\/georganics.sk\/de\/","logo":{"@type":"ImageObject","inLanguage":"de","@id":"https:\/\/georganics.sk\/de\/#\/schema\/logo\/image\/","url":"https:\/\/georganics.sk\/wp-content\/uploads\/2021\/03\/georganics-logo.png","contentUrl":"https:\/\/georganics.sk\/wp-content\/uploads\/2021\/03\/georganics-logo.png","width":382,"height":122,"caption":"Georganics Ltd."},"image":{"@id":"https:\/\/georganics.sk\/de\/#\/schema\/logo\/image\/"}}]}},"_links":{"self":[{"href":"https:\/\/georganics.sk\/de\/wp-json\/wp\/v2\/pages\/33768","targetHints":{"allow":["GET"]}}],"collection":[{"href":"https:\/\/georganics.sk\/de\/wp-json\/wp\/v2\/pages"}],"about":[{"href":"https:\/\/georganics.sk\/de\/wp-json\/wp\/v2\/types\/page"}],"author":[{"embeddable":true,"href":"https:\/\/georganics.sk\/de\/wp-json\/wp\/v2\/users\/6"}],"replies":[{"embeddable":true,"href":"https:\/\/georganics.sk\/de\/wp-json\/wp\/v2\/comments?post=33768"}],"version-history":[{"count":0,"href":"https:\/\/georganics.sk\/de\/wp-json\/wp\/v2\/pages\/33768\/revisions"}],"up":[{"embeddable":true,"href":"https:\/\/georganics.sk\/de\/wp-json\/wp\/v2\/pages\/18990"}],"wp:attachment":[{"href":"https:\/\/georganics.sk\/de\/wp-json\/wp\/v2\/media?parent=33768"}],"wp:term":[{"taxonomy":"folder","embeddable":true,"href":"https:\/\/georganics.sk\/de\/wp-json\/wp\/v2\/folder?post=33768"}],"curies":[{"name":"wp","href":"https:\/\/api.w.org\/{rel}","templated":true}]}}