{"id":33759,"date":"2025-06-17T09:44:49","date_gmt":"2025-06-17T07:44:49","guid":{"rendered":"https:\/\/georganics.sk\/research\/zn-mediated-reduction-of-oxalyl-chloride-forming-co-and-its-application-in-carbonylation-reactions\/"},"modified":"2025-06-24T14:04:15","modified_gmt":"2025-06-24T12:04:15","slug":"zn-mediated-reduction-of-oxalyl-chloride-forming-co-and-its-application-in-carbonylation-reactions","status":"publish","type":"page","link":"https:\/\/georganics.sk\/de\/research\/zn-mediated-reduction-of-oxalyl-chloride-forming-co-and-its-application-in-carbonylation-reactions\/","title":{"rendered":"Zn-Mediated Reduction of Oxalyl Chloride Forming CO and Its Application in Carbonylation Reactions"},"content":{"rendered":"<p>Es wurde ein effizientes Protokoll zur Erzeugung von Kohlenmonoxid durch Zn-vermittelte Reduktion von Oxalylchlorid entwickelt. Oxalylchlorid erwies sich als \u00e4u\u00dferst effektiver Ersatz f\u00fcr giftiges CO2-Gas in den palladiumkatalysierten Alkoxy-\/Amino-\/Wasserstoff-\/Hydroxycarbonylierungsprozessen und lieferte industriell interessante Ester, Amide, Aldehyde und <a href=\"https:\/\/georganics.sk\/de\/category\/carbonsaurederivate-anhydride-imide-hydrazide\/\" target=\"_blank\">Carbons\u00e4uren<\/a> in guten bis exzellenten Ausbeuten. Dieses neue Verfahren kann in Gegenwart eines \u00dcbergangsmetallkatalysators unter milden Bedingungen und mit einer st\u00f6chiometrischen Menge an CO2-Quelle auf verschiedene Carbonylierungsreaktionen angewendet werden.<\/p>\n","protected":false},"excerpt":{"rendered":"<p>Es wurde ein effizientes Protokoll zur Erzeugung von Kohlenmonoxid durch Zn-vermittelte Reduktion von Oxalylchlorid entwickelt. Oxalylchlorid erwies sich als \u00e4u\u00dferst effektiver Ersatz f\u00fcr giftiges CO2-Gas in den palladiumkatalysierten Alkoxy-\/Amino-\/Wasserstoff-\/Hydroxycarbonylierungsprozessen und lieferte industriell interessante Ester, Amide, Aldehyde und Carbons\u00e4uren in guten bis exzellenten Ausbeuten. Dieses neue Verfahren kann in Gegenwart eines \u00dcbergangsmetallkatalysators unter milden Bedingungen und [&hellip;]<\/p>\n","protected":false},"author":6,"featured_media":0,"parent":18990,"menu_order":0,"comment_status":"closed","ping_status":"closed","template":"template-randpost.php","meta":{"_acf_changed":false,"footnotes":""},"folder":[624],"class_list":["post-33759","page","type-page","status-publish","hentry"],"acf":[],"yoast_head":"<!-- This site is optimized with the Yoast SEO Premium plugin v27.4 (Yoast SEO v27.4) - https:\/\/yoast.com\/product\/yoast-seo-premium-wordpress\/ -->\n<title>Zn-Mediated Reduction of Oxalyl Chloride Forming CO and Its Application in Carbonylation Reactions - Georganics<\/title>\n<meta name=\"description\" content=\"Erkunden Sie die Zn-vermittelte Reduktion von Oxalylchlorid zur Kohlenmonoxiderzeugung in der organischen Synthese.\" \/>\n<meta name=\"robots\" content=\"index, follow, max-snippet:-1, max-image-preview:large, max-video-preview:-1\" \/>\n<link rel=\"canonical\" href=\"https:\/\/georganics.sk\/de\/research\/zn-mediated-reduction-of-oxalyl-chloride-forming-co-and-its-application-in-carbonylation-reactions\/\" \/>\n<meta property=\"og:locale\" content=\"de_DE\" \/>\n<meta property=\"og:type\" content=\"article\" \/>\n<meta property=\"og:title\" content=\"Zn-Mediated Reduction of Oxalyl Chloride Forming CO and Its Application in Carbonylation Reactions\" \/>\n<meta property=\"og:description\" content=\"Erkunden Sie die Zn-vermittelte Reduktion von Oxalylchlorid zur Kohlenmonoxiderzeugung in der organischen Synthese.\" \/>\n<meta property=\"og:url\" content=\"https:\/\/georganics.sk\/de\/research\/zn-mediated-reduction-of-oxalyl-chloride-forming-co-and-its-application-in-carbonylation-reactions\/\" \/>\n<meta property=\"og:site_name\" content=\"Georganics\" \/>\n<meta property=\"article:modified_time\" content=\"2025-06-24T12:04:15+00:00\" \/>\n<meta name=\"twitter:card\" content=\"summary_large_image\" \/>\n<meta name=\"twitter:label1\" content=\"Gesch\u00e4tzte Lesezeit\" \/>\n\t<meta name=\"twitter:data1\" content=\"1\u00a0Minute\" \/>\n<script type=\"application\/ld+json\" class=\"yoast-schema-graph\">{\"@context\":\"https:\\\/\\\/schema.org\",\"@graph\":[{\"@type\":\"WebPage\",\"@id\":\"https:\\\/\\\/georganics.sk\\\/de\\\/research\\\/zn-mediated-reduction-of-oxalyl-chloride-forming-co-and-its-application-in-carbonylation-reactions\\\/\",\"url\":\"https:\\\/\\\/georganics.sk\\\/de\\\/research\\\/zn-mediated-reduction-of-oxalyl-chloride-forming-co-and-its-application-in-carbonylation-reactions\\\/\",\"name\":\"Zn-Mediated Reduction of Oxalyl Chloride Forming CO and Its Application in Carbonylation Reactions - Georganics\",\"isPartOf\":{\"@id\":\"https:\\\/\\\/georganics.sk\\\/de\\\/#website\"},\"datePublished\":\"2025-06-17T07:44:49+00:00\",\"dateModified\":\"2025-06-24T12:04:15+00:00\",\"description\":\"Erkunden Sie die Zn-vermittelte Reduktion von Oxalylchlorid zur Kohlenmonoxiderzeugung in der organischen Synthese.\",\"breadcrumb\":{\"@id\":\"https:\\\/\\\/georganics.sk\\\/de\\\/research\\\/zn-mediated-reduction-of-oxalyl-chloride-forming-co-and-its-application-in-carbonylation-reactions\\\/#breadcrumb\"},\"inLanguage\":\"de\",\"potentialAction\":[{\"@type\":\"ReadAction\",\"target\":[\"https:\\\/\\\/georganics.sk\\\/de\\\/research\\\/zn-mediated-reduction-of-oxalyl-chloride-forming-co-and-its-application-in-carbonylation-reactions\\\/\"]}]},{\"@type\":\"BreadcrumbList\",\"@id\":\"https:\\\/\\\/georganics.sk\\\/de\\\/research\\\/zn-mediated-reduction-of-oxalyl-chloride-forming-co-and-its-application-in-carbonylation-reactions\\\/#breadcrumb\",\"itemListElement\":[{\"@type\":\"ListItem\",\"position\":1,\"name\":\"Home page\",\"item\":\"https:\\\/\\\/georganics.sk\\\/de\\\/\"},{\"@type\":\"ListItem\",\"position\":2,\"name\":\"Forschung in den Bereichen Chemikalien und kundenspezifische Synthese\",\"item\":\"https:\\\/\\\/georganics.sk\\\/de\\\/research\\\/\"},{\"@type\":\"ListItem\",\"position\":3,\"name\":\"Zn-Mediated Reduction of Oxalyl Chloride Forming CO and Its Application in Carbonylation Reactions\"}]},{\"@type\":\"WebSite\",\"@id\":\"https:\\\/\\\/georganics.sk\\\/de\\\/#website\",\"url\":\"https:\\\/\\\/georganics.sk\\\/de\\\/\",\"name\":\"Georganics\",\"description\":\"blog\",\"publisher\":{\"@id\":\"https:\\\/\\\/georganics.sk\\\/de\\\/#organization\"},\"potentialAction\":[{\"@type\":\"SearchAction\",\"target\":{\"@type\":\"EntryPoint\",\"urlTemplate\":\"https:\\\/\\\/georganics.sk\\\/de\\\/?s={search_term_string}\"},\"query-input\":{\"@type\":\"PropertyValueSpecification\",\"valueRequired\":true,\"valueName\":\"search_term_string\"}}],\"inLanguage\":\"de\"},{\"@type\":\"Organization\",\"@id\":\"https:\\\/\\\/georganics.sk\\\/de\\\/#organization\",\"name\":\"Georganics Ltd.\",\"url\":\"https:\\\/\\\/georganics.sk\\\/de\\\/\",\"logo\":{\"@type\":\"ImageObject\",\"inLanguage\":\"de\",\"@id\":\"https:\\\/\\\/georganics.sk\\\/de\\\/#\\\/schema\\\/logo\\\/image\\\/\",\"url\":\"https:\\\/\\\/georganics.sk\\\/wp-content\\\/uploads\\\/2021\\\/03\\\/georganics-logo.png\",\"contentUrl\":\"https:\\\/\\\/georganics.sk\\\/wp-content\\\/uploads\\\/2021\\\/03\\\/georganics-logo.png\",\"width\":382,\"height\":122,\"caption\":\"Georganics Ltd.\"},\"image\":{\"@id\":\"https:\\\/\\\/georganics.sk\\\/de\\\/#\\\/schema\\\/logo\\\/image\\\/\"}}]}<\/script>\n<!-- \/ Yoast SEO Premium plugin. -->","yoast_head_json":{"title":"Zn-Mediated Reduction of Oxalyl Chloride Forming CO and Its Application in Carbonylation Reactions - Georganics","description":"Erkunden Sie die Zn-vermittelte Reduktion von Oxalylchlorid zur Kohlenmonoxiderzeugung in der organischen Synthese.","robots":{"index":"index","follow":"follow","max-snippet":"max-snippet:-1","max-image-preview":"max-image-preview:large","max-video-preview":"max-video-preview:-1"},"canonical":"https:\/\/georganics.sk\/de\/research\/zn-mediated-reduction-of-oxalyl-chloride-forming-co-and-its-application-in-carbonylation-reactions\/","og_locale":"de_DE","og_type":"article","og_title":"Zn-Mediated Reduction of Oxalyl Chloride Forming CO and Its Application in Carbonylation Reactions","og_description":"Erkunden Sie die Zn-vermittelte Reduktion von Oxalylchlorid zur Kohlenmonoxiderzeugung in der organischen Synthese.","og_url":"https:\/\/georganics.sk\/de\/research\/zn-mediated-reduction-of-oxalyl-chloride-forming-co-and-its-application-in-carbonylation-reactions\/","og_site_name":"Georganics","article_modified_time":"2025-06-24T12:04:15+00:00","twitter_card":"summary_large_image","twitter_misc":{"Gesch\u00e4tzte Lesezeit":"1\u00a0Minute"},"schema":{"@context":"https:\/\/schema.org","@graph":[{"@type":"WebPage","@id":"https:\/\/georganics.sk\/de\/research\/zn-mediated-reduction-of-oxalyl-chloride-forming-co-and-its-application-in-carbonylation-reactions\/","url":"https:\/\/georganics.sk\/de\/research\/zn-mediated-reduction-of-oxalyl-chloride-forming-co-and-its-application-in-carbonylation-reactions\/","name":"Zn-Mediated Reduction of Oxalyl Chloride Forming CO and Its Application in Carbonylation Reactions - Georganics","isPartOf":{"@id":"https:\/\/georganics.sk\/de\/#website"},"datePublished":"2025-06-17T07:44:49+00:00","dateModified":"2025-06-24T12:04:15+00:00","description":"Erkunden Sie die Zn-vermittelte Reduktion von Oxalylchlorid zur Kohlenmonoxiderzeugung in der organischen Synthese.","breadcrumb":{"@id":"https:\/\/georganics.sk\/de\/research\/zn-mediated-reduction-of-oxalyl-chloride-forming-co-and-its-application-in-carbonylation-reactions\/#breadcrumb"},"inLanguage":"de","potentialAction":[{"@type":"ReadAction","target":["https:\/\/georganics.sk\/de\/research\/zn-mediated-reduction-of-oxalyl-chloride-forming-co-and-its-application-in-carbonylation-reactions\/"]}]},{"@type":"BreadcrumbList","@id":"https:\/\/georganics.sk\/de\/research\/zn-mediated-reduction-of-oxalyl-chloride-forming-co-and-its-application-in-carbonylation-reactions\/#breadcrumb","itemListElement":[{"@type":"ListItem","position":1,"name":"Home page","item":"https:\/\/georganics.sk\/de\/"},{"@type":"ListItem","position":2,"name":"Forschung in den Bereichen Chemikalien und kundenspezifische Synthese","item":"https:\/\/georganics.sk\/de\/research\/"},{"@type":"ListItem","position":3,"name":"Zn-Mediated Reduction of Oxalyl Chloride Forming CO and Its Application in Carbonylation Reactions"}]},{"@type":"WebSite","@id":"https:\/\/georganics.sk\/de\/#website","url":"https:\/\/georganics.sk\/de\/","name":"Georganics","description":"blog","publisher":{"@id":"https:\/\/georganics.sk\/de\/#organization"},"potentialAction":[{"@type":"SearchAction","target":{"@type":"EntryPoint","urlTemplate":"https:\/\/georganics.sk\/de\/?s={search_term_string}"},"query-input":{"@type":"PropertyValueSpecification","valueRequired":true,"valueName":"search_term_string"}}],"inLanguage":"de"},{"@type":"Organization","@id":"https:\/\/georganics.sk\/de\/#organization","name":"Georganics Ltd.","url":"https:\/\/georganics.sk\/de\/","logo":{"@type":"ImageObject","inLanguage":"de","@id":"https:\/\/georganics.sk\/de\/#\/schema\/logo\/image\/","url":"https:\/\/georganics.sk\/wp-content\/uploads\/2021\/03\/georganics-logo.png","contentUrl":"https:\/\/georganics.sk\/wp-content\/uploads\/2021\/03\/georganics-logo.png","width":382,"height":122,"caption":"Georganics Ltd."},"image":{"@id":"https:\/\/georganics.sk\/de\/#\/schema\/logo\/image\/"}}]}},"_links":{"self":[{"href":"https:\/\/georganics.sk\/de\/wp-json\/wp\/v2\/pages\/33759","targetHints":{"allow":["GET"]}}],"collection":[{"href":"https:\/\/georganics.sk\/de\/wp-json\/wp\/v2\/pages"}],"about":[{"href":"https:\/\/georganics.sk\/de\/wp-json\/wp\/v2\/types\/page"}],"author":[{"embeddable":true,"href":"https:\/\/georganics.sk\/de\/wp-json\/wp\/v2\/users\/6"}],"replies":[{"embeddable":true,"href":"https:\/\/georganics.sk\/de\/wp-json\/wp\/v2\/comments?post=33759"}],"version-history":[{"count":0,"href":"https:\/\/georganics.sk\/de\/wp-json\/wp\/v2\/pages\/33759\/revisions"}],"up":[{"embeddable":true,"href":"https:\/\/georganics.sk\/de\/wp-json\/wp\/v2\/pages\/18990"}],"wp:attachment":[{"href":"https:\/\/georganics.sk\/de\/wp-json\/wp\/v2\/media?parent=33759"}],"wp:term":[{"taxonomy":"folder","embeddable":true,"href":"https:\/\/georganics.sk\/de\/wp-json\/wp\/v2\/folder?post=33759"}],"curies":[{"name":"wp","href":"https:\/\/api.w.org\/{rel}","templated":true}]}}