{"id":33550,"date":"2025-06-17T12:14:02","date_gmt":"2025-06-17T10:14:02","guid":{"rendered":"https:\/\/georganics.sk\/durchflusschemie\/"},"modified":"2025-06-17T12:44:52","modified_gmt":"2025-06-17T10:44:52","slug":"durchflusschemie","status":"publish","type":"page","link":"https:\/\/georganics.sk\/de\/durchflusschemie\/","title":{"rendered":"Durchflusschemie"},"content":{"rendered":"<ul>\n<li class=\"ai-optimize-7 ai-optimize-introduction\">Unser Team verf\u00fcgt \u00fcber umfassende Erfahrung und Expertise in der <strong>Durchflusschemie<\/strong>. Wir nutzen die Prinzipien der Durchflusschemie, um innovative L\u00f6sungen zu entwickeln und Prozesse f\u00fcr verschiedene Anwendungen zu optimieren.<\/li>\n<li class=\"ai-optimize-7\"><strong>Pr\u00e4zise Steuerung<\/strong> der Reaktionsparameter (Temperatur, Druck, Verweilzeit) f\u00fchrt zu verbesserter Selektivit\u00e4t und Ausbeute.<\/li>\n<li class=\"ai-optimize-7\"><strong>Erh\u00f6hte Sicherheit<\/strong> durch Minimierung des Risikos gef\u00e4hrlicher Reaktionen und Verringerung der Ansammlung gef\u00e4hrlicher Zwischenprodukte.<\/li>\n<li class=\"ai-optimize-7\"><strong>Gesteigerte Effizienz<\/strong> und Produktivit\u00e4t durch schnelle Reaktionsoptimierung und Scale-up.<\/li>\n<li class=\"ai-optimize-7\"><strong>Optimierte Synthese<\/strong> komplexer Molek\u00fcle durch die Integration mehrerer Reaktionen in einem einzigen kontinuierlichen Durchflusssystem.<\/li>\n<li class=\"ai-optimize-7\"><strong>Umweltfreundlicher Ansatz<\/strong> mit reduzierter Abfallmenge, geringeren Mengen an Reagenzien und L\u00f6sungsmitteln sowie geringerem Energieverbrauch.<\/li>\n<li class=\"ai-optimize-7\">Vielversprechend f\u00fcr Branchen wie <strong>Pharmazie, Feinchemie und Materialwissenschaften<\/strong>.<\/li>\n<\/ul>\n","protected":false},"excerpt":{"rendered":"<p>Unser Team verf\u00fcgt \u00fcber umfassende Erfahrung und Expertise in der Durchflusschemie. Wir nutzen die Prinzipien der Durchflusschemie, um innovative L\u00f6sungen zu entwickeln und Prozesse f\u00fcr verschiedene Anwendungen zu optimieren. Pr\u00e4zise Steuerung der Reaktionsparameter (Temperatur, Druck, Verweilzeit) f\u00fchrt zu verbesserter Selektivit\u00e4t und Ausbeute. Erh\u00f6hte Sicherheit durch Minimierung des Risikos gef\u00e4hrlicher Reaktionen und Verringerung der Ansammlung gef\u00e4hrlicher [&hellip;]<\/p>\n","protected":false},"author":2,"featured_media":0,"parent":0,"menu_order":0,"comment_status":"closed","ping_status":"closed","template":"template-flowchemistry.php","meta":{"_acf_changed":false,"footnotes":""},"folder":[],"class_list":["post-33550","page","type-page","status-publish","hentry"],"acf":[],"yoast_head":"<!-- This site is optimized with the Yoast SEO Premium plugin v27.4 (Yoast SEO v27.4) - https:\/\/yoast.com\/product\/yoast-seo-premium-wordpress\/ -->\n<title>Durchflusschemie - Georganics<\/title>\n<meta name=\"description\" content=\"Entdecken Sie die Vorteile der Durchflusschemie zur Prozessoptimierung, Ertragssteigerung und Erh\u00f6hung der Sicherheit bei chemischen Reaktionen.\" \/>\n<meta name=\"robots\" content=\"index, follow, max-snippet:-1, max-image-preview:large, max-video-preview:-1\" \/>\n<link rel=\"canonical\" href=\"https:\/\/georganics.sk\/de\/durchflusschemie\/\" \/>\n<meta property=\"og:locale\" content=\"de_DE\" \/>\n<meta property=\"og:type\" content=\"article\" \/>\n<meta property=\"og:title\" content=\"Durchflusschemie\" \/>\n<meta property=\"og:description\" content=\"Entdecken Sie die Vorteile der Durchflusschemie zur Prozessoptimierung, Ertragssteigerung und Erh\u00f6hung der Sicherheit bei chemischen Reaktionen.\" \/>\n<meta property=\"og:url\" content=\"https:\/\/georganics.sk\/de\/durchflusschemie\/\" \/>\n<meta property=\"og:site_name\" content=\"Georganics\" \/>\n<meta property=\"article:modified_time\" content=\"2025-06-17T10:44:52+00:00\" \/>\n<meta name=\"twitter:card\" content=\"summary_large_image\" \/>\n<meta name=\"twitter:label1\" content=\"Gesch\u00e4tzte Lesezeit\" \/>\n\t<meta name=\"twitter:data1\" content=\"2\u00a0Minuten\" \/>\n<script type=\"application\/ld+json\" class=\"yoast-schema-graph\">{\"@context\":\"https:\\\/\\\/schema.org\",\"@graph\":[{\"@type\":\"WebPage\",\"@id\":\"https:\\\/\\\/georganics.sk\\\/de\\\/durchflusschemie\\\/\",\"url\":\"https:\\\/\\\/georganics.sk\\\/de\\\/durchflusschemie\\\/\",\"name\":\"Durchflusschemie - Georganics\",\"isPartOf\":{\"@id\":\"https:\\\/\\\/georganics.sk\\\/de\\\/#website\"},\"datePublished\":\"2025-06-17T10:14:02+00:00\",\"dateModified\":\"2025-06-17T10:44:52+00:00\",\"description\":\"Entdecken Sie die Vorteile der Durchflusschemie zur Prozessoptimierung, Ertragssteigerung und Erh\u00f6hung der Sicherheit bei chemischen Reaktionen.\",\"breadcrumb\":{\"@id\":\"https:\\\/\\\/georganics.sk\\\/de\\\/durchflusschemie\\\/#breadcrumb\"},\"inLanguage\":\"de\",\"potentialAction\":[{\"@type\":\"ReadAction\",\"target\":[\"https:\\\/\\\/georganics.sk\\\/de\\\/durchflusschemie\\\/\"]}]},{\"@type\":\"BreadcrumbList\",\"@id\":\"https:\\\/\\\/georganics.sk\\\/de\\\/durchflusschemie\\\/#breadcrumb\",\"itemListElement\":[{\"@type\":\"ListItem\",\"position\":1,\"name\":\"Home page\",\"item\":\"https:\\\/\\\/georganics.sk\\\/de\\\/\"},{\"@type\":\"ListItem\",\"position\":2,\"name\":\"Durchflusschemie\"}]},{\"@type\":\"WebSite\",\"@id\":\"https:\\\/\\\/georganics.sk\\\/de\\\/#website\",\"url\":\"https:\\\/\\\/georganics.sk\\\/de\\\/\",\"name\":\"Georganics\",\"description\":\"blog\",\"publisher\":{\"@id\":\"https:\\\/\\\/georganics.sk\\\/de\\\/#organization\"},\"potentialAction\":[{\"@type\":\"SearchAction\",\"target\":{\"@type\":\"EntryPoint\",\"urlTemplate\":\"https:\\\/\\\/georganics.sk\\\/de\\\/?s={search_term_string}\"},\"query-input\":{\"@type\":\"PropertyValueSpecification\",\"valueRequired\":true,\"valueName\":\"search_term_string\"}}],\"inLanguage\":\"de\"},{\"@type\":\"Organization\",\"@id\":\"https:\\\/\\\/georganics.sk\\\/de\\\/#organization\",\"name\":\"Georganics Ltd.\",\"url\":\"https:\\\/\\\/georganics.sk\\\/de\\\/\",\"logo\":{\"@type\":\"ImageObject\",\"inLanguage\":\"de\",\"@id\":\"https:\\\/\\\/georganics.sk\\\/de\\\/#\\\/schema\\\/logo\\\/image\\\/\",\"url\":\"https:\\\/\\\/georganics.sk\\\/wp-content\\\/uploads\\\/2021\\\/03\\\/georganics-logo.png\",\"contentUrl\":\"https:\\\/\\\/georganics.sk\\\/wp-content\\\/uploads\\\/2021\\\/03\\\/georganics-logo.png\",\"width\":382,\"height\":122,\"caption\":\"Georganics Ltd.\"},\"image\":{\"@id\":\"https:\\\/\\\/georganics.sk\\\/de\\\/#\\\/schema\\\/logo\\\/image\\\/\"}}]}<\/script>\n<!-- \/ Yoast SEO Premium plugin. -->","yoast_head_json":{"title":"Durchflusschemie - Georganics","description":"Entdecken Sie die Vorteile der Durchflusschemie zur Prozessoptimierung, Ertragssteigerung und Erh\u00f6hung der Sicherheit bei chemischen Reaktionen.","robots":{"index":"index","follow":"follow","max-snippet":"max-snippet:-1","max-image-preview":"max-image-preview:large","max-video-preview":"max-video-preview:-1"},"canonical":"https:\/\/georganics.sk\/de\/durchflusschemie\/","og_locale":"de_DE","og_type":"article","og_title":"Durchflusschemie","og_description":"Entdecken Sie die Vorteile der Durchflusschemie zur Prozessoptimierung, Ertragssteigerung und Erh\u00f6hung der Sicherheit bei chemischen Reaktionen.","og_url":"https:\/\/georganics.sk\/de\/durchflusschemie\/","og_site_name":"Georganics","article_modified_time":"2025-06-17T10:44:52+00:00","twitter_card":"summary_large_image","twitter_misc":{"Gesch\u00e4tzte Lesezeit":"2\u00a0Minuten"},"schema":{"@context":"https:\/\/schema.org","@graph":[{"@type":"WebPage","@id":"https:\/\/georganics.sk\/de\/durchflusschemie\/","url":"https:\/\/georganics.sk\/de\/durchflusschemie\/","name":"Durchflusschemie - Georganics","isPartOf":{"@id":"https:\/\/georganics.sk\/de\/#website"},"datePublished":"2025-06-17T10:14:02+00:00","dateModified":"2025-06-17T10:44:52+00:00","description":"Entdecken Sie die Vorteile der Durchflusschemie zur Prozessoptimierung, Ertragssteigerung und Erh\u00f6hung der Sicherheit bei chemischen Reaktionen.","breadcrumb":{"@id":"https:\/\/georganics.sk\/de\/durchflusschemie\/#breadcrumb"},"inLanguage":"de","potentialAction":[{"@type":"ReadAction","target":["https:\/\/georganics.sk\/de\/durchflusschemie\/"]}]},{"@type":"BreadcrumbList","@id":"https:\/\/georganics.sk\/de\/durchflusschemie\/#breadcrumb","itemListElement":[{"@type":"ListItem","position":1,"name":"Home page","item":"https:\/\/georganics.sk\/de\/"},{"@type":"ListItem","position":2,"name":"Durchflusschemie"}]},{"@type":"WebSite","@id":"https:\/\/georganics.sk\/de\/#website","url":"https:\/\/georganics.sk\/de\/","name":"Georganics","description":"blog","publisher":{"@id":"https:\/\/georganics.sk\/de\/#organization"},"potentialAction":[{"@type":"SearchAction","target":{"@type":"EntryPoint","urlTemplate":"https:\/\/georganics.sk\/de\/?s={search_term_string}"},"query-input":{"@type":"PropertyValueSpecification","valueRequired":true,"valueName":"search_term_string"}}],"inLanguage":"de"},{"@type":"Organization","@id":"https:\/\/georganics.sk\/de\/#organization","name":"Georganics Ltd.","url":"https:\/\/georganics.sk\/de\/","logo":{"@type":"ImageObject","inLanguage":"de","@id":"https:\/\/georganics.sk\/de\/#\/schema\/logo\/image\/","url":"https:\/\/georganics.sk\/wp-content\/uploads\/2021\/03\/georganics-logo.png","contentUrl":"https:\/\/georganics.sk\/wp-content\/uploads\/2021\/03\/georganics-logo.png","width":382,"height":122,"caption":"Georganics Ltd."},"image":{"@id":"https:\/\/georganics.sk\/de\/#\/schema\/logo\/image\/"}}]}},"_links":{"self":[{"href":"https:\/\/georganics.sk\/de\/wp-json\/wp\/v2\/pages\/33550","targetHints":{"allow":["GET"]}}],"collection":[{"href":"https:\/\/georganics.sk\/de\/wp-json\/wp\/v2\/pages"}],"about":[{"href":"https:\/\/georganics.sk\/de\/wp-json\/wp\/v2\/types\/page"}],"author":[{"embeddable":true,"href":"https:\/\/georganics.sk\/de\/wp-json\/wp\/v2\/users\/2"}],"replies":[{"embeddable":true,"href":"https:\/\/georganics.sk\/de\/wp-json\/wp\/v2\/comments?post=33550"}],"version-history":[{"count":0,"href":"https:\/\/georganics.sk\/de\/wp-json\/wp\/v2\/pages\/33550\/revisions"}],"wp:attachment":[{"href":"https:\/\/georganics.sk\/de\/wp-json\/wp\/v2\/media?parent=33550"}],"wp:term":[{"taxonomy":"folder","embeddable":true,"href":"https:\/\/georganics.sk\/de\/wp-json\/wp\/v2\/folder?post=33550"}],"curies":[{"name":"wp","href":"https:\/\/api.w.org\/{rel}","templated":true}]}}