{"id":26956,"date":"2021-10-21T14:01:51","date_gmt":"2021-10-21T12:01:51","guid":{"rendered":"https:\/\/georganics.sk\/packaging-and-containers\/"},"modified":"2021-10-29T14:51:57","modified_gmt":"2021-10-29T12:51:57","slug":"verpackung-und-behaelter","status":"publish","type":"page","link":"https:\/\/georganics.sk\/de\/verpackung-und-behaelter\/","title":{"rendered":"Verpackung und Beh\u00e4lter"},"content":{"rendered":"","protected":false},"excerpt":{"rendered":"","protected":false},"author":2,"featured_media":0,"parent":0,"menu_order":0,"comment_status":"closed","ping_status":"closed","template":"template-packaging.php","meta":{"_acf_changed":false,"footnotes":""},"folder":[],"class_list":["post-26956","page","type-page","status-publish","hentry"],"acf":[],"yoast_head":"<!-- This site is optimized with the Yoast SEO Premium plugin v27.4 (Yoast SEO v27.4) - https:\/\/yoast.com\/product\/yoast-seo-premium-wordpress\/ -->\n<title>Verpackung und Beh\u00e4lter - Georganics<\/title>\n<meta name=\"description\" content=\"Verpackung und Beh\u00e4lter - geeigneten Gebindetypen f\u00fcr jedes Produkt entsprechend seiner Anwendung und Eigenschaften.\" \/>\n<meta name=\"robots\" content=\"index, follow, max-snippet:-1, max-image-preview:large, max-video-preview:-1\" \/>\n<link rel=\"canonical\" href=\"https:\/\/georganics.sk\/de\/verpackung-und-behaelter\/\" \/>\n<meta property=\"og:locale\" content=\"de_DE\" \/>\n<meta property=\"og:type\" content=\"article\" \/>\n<meta property=\"og:title\" content=\"Verpackung und Beh\u00e4lter\" \/>\n<meta property=\"og:description\" content=\"Verpackung und Beh\u00e4lter - geeigneten Gebindetypen f\u00fcr jedes Produkt entsprechend seiner Anwendung und Eigenschaften.\" \/>\n<meta property=\"og:url\" content=\"https:\/\/georganics.sk\/de\/verpackung-und-behaelter\/\" \/>\n<meta property=\"og:site_name\" content=\"Georganics\" \/>\n<meta property=\"article:modified_time\" content=\"2021-10-29T12:51:57+00:00\" \/>\n<meta name=\"twitter:card\" content=\"summary_large_image\" \/>\n<script type=\"application\/ld+json\" class=\"yoast-schema-graph\">{\"@context\":\"https:\\\/\\\/schema.org\",\"@graph\":[{\"@type\":\"WebPage\",\"@id\":\"https:\\\/\\\/georganics.sk\\\/de\\\/verpackung-und-behaelter\\\/\",\"url\":\"https:\\\/\\\/georganics.sk\\\/de\\\/verpackung-und-behaelter\\\/\",\"name\":\"Verpackung und Beh\u00e4lter - Georganics\",\"isPartOf\":{\"@id\":\"https:\\\/\\\/georganics.sk\\\/de\\\/#website\"},\"datePublished\":\"2021-10-21T12:01:51+00:00\",\"dateModified\":\"2021-10-29T12:51:57+00:00\",\"description\":\"Verpackung und Beh\u00e4lter - geeigneten Gebindetypen f\u00fcr jedes Produkt entsprechend seiner Anwendung und Eigenschaften.\",\"breadcrumb\":{\"@id\":\"https:\\\/\\\/georganics.sk\\\/de\\\/verpackung-und-behaelter\\\/#breadcrumb\"},\"inLanguage\":\"de\",\"potentialAction\":[{\"@type\":\"ReadAction\",\"target\":[\"https:\\\/\\\/georganics.sk\\\/de\\\/verpackung-und-behaelter\\\/\"]}]},{\"@type\":\"BreadcrumbList\",\"@id\":\"https:\\\/\\\/georganics.sk\\\/de\\\/verpackung-und-behaelter\\\/#breadcrumb\",\"itemListElement\":[{\"@type\":\"ListItem\",\"position\":1,\"name\":\"Home page\",\"item\":\"https:\\\/\\\/georganics.sk\\\/de\\\/\"},{\"@type\":\"ListItem\",\"position\":2,\"name\":\"Verpackung und Beh\u00e4lter\"}]},{\"@type\":\"WebSite\",\"@id\":\"https:\\\/\\\/georganics.sk\\\/de\\\/#website\",\"url\":\"https:\\\/\\\/georganics.sk\\\/de\\\/\",\"name\":\"Georganics\",\"description\":\"blog\",\"publisher\":{\"@id\":\"https:\\\/\\\/georganics.sk\\\/de\\\/#organization\"},\"potentialAction\":[{\"@type\":\"SearchAction\",\"target\":{\"@type\":\"EntryPoint\",\"urlTemplate\":\"https:\\\/\\\/georganics.sk\\\/de\\\/?s={search_term_string}\"},\"query-input\":{\"@type\":\"PropertyValueSpecification\",\"valueRequired\":true,\"valueName\":\"search_term_string\"}}],\"inLanguage\":\"de\"},{\"@type\":\"Organization\",\"@id\":\"https:\\\/\\\/georganics.sk\\\/de\\\/#organization\",\"name\":\"Georganics Ltd.\",\"url\":\"https:\\\/\\\/georganics.sk\\\/de\\\/\",\"logo\":{\"@type\":\"ImageObject\",\"inLanguage\":\"de\",\"@id\":\"https:\\\/\\\/georganics.sk\\\/de\\\/#\\\/schema\\\/logo\\\/image\\\/\",\"url\":\"https:\\\/\\\/georganics.sk\\\/wp-content\\\/uploads\\\/2021\\\/03\\\/georganics-logo.png\",\"contentUrl\":\"https:\\\/\\\/georganics.sk\\\/wp-content\\\/uploads\\\/2021\\\/03\\\/georganics-logo.png\",\"width\":382,\"height\":122,\"caption\":\"Georganics Ltd.\"},\"image\":{\"@id\":\"https:\\\/\\\/georganics.sk\\\/de\\\/#\\\/schema\\\/logo\\\/image\\\/\"}}]}<\/script>\n<!-- \/ Yoast SEO Premium plugin. -->","yoast_head_json":{"title":"Verpackung und Beh\u00e4lter - Georganics","description":"Verpackung und Beh\u00e4lter - geeigneten Gebindetypen f\u00fcr jedes Produkt entsprechend seiner Anwendung und Eigenschaften.","robots":{"index":"index","follow":"follow","max-snippet":"max-snippet:-1","max-image-preview":"max-image-preview:large","max-video-preview":"max-video-preview:-1"},"canonical":"https:\/\/georganics.sk\/de\/verpackung-und-behaelter\/","og_locale":"de_DE","og_type":"article","og_title":"Verpackung und Beh\u00e4lter","og_description":"Verpackung und Beh\u00e4lter - geeigneten Gebindetypen f\u00fcr jedes Produkt entsprechend seiner Anwendung und Eigenschaften.","og_url":"https:\/\/georganics.sk\/de\/verpackung-und-behaelter\/","og_site_name":"Georganics","article_modified_time":"2021-10-29T12:51:57+00:00","twitter_card":"summary_large_image","schema":{"@context":"https:\/\/schema.org","@graph":[{"@type":"WebPage","@id":"https:\/\/georganics.sk\/de\/verpackung-und-behaelter\/","url":"https:\/\/georganics.sk\/de\/verpackung-und-behaelter\/","name":"Verpackung und Beh\u00e4lter - Georganics","isPartOf":{"@id":"https:\/\/georganics.sk\/de\/#website"},"datePublished":"2021-10-21T12:01:51+00:00","dateModified":"2021-10-29T12:51:57+00:00","description":"Verpackung und Beh\u00e4lter - geeigneten Gebindetypen f\u00fcr jedes Produkt entsprechend seiner Anwendung und Eigenschaften.","breadcrumb":{"@id":"https:\/\/georganics.sk\/de\/verpackung-und-behaelter\/#breadcrumb"},"inLanguage":"de","potentialAction":[{"@type":"ReadAction","target":["https:\/\/georganics.sk\/de\/verpackung-und-behaelter\/"]}]},{"@type":"BreadcrumbList","@id":"https:\/\/georganics.sk\/de\/verpackung-und-behaelter\/#breadcrumb","itemListElement":[{"@type":"ListItem","position":1,"name":"Home page","item":"https:\/\/georganics.sk\/de\/"},{"@type":"ListItem","position":2,"name":"Verpackung und Beh\u00e4lter"}]},{"@type":"WebSite","@id":"https:\/\/georganics.sk\/de\/#website","url":"https:\/\/georganics.sk\/de\/","name":"Georganics","description":"blog","publisher":{"@id":"https:\/\/georganics.sk\/de\/#organization"},"potentialAction":[{"@type":"SearchAction","target":{"@type":"EntryPoint","urlTemplate":"https:\/\/georganics.sk\/de\/?s={search_term_string}"},"query-input":{"@type":"PropertyValueSpecification","valueRequired":true,"valueName":"search_term_string"}}],"inLanguage":"de"},{"@type":"Organization","@id":"https:\/\/georganics.sk\/de\/#organization","name":"Georganics Ltd.","url":"https:\/\/georganics.sk\/de\/","logo":{"@type":"ImageObject","inLanguage":"de","@id":"https:\/\/georganics.sk\/de\/#\/schema\/logo\/image\/","url":"https:\/\/georganics.sk\/wp-content\/uploads\/2021\/03\/georganics-logo.png","contentUrl":"https:\/\/georganics.sk\/wp-content\/uploads\/2021\/03\/georganics-logo.png","width":382,"height":122,"caption":"Georganics Ltd."},"image":{"@id":"https:\/\/georganics.sk\/de\/#\/schema\/logo\/image\/"}}]}},"_links":{"self":[{"href":"https:\/\/georganics.sk\/de\/wp-json\/wp\/v2\/pages\/26956","targetHints":{"allow":["GET"]}}],"collection":[{"href":"https:\/\/georganics.sk\/de\/wp-json\/wp\/v2\/pages"}],"about":[{"href":"https:\/\/georganics.sk\/de\/wp-json\/wp\/v2\/types\/page"}],"author":[{"embeddable":true,"href":"https:\/\/georganics.sk\/de\/wp-json\/wp\/v2\/users\/2"}],"replies":[{"embeddable":true,"href":"https:\/\/georganics.sk\/de\/wp-json\/wp\/v2\/comments?post=26956"}],"version-history":[{"count":0,"href":"https:\/\/georganics.sk\/de\/wp-json\/wp\/v2\/pages\/26956\/revisions"}],"wp:attachment":[{"href":"https:\/\/georganics.sk\/de\/wp-json\/wp\/v2\/media?parent=26956"}],"wp:term":[{"taxonomy":"folder","embeddable":true,"href":"https:\/\/georganics.sk\/de\/wp-json\/wp\/v2\/folder?post=26956"}],"curies":[{"name":"wp","href":"https:\/\/api.w.org\/{rel}","templated":true}]}}