{"id":18986,"date":"2021-03-18T15:28:07","date_gmt":"2021-03-18T14:28:07","guid":{"rendered":"https:\/\/georganics.sk\/new-chemical-products\/"},"modified":"2021-10-29T14:20:21","modified_gmt":"2021-10-29T12:20:21","slug":"new-chemical-products","status":"publish","type":"page","link":"https:\/\/georganics.sk\/de\/new-chemical-products\/","title":{"rendered":"Neue Chemikalien"},"content":{"rendered":"<p>Unser <a href=\"https:\/\/georganics.sk\/de\/all-chemical-products\/\">Katalog<\/a> enth\u00e4lt \u00fcber 1.800 chemische Verbindungen f\u00fcr die Grundlagenforschung in vielen Bereichen, darunter <strong>pharmazeutische und agrochemische<\/strong> <strong>Industrie<\/strong>. Das Sortiment der chemischen Produkte wird im Laufe der Zeit st\u00e4ndig erweitert, um den wachsenden Bed\u00fcrfnissen unserer Kunden gerecht zu werden.<\/p>\n<p>In unseren Katalog, den Sie auch auf der Website finden, werden regelm\u00e4\u00dfig neue Produkte aufgenommen. <a href=\"mailto:georganics@georganics.sk\">Kontaktieren Sie uns<\/a>, wenn Sie Ihr Produkt in unserem aktuellen Katalog nicht finden. Wir freuen uns \u00fcber Ihre <a href=\"mailto:georganics@georganics.sk\">Anfrage<\/a>.<\/p>\n","protected":false},"excerpt":{"rendered":"<p>Unser Katalog enth\u00e4lt \u00fcber 1.800 chemische Verbindungen f\u00fcr die Grundlagenforschung in vielen Bereichen, darunter pharmazeutische und agrochemische Industrie. Das Sortiment der chemischen Produkte wird im Laufe der Zeit st\u00e4ndig erweitert, um den wachsenden Bed\u00fcrfnissen unserer Kunden gerecht zu werden. In unseren Katalog, den Sie auch auf der Website finden, werden regelm\u00e4\u00dfig neue Produkte aufgenommen. Kontaktieren [&hellip;]<\/p>\n","protected":false},"author":2,"featured_media":0,"parent":0,"menu_order":0,"comment_status":"closed","ping_status":"closed","template":"template-new-chemicals.php","meta":{"_acf_changed":false,"footnotes":""},"folder":[],"class_list":["post-18986","page","type-page","status-publish","hentry"],"acf":[],"yoast_head":"<!-- This site is optimized with the Yoast SEO Premium plugin v27.4 (Yoast SEO v27.4) - https:\/\/yoast.com\/product\/yoast-seo-premium-wordpress\/ -->\n<title>Liste neuer Chemieprodukte | Georganics<\/title>\n<meta name=\"description\" content=\"Liste neuer Produkte in chemischer Qualit\u00e4t. Wir bieten kundenspezifische Produktverpackungen, Just-in-Time-Lieferung und kundenspezifische Synthese f\u00fcr Ihre individuellen Forschungsanforderungen.\" \/>\n<meta name=\"robots\" content=\"index, follow, max-snippet:-1, max-image-preview:large, max-video-preview:-1\" \/>\n<link rel=\"canonical\" href=\"https:\/\/georganics.sk\/de\/new-chemical-products\/\" \/>\n<meta property=\"og:locale\" content=\"de_DE\" \/>\n<meta property=\"og:type\" content=\"article\" \/>\n<meta property=\"og:title\" content=\"Neue Chemikalien\" \/>\n<meta property=\"og:description\" content=\"Liste neuer Produkte in chemischer Qualit\u00e4t. Wir bieten kundenspezifische Produktverpackungen, Just-in-Time-Lieferung und kundenspezifische Synthese f\u00fcr Ihre individuellen Forschungsanforderungen.\" \/>\n<meta property=\"og:url\" content=\"https:\/\/georganics.sk\/de\/new-chemical-products\/\" \/>\n<meta property=\"og:site_name\" content=\"Georganics\" \/>\n<meta property=\"article:modified_time\" content=\"2021-10-29T12:20:21+00:00\" \/>\n<meta name=\"twitter:card\" content=\"summary_large_image\" \/>\n<script type=\"application\/ld+json\" class=\"yoast-schema-graph\">{\"@context\":\"https:\\\/\\\/schema.org\",\"@graph\":[{\"@type\":\"WebPage\",\"@id\":\"https:\\\/\\\/georganics.sk\\\/de\\\/new-chemical-products\\\/\",\"url\":\"https:\\\/\\\/georganics.sk\\\/de\\\/new-chemical-products\\\/\",\"name\":\"Liste neuer Chemieprodukte | Georganics\",\"isPartOf\":{\"@id\":\"https:\\\/\\\/georganics.sk\\\/de\\\/#website\"},\"datePublished\":\"2021-03-18T14:28:07+00:00\",\"dateModified\":\"2021-10-29T12:20:21+00:00\",\"description\":\"Liste neuer Produkte in chemischer Qualit\u00e4t. Wir bieten kundenspezifische Produktverpackungen, Just-in-Time-Lieferung und kundenspezifische Synthese f\u00fcr Ihre individuellen Forschungsanforderungen.\",\"breadcrumb\":{\"@id\":\"https:\\\/\\\/georganics.sk\\\/de\\\/new-chemical-products\\\/#breadcrumb\"},\"inLanguage\":\"de\",\"potentialAction\":[{\"@type\":\"ReadAction\",\"target\":[\"https:\\\/\\\/georganics.sk\\\/de\\\/new-chemical-products\\\/\"]}]},{\"@type\":\"BreadcrumbList\",\"@id\":\"https:\\\/\\\/georganics.sk\\\/de\\\/new-chemical-products\\\/#breadcrumb\",\"itemListElement\":[{\"@type\":\"ListItem\",\"position\":1,\"name\":\"Home page\",\"item\":\"https:\\\/\\\/georganics.sk\\\/de\\\/\"},{\"@type\":\"ListItem\",\"position\":2,\"name\":\"Neue Chemikalien\"}]},{\"@type\":\"WebSite\",\"@id\":\"https:\\\/\\\/georganics.sk\\\/de\\\/#website\",\"url\":\"https:\\\/\\\/georganics.sk\\\/de\\\/\",\"name\":\"Georganics\",\"description\":\"blog\",\"publisher\":{\"@id\":\"https:\\\/\\\/georganics.sk\\\/de\\\/#organization\"},\"potentialAction\":[{\"@type\":\"SearchAction\",\"target\":{\"@type\":\"EntryPoint\",\"urlTemplate\":\"https:\\\/\\\/georganics.sk\\\/de\\\/?s={search_term_string}\"},\"query-input\":{\"@type\":\"PropertyValueSpecification\",\"valueRequired\":true,\"valueName\":\"search_term_string\"}}],\"inLanguage\":\"de\"},{\"@type\":\"Organization\",\"@id\":\"https:\\\/\\\/georganics.sk\\\/de\\\/#organization\",\"name\":\"Georganics Ltd.\",\"url\":\"https:\\\/\\\/georganics.sk\\\/de\\\/\",\"logo\":{\"@type\":\"ImageObject\",\"inLanguage\":\"de\",\"@id\":\"https:\\\/\\\/georganics.sk\\\/de\\\/#\\\/schema\\\/logo\\\/image\\\/\",\"url\":\"https:\\\/\\\/georganics.sk\\\/wp-content\\\/uploads\\\/2021\\\/03\\\/georganics-logo.png\",\"contentUrl\":\"https:\\\/\\\/georganics.sk\\\/wp-content\\\/uploads\\\/2021\\\/03\\\/georganics-logo.png\",\"width\":382,\"height\":122,\"caption\":\"Georganics Ltd.\"},\"image\":{\"@id\":\"https:\\\/\\\/georganics.sk\\\/de\\\/#\\\/schema\\\/logo\\\/image\\\/\"}}]}<\/script>\n<!-- \/ Yoast SEO Premium plugin. -->","yoast_head_json":{"title":"Liste neuer Chemieprodukte | Georganics","description":"Liste neuer Produkte in chemischer Qualit\u00e4t. Wir bieten kundenspezifische Produktverpackungen, Just-in-Time-Lieferung und kundenspezifische Synthese f\u00fcr Ihre individuellen Forschungsanforderungen.","robots":{"index":"index","follow":"follow","max-snippet":"max-snippet:-1","max-image-preview":"max-image-preview:large","max-video-preview":"max-video-preview:-1"},"canonical":"https:\/\/georganics.sk\/de\/new-chemical-products\/","og_locale":"de_DE","og_type":"article","og_title":"Neue Chemikalien","og_description":"Liste neuer Produkte in chemischer Qualit\u00e4t. Wir bieten kundenspezifische Produktverpackungen, Just-in-Time-Lieferung und kundenspezifische Synthese f\u00fcr Ihre individuellen Forschungsanforderungen.","og_url":"https:\/\/georganics.sk\/de\/new-chemical-products\/","og_site_name":"Georganics","article_modified_time":"2021-10-29T12:20:21+00:00","twitter_card":"summary_large_image","schema":{"@context":"https:\/\/schema.org","@graph":[{"@type":"WebPage","@id":"https:\/\/georganics.sk\/de\/new-chemical-products\/","url":"https:\/\/georganics.sk\/de\/new-chemical-products\/","name":"Liste neuer Chemieprodukte | Georganics","isPartOf":{"@id":"https:\/\/georganics.sk\/de\/#website"},"datePublished":"2021-03-18T14:28:07+00:00","dateModified":"2021-10-29T12:20:21+00:00","description":"Liste neuer Produkte in chemischer Qualit\u00e4t. Wir bieten kundenspezifische Produktverpackungen, Just-in-Time-Lieferung und kundenspezifische Synthese f\u00fcr Ihre individuellen Forschungsanforderungen.","breadcrumb":{"@id":"https:\/\/georganics.sk\/de\/new-chemical-products\/#breadcrumb"},"inLanguage":"de","potentialAction":[{"@type":"ReadAction","target":["https:\/\/georganics.sk\/de\/new-chemical-products\/"]}]},{"@type":"BreadcrumbList","@id":"https:\/\/georganics.sk\/de\/new-chemical-products\/#breadcrumb","itemListElement":[{"@type":"ListItem","position":1,"name":"Home page","item":"https:\/\/georganics.sk\/de\/"},{"@type":"ListItem","position":2,"name":"Neue Chemikalien"}]},{"@type":"WebSite","@id":"https:\/\/georganics.sk\/de\/#website","url":"https:\/\/georganics.sk\/de\/","name":"Georganics","description":"blog","publisher":{"@id":"https:\/\/georganics.sk\/de\/#organization"},"potentialAction":[{"@type":"SearchAction","target":{"@type":"EntryPoint","urlTemplate":"https:\/\/georganics.sk\/de\/?s={search_term_string}"},"query-input":{"@type":"PropertyValueSpecification","valueRequired":true,"valueName":"search_term_string"}}],"inLanguage":"de"},{"@type":"Organization","@id":"https:\/\/georganics.sk\/de\/#organization","name":"Georganics Ltd.","url":"https:\/\/georganics.sk\/de\/","logo":{"@type":"ImageObject","inLanguage":"de","@id":"https:\/\/georganics.sk\/de\/#\/schema\/logo\/image\/","url":"https:\/\/georganics.sk\/wp-content\/uploads\/2021\/03\/georganics-logo.png","contentUrl":"https:\/\/georganics.sk\/wp-content\/uploads\/2021\/03\/georganics-logo.png","width":382,"height":122,"caption":"Georganics Ltd."},"image":{"@id":"https:\/\/georganics.sk\/de\/#\/schema\/logo\/image\/"}}]}},"_links":{"self":[{"href":"https:\/\/georganics.sk\/de\/wp-json\/wp\/v2\/pages\/18986","targetHints":{"allow":["GET"]}}],"collection":[{"href":"https:\/\/georganics.sk\/de\/wp-json\/wp\/v2\/pages"}],"about":[{"href":"https:\/\/georganics.sk\/de\/wp-json\/wp\/v2\/types\/page"}],"author":[{"embeddable":true,"href":"https:\/\/georganics.sk\/de\/wp-json\/wp\/v2\/users\/2"}],"replies":[{"embeddable":true,"href":"https:\/\/georganics.sk\/de\/wp-json\/wp\/v2\/comments?post=18986"}],"version-history":[{"count":0,"href":"https:\/\/georganics.sk\/de\/wp-json\/wp\/v2\/pages\/18986\/revisions"}],"wp:attachment":[{"href":"https:\/\/georganics.sk\/de\/wp-json\/wp\/v2\/media?parent=18986"}],"wp:term":[{"taxonomy":"folder","embeddable":true,"href":"https:\/\/georganics.sk\/de\/wp-json\/wp\/v2\/folder?post=18986"}],"curies":[{"name":"wp","href":"https:\/\/api.w.org\/{rel}","templated":true}]}}