{"id":18971,"date":"2021-03-18T15:01:35","date_gmt":"2021-03-18T14:01:35","guid":{"rendered":"https:\/\/georganics.sk\/chemical-products-categories\/"},"modified":"2025-06-03T14:56:53","modified_gmt":"2025-06-03T12:56:53","slug":"chemical-products-categories","status":"publish","type":"page","link":"https:\/\/georganics.sk\/de\/chemical-products-categories\/","title":{"rendered":"Chemikalien kategorien"},"content":{"rendered":"<p>Die Produktpalette des Unternehmens umfasst typische chemikalien kategorien wie <a href=\"https:\/\/georganics.sk\/de\/category\/isocyanate\/\">Isocyanate<\/a>, <a href=\"https:\/\/georganics.sk\/de\/category\/isothiocyanate-thiocyanate\/\">Isothiocyanate<\/a>, <a href=\"https:\/\/georganics.sk\/de\/category\/nitrile\/\">Nitrile<\/a>, Pyridine, Pyrimidine, Chinoline, Furane, Thiophene und viele andere Produkte. Sie k\u00f6nnen die verf\u00fcgbaren Verbindungen nach Produktkategorien durchsuchen.<\/p>\n<p>Bitte w\u00e4hlen Sie die erste Ebene der m\u00f6glichen chemikalien kategorien. Sie k\u00f6nnen eine oder mehrere Kategorien hinzuf\u00fcgen, wenn Sie eine spezifischere Verbindung ben\u00f6tigen. Unten auf der Seite finden Sie die Anzahl der Verbindungen, die Ihrer Auswahl entsprechen. Klicken Sie auf das Symbol \u201eProdukte anzeigen\u201c, um alle Verbindungen anzuzeigen. Alternativ k\u00f6nnen Sie bis zur zweiten Ebene nach unten scrollen und eine andere Option nach Ihren W\u00fcnschen ausw\u00e4hlen.<\/p>\n<p>Es gibt <strong>drei m\u00f6gliche Ebenen f\u00fcr die endg\u00fcltige Produktauswahl<\/strong>, die angezeigt werden.<\/p>\n","protected":false},"excerpt":{"rendered":"<p>Die Produktpalette des Unternehmens umfasst typische chemikalien kategorien wie Isocyanate, Isothiocyanate, Nitrile, Pyridine, Pyrimidine, Chinoline, Furane, Thiophene und viele andere Produkte. Sie k\u00f6nnen die verf\u00fcgbaren Verbindungen nach Produktkategorien durchsuchen. Bitte w\u00e4hlen Sie die erste Ebene der m\u00f6glichen chemikalien kategorien. Sie k\u00f6nnen eine oder mehrere Kategorien hinzuf\u00fcgen, wenn Sie eine spezifischere Verbindung ben\u00f6tigen. Unten auf der [&hellip;]<\/p>\n","protected":false},"author":2,"featured_media":0,"parent":0,"menu_order":0,"comment_status":"closed","ping_status":"closed","template":"template-categories.php","meta":{"_acf_changed":false,"footnotes":""},"folder":[],"class_list":["post-18971","page","type-page","status-publish","hentry"],"acf":[],"yoast_head":"<!-- This site is optimized with the Yoast SEO Premium plugin v27.4 (Yoast SEO v27.4) - https:\/\/yoast.com\/product\/yoast-seo-premium-wordpress\/ -->\n<title>Chemikalien kategorien | Georganics<\/title>\n<meta name=\"description\" content=\"Pr\u00e4sentation aller chemikalien kategorien und anderer Produkte unseres Sortiments. Klicken Sie auf unsere Seite, um mehr zu erfahren.\" \/>\n<meta name=\"robots\" content=\"index, follow, max-snippet:-1, max-image-preview:large, max-video-preview:-1\" \/>\n<link rel=\"canonical\" href=\"https:\/\/georganics.sk\/de\/chemical-products-categories\/\" \/>\n<meta property=\"og:locale\" content=\"de_DE\" \/>\n<meta property=\"og:type\" content=\"article\" \/>\n<meta property=\"og:title\" content=\"Chemikalien kategorien\" \/>\n<meta property=\"og:description\" content=\"Pr\u00e4sentation aller chemikalien kategorien und anderer Produkte unseres Sortiments. Klicken Sie auf unsere Seite, um mehr zu erfahren.\" \/>\n<meta property=\"og:url\" content=\"https:\/\/georganics.sk\/de\/chemical-products-categories\/\" \/>\n<meta property=\"og:site_name\" content=\"Georganics\" \/>\n<meta property=\"article:modified_time\" content=\"2025-06-03T12:56:53+00:00\" \/>\n<meta name=\"twitter:card\" content=\"summary_large_image\" \/>\n<meta name=\"twitter:label1\" content=\"Gesch\u00e4tzte Lesezeit\" \/>\n\t<meta name=\"twitter:data1\" content=\"1\u00a0Minute\" \/>\n<script type=\"application\/ld+json\" class=\"yoast-schema-graph\">{\"@context\":\"https:\\\/\\\/schema.org\",\"@graph\":[{\"@type\":\"WebPage\",\"@id\":\"https:\\\/\\\/georganics.sk\\\/de\\\/chemical-products-categories\\\/\",\"url\":\"https:\\\/\\\/georganics.sk\\\/de\\\/chemical-products-categories\\\/\",\"name\":\"Chemikalien kategorien | Georganics\",\"isPartOf\":{\"@id\":\"https:\\\/\\\/georganics.sk\\\/de\\\/#website\"},\"datePublished\":\"2021-03-18T14:01:35+00:00\",\"dateModified\":\"2025-06-03T12:56:53+00:00\",\"description\":\"Pr\u00e4sentation aller chemikalien kategorien und anderer Produkte unseres Sortiments. Klicken Sie auf unsere Seite, um mehr zu erfahren.\",\"breadcrumb\":{\"@id\":\"https:\\\/\\\/georganics.sk\\\/de\\\/chemical-products-categories\\\/#breadcrumb\"},\"inLanguage\":\"de\",\"potentialAction\":[{\"@type\":\"ReadAction\",\"target\":[\"https:\\\/\\\/georganics.sk\\\/de\\\/chemical-products-categories\\\/\"]}]},{\"@type\":\"BreadcrumbList\",\"@id\":\"https:\\\/\\\/georganics.sk\\\/de\\\/chemical-products-categories\\\/#breadcrumb\",\"itemListElement\":[{\"@type\":\"ListItem\",\"position\":1,\"name\":\"Home page\",\"item\":\"https:\\\/\\\/georganics.sk\\\/de\\\/\"},{\"@type\":\"ListItem\",\"position\":2,\"name\":\"Chemikalien kategorien\"}]},{\"@type\":\"WebSite\",\"@id\":\"https:\\\/\\\/georganics.sk\\\/de\\\/#website\",\"url\":\"https:\\\/\\\/georganics.sk\\\/de\\\/\",\"name\":\"Georganics\",\"description\":\"blog\",\"publisher\":{\"@id\":\"https:\\\/\\\/georganics.sk\\\/de\\\/#organization\"},\"potentialAction\":[{\"@type\":\"SearchAction\",\"target\":{\"@type\":\"EntryPoint\",\"urlTemplate\":\"https:\\\/\\\/georganics.sk\\\/de\\\/?s={search_term_string}\"},\"query-input\":{\"@type\":\"PropertyValueSpecification\",\"valueRequired\":true,\"valueName\":\"search_term_string\"}}],\"inLanguage\":\"de\"},{\"@type\":\"Organization\",\"@id\":\"https:\\\/\\\/georganics.sk\\\/de\\\/#organization\",\"name\":\"Georganics Ltd.\",\"url\":\"https:\\\/\\\/georganics.sk\\\/de\\\/\",\"logo\":{\"@type\":\"ImageObject\",\"inLanguage\":\"de\",\"@id\":\"https:\\\/\\\/georganics.sk\\\/de\\\/#\\\/schema\\\/logo\\\/image\\\/\",\"url\":\"https:\\\/\\\/georganics.sk\\\/wp-content\\\/uploads\\\/2021\\\/03\\\/georganics-logo.png\",\"contentUrl\":\"https:\\\/\\\/georganics.sk\\\/wp-content\\\/uploads\\\/2021\\\/03\\\/georganics-logo.png\",\"width\":382,\"height\":122,\"caption\":\"Georganics Ltd.\"},\"image\":{\"@id\":\"https:\\\/\\\/georganics.sk\\\/de\\\/#\\\/schema\\\/logo\\\/image\\\/\"}}]}<\/script>\n<!-- \/ Yoast SEO Premium plugin. -->","yoast_head_json":{"title":"Chemikalien kategorien | Georganics","description":"Pr\u00e4sentation aller chemikalien kategorien und anderer Produkte unseres Sortiments. Klicken Sie auf unsere Seite, um mehr zu erfahren.","robots":{"index":"index","follow":"follow","max-snippet":"max-snippet:-1","max-image-preview":"max-image-preview:large","max-video-preview":"max-video-preview:-1"},"canonical":"https:\/\/georganics.sk\/de\/chemical-products-categories\/","og_locale":"de_DE","og_type":"article","og_title":"Chemikalien kategorien","og_description":"Pr\u00e4sentation aller chemikalien kategorien und anderer Produkte unseres Sortiments. Klicken Sie auf unsere Seite, um mehr zu erfahren.","og_url":"https:\/\/georganics.sk\/de\/chemical-products-categories\/","og_site_name":"Georganics","article_modified_time":"2025-06-03T12:56:53+00:00","twitter_card":"summary_large_image","twitter_misc":{"Gesch\u00e4tzte Lesezeit":"1\u00a0Minute"},"schema":{"@context":"https:\/\/schema.org","@graph":[{"@type":"WebPage","@id":"https:\/\/georganics.sk\/de\/chemical-products-categories\/","url":"https:\/\/georganics.sk\/de\/chemical-products-categories\/","name":"Chemikalien kategorien | Georganics","isPartOf":{"@id":"https:\/\/georganics.sk\/de\/#website"},"datePublished":"2021-03-18T14:01:35+00:00","dateModified":"2025-06-03T12:56:53+00:00","description":"Pr\u00e4sentation aller chemikalien kategorien und anderer Produkte unseres Sortiments. Klicken Sie auf unsere Seite, um mehr zu erfahren.","breadcrumb":{"@id":"https:\/\/georganics.sk\/de\/chemical-products-categories\/#breadcrumb"},"inLanguage":"de","potentialAction":[{"@type":"ReadAction","target":["https:\/\/georganics.sk\/de\/chemical-products-categories\/"]}]},{"@type":"BreadcrumbList","@id":"https:\/\/georganics.sk\/de\/chemical-products-categories\/#breadcrumb","itemListElement":[{"@type":"ListItem","position":1,"name":"Home page","item":"https:\/\/georganics.sk\/de\/"},{"@type":"ListItem","position":2,"name":"Chemikalien kategorien"}]},{"@type":"WebSite","@id":"https:\/\/georganics.sk\/de\/#website","url":"https:\/\/georganics.sk\/de\/","name":"Georganics","description":"blog","publisher":{"@id":"https:\/\/georganics.sk\/de\/#organization"},"potentialAction":[{"@type":"SearchAction","target":{"@type":"EntryPoint","urlTemplate":"https:\/\/georganics.sk\/de\/?s={search_term_string}"},"query-input":{"@type":"PropertyValueSpecification","valueRequired":true,"valueName":"search_term_string"}}],"inLanguage":"de"},{"@type":"Organization","@id":"https:\/\/georganics.sk\/de\/#organization","name":"Georganics Ltd.","url":"https:\/\/georganics.sk\/de\/","logo":{"@type":"ImageObject","inLanguage":"de","@id":"https:\/\/georganics.sk\/de\/#\/schema\/logo\/image\/","url":"https:\/\/georganics.sk\/wp-content\/uploads\/2021\/03\/georganics-logo.png","contentUrl":"https:\/\/georganics.sk\/wp-content\/uploads\/2021\/03\/georganics-logo.png","width":382,"height":122,"caption":"Georganics Ltd."},"image":{"@id":"https:\/\/georganics.sk\/de\/#\/schema\/logo\/image\/"}}]}},"_links":{"self":[{"href":"https:\/\/georganics.sk\/de\/wp-json\/wp\/v2\/pages\/18971","targetHints":{"allow":["GET"]}}],"collection":[{"href":"https:\/\/georganics.sk\/de\/wp-json\/wp\/v2\/pages"}],"about":[{"href":"https:\/\/georganics.sk\/de\/wp-json\/wp\/v2\/types\/page"}],"author":[{"embeddable":true,"href":"https:\/\/georganics.sk\/de\/wp-json\/wp\/v2\/users\/2"}],"replies":[{"embeddable":true,"href":"https:\/\/georganics.sk\/de\/wp-json\/wp\/v2\/comments?post=18971"}],"version-history":[{"count":0,"href":"https:\/\/georganics.sk\/de\/wp-json\/wp\/v2\/pages\/18971\/revisions"}],"wp:attachment":[{"href":"https:\/\/georganics.sk\/de\/wp-json\/wp\/v2\/media?parent=18971"}],"wp:term":[{"taxonomy":"folder","embeddable":true,"href":"https:\/\/georganics.sk\/de\/wp-json\/wp\/v2\/folder?post=18971"}],"curies":[{"name":"wp","href":"https:\/\/api.w.org\/{rel}","templated":true}]}}